{"id":5927,"date":"2020-12-28T08:59:38","date_gmt":"2020-12-28T08:59:38","guid":{"rendered":"https:\/\/cofundi.com\/politique-de-confidentialite\/"},"modified":"2021-01-13T16:35:13","modified_gmt":"2021-01-13T16:35:13","slug":"politique-de-confidentialite","status":"publish","type":"page","link":"https:\/\/www.cofundi.com\/fr\/politique-de-confidentialite\/","title":{"rendered":"Politique de confidentialit\u00e9"},"content":{"rendered":"<div class=\"wpb-content-wrapper\"><p>[vc_row][vc_column][vc_column_text]<b>POLITIQUE DE CONFIDENTIALIT\u00c9<\/b><\/p>\n<p><span style=\"font-weight: 400;\">L\u2019objectif principal<\/span> <b>www.cofundi.com<\/b> la page Web est <span style=\"font-weight: 400;\">d\u2019informer les services et l\u2019activit\u00e9 de COFUNDI.<\/span>[\/vc_column_text][\/vc_column][\/vc_row][vc_row][vc_column]<div class=\"gem-table gem-table-responsive gem-table-style-3\"><table style=\"width: 577px; height: 189px;\">\n<thead>\n<tr>\n<th>\n<h6><b>Rubrique<\/b><\/h6>\n<\/th>\n<th>\n<h6><b>ENTIT\u00c9 D\u2019INFORMATION DE BASE<\/b><\/h6>\n<\/th>\n<\/tr>\n<\/thead>\n<tbody>\n<tr>\n<td><span style=\"font-weight: 400;\">Responsable<\/span><\/td>\n<td><span style=\"font-weight: 400;\">COFUNDI<\/span><\/td>\n<\/tr>\n<tr>\n<td><span style=\"font-weight: 400;\">But<\/span><\/td>\n<td><span style=\"font-weight: 400;\">Description simple des buts du traitement<\/span><\/td>\n<\/tr>\n<tr>\n<td><span style=\"font-weight: 400;\">L\u00e9gitimation<\/span><\/td>\n<td><span style=\"font-weight: 400;\">Consentement de l\u2019utilisateur<\/span><\/td>\n<\/tr>\n<tr>\n<td><span style=\"font-weight: 400;\">Destinataires<\/span><\/td>\n<td><span style=\"font-weight: 400;\">Aucune donn\u00e9e n\u2019est transf\u00e9r\u00e9e \u00e0 des tiers, sauf obligation l\u00e9gale<\/span><\/td>\n<\/tr>\n<tr>\n<td><span style=\"font-weight: 400;\">Droits<\/span><\/td>\n<td><span style=\"font-weight: 400;\">Exercice des droits en mati\u00e8re de protection des donn\u00e9es<\/span><\/td>\n<\/tr>\n<\/tbody>\n<\/table>\n<\/div>[\/vc_column][\/vc_row][vc_row][vc_column][vc_column_text]<b>D\u00c9VELOPPEMENT DE L\u2019INFORMATION DE BASE<\/b><\/p>\n<p><span style=\"font-weight: 400;\">Dans notre entit\u00e9, nous avons adapt\u00e9 nos protocoles et politiques de confidentialit\u00e9 au R\u00e8glement europ\u00e9en sur la protection des donn\u00e9es 679\/2016 (GDPR) et LO 3\/2018, du 5 d\u00e9cembre, sur la protection des donn\u00e9es personnelles et la garantie des droits num\u00e9riques, car nous sommes pr\u00e9occup\u00e9s par la s\u00e9curit\u00e9 et la protection des donn\u00e9es que nous traiterons.<\/span><\/p>\n<p><span style=\"font-weight: 400;\">Cette politique de confidentialit\u00e9 (ci-apr\u00e8s, la \u00ab politique de confidentialit\u00e9 \u00bb) s\u2019applique \u00e0 toutes les donn\u00e9es personnelles que vous fournissez \u00e0 notre entit\u00e9. Aux fins de la pr\u00e9sente politique de confidentialit\u00e9, toute personne naturelle int\u00e9ress\u00e9e par les produits et services offerts par COFUNDI S.L. par l\u2019entremise de son site Web doit \u00eatre comprise comme un \u00ab utilisateur \u00bb. Notre entit\u00e9, en tant que responsable du traitement, demandera, avant la fourniture de vos donn\u00e9es personnelles, le consentement expr\u00e8s de l\u2019utilisateur \u00e0 cette politique de confidentialit\u00e9, si n\u00e9cessaire et \u00e0 tout autre aspect qui n\u00e9cessite l\u2019autorisation pr\u00e9alable de la m\u00eame.<\/span><\/p>\n<p><span style=\"font-weight: 400;\">Le site Web de COFUNDI ne cible pas les enfants de moins de 18 ans. En acceptant cette politique de confidentialit\u00e9, l\u2019utilisateur d\u00e9clare et justifie qu\u2019il a plus de 18 ans.<\/span><\/p>\n<p><b>1.- QUI EST RESPONSABLE DU TRAITEMENT DES DONN\u00c9ES<\/b><\/p>\n<p><span style=\"font-weight: 400;\">COFUNDI., domicili\u00e9 \u00e0 <\/span><\/p>\n<p><span style=\"font-weight: 400;\">Ctra. Plentzia, PI Billela 9-11, 48100 MUNGIA (BIZKAIA)<\/span><span style=\"font-weight: 400;\">, <\/span><span style=\"font-weight: 400;\">est responsable du traitement correct de vos donn\u00e9es. Vous pouvez consulter \u00e0 propos de ce traitement par le biais de l\u2019e-mail suivant: <\/span><a href=\"mailto:info@cofundi.com\"><br \/>\n<span style=\"font-weight: 400;\">info@cofundi.com<\/span><br \/>\n<\/a><\/p>\n<p><b>2.- QUELLE EST LA BASE JURIDIQUE DU TRAITEMENT DES DONN\u00c9ES<\/b><\/p>\n<p><span style=\"font-weight: 400;\">L\u2019utilisation des donn\u00e9es que vous nous avez fournies par consentement, sauf indication contraire, est n\u00e9cessaire pour la bonne gestion des relations avec les utilisateurs et, en outre, pour \u00eatre en mesure de se conformer aux obligations l\u00e9gales. <\/span><br \/>\n<span style=\"font-weight: 400;\">COFUNDI ne peut pas enregistrer ceux qui ne fournissent pas les donn\u00e9es requises.<\/span><\/p>\n<p><span style=\"font-weight: 400;\">Vous devez remplir les formulaires avec des donn\u00e9es vraies, exactes et compl\u00e8tes, r\u00e9pondant \u00e0 tous les dommages qui peuvent \u00eatre caus\u00e9s en cas d\u2019ach\u00e8vement d\u00e9fectueux, avec des donn\u00e9es fausses, inexactes, incompl\u00e8tes ou p\u00e9rim\u00e9es.<\/span><\/p>\n<p><b>5.- FAIBLE AU SERVICE DE L\u2019ENVOI DE COMMUNICATIONS COMMERCIALES <\/b><\/p>\n<p><span style=\"font-weight: 400;\">L\u2019utilisateur a le droit de r\u00e9voquer \u00e0 tout moment le consentement donn\u00e9 pour l\u2019envoi de communications commerciales, y compris les bulletins d\u2019information, avec la simple notification \u00e0 COFUNDI par laquelle il informe qu\u2019il ne souhaite pas continuer \u00e0 recevoir des communications commerciales. Pour ce faire, l\u2019utilisateur peut soit r\u00e9voquer son consentement sous la forme d\u00e9crite, soit annuler l\u2019envoi de communications commerciales \u00e9lectroniques.<\/span><\/p>\n<p><b>6.- ACCEPTATION DE CES CONDITIONS<\/b><\/p>\n<p><span style=\"font-weight: 400;\">En utilisant ce site, nous supposons que vous avez lu ce document attentivement et que vous avez compris et suivi ses conseils. Dans le cas o\u00f9 l\u2019utilisateur n\u2019est pas d\u2019accord avec cette politique de protection des donn\u00e9es ou les conseils donn\u00e9s par elle, s\u2019il vous pla\u00eet ne pas utiliser notre site Web. Nous nous r\u00e9servons le droit de modifier cette condition d\u2019utilisation lorsque nous la jugeons n\u00e9cessaire. La continuit\u00e9 par l\u2019utilisateur dans l\u2019utilisation de ce site Web cofundi et d\u2019autres apr\u00e8s avoir apport\u00e9 de tels changements implique leur pleine acceptation.<\/span>[\/vc_column_text][\/vc_column][\/vc_row]<\/p>\n<\/div>","protected":false},"excerpt":{"rendered":"<p>[vc_row][vc_column][vc_column_text]POLITIQUE DE CONFIDENTIALIT\u00c9 L\u2019objectif principal www.cofundi.com la page Web est d\u2019informer les services et l\u2019activit\u00e9 de COFUNDI.[\/vc_column_text][\/vc_column][\/vc_row][vc_row][vc_column][\/vc_column][\/vc_row][vc_row][vc_column][vc_column_text]D\u00c9VELOPPEMENT DE L\u2019INFORMATION DE&#8230;<\/p>\n","protected":false},"author":6,"featured_media":0,"parent":0,"menu_order":0,"comment_status":"closed","ping_status":"closed","template":"","meta":{"_acf_changed":false,"footnotes":""},"class_list":["post-5927","page","type-page","status-publish"],"acf":[],"_hostinger_reach_plugin_has_subscription_block":false,"_hostinger_reach_plugin_is_elementor":false,"_links":{"self":[{"href":"https:\/\/www.cofundi.com\/fr\/wp-json\/wp\/v2\/pages\/5927","targetHints":{"allow":["GET"]}}],"collection":[{"href":"https:\/\/www.cofundi.com\/fr\/wp-json\/wp\/v2\/pages"}],"about":[{"href":"https:\/\/www.cofundi.com\/fr\/wp-json\/wp\/v2\/types\/page"}],"author":[{"embeddable":true,"href":"https:\/\/www.cofundi.com\/fr\/wp-json\/wp\/v2\/users\/6"}],"replies":[{"embeddable":true,"href":"https:\/\/www.cofundi.com\/fr\/wp-json\/wp\/v2\/comments?post=5927"}],"version-history":[{"count":0,"href":"https:\/\/www.cofundi.com\/fr\/wp-json\/wp\/v2\/pages\/5927\/revisions"}],"wp:attachment":[{"href":"https:\/\/www.cofundi.com\/fr\/wp-json\/wp\/v2\/media?parent=5927"}],"curies":[{"name":"wp","href":"https:\/\/api.w.org\/{rel}","templated":true}]}}