{"id":5860,"date":"2020-12-28T08:59:12","date_gmt":"2020-12-28T08:59:12","guid":{"rendered":"https:\/\/cofundi.com\/bureau-technique\/"},"modified":"2021-01-03T18:52:47","modified_gmt":"2021-01-03T18:52:47","slug":"bureau-technique","status":"publish","type":"page","link":"https:\/\/www.cofundi.com\/fr\/bureau-technique\/","title":{"rendered":"Bureau d&rsquo;\u00e9tude"},"content":{"rendered":"<div class=\"wpb-content-wrapper\"><p>[vc_row full_width=\u00a0\u00bbstretch_row\u00a0\u00bb css=\u00a0\u00bb.vc_custom_1599999579760{margin-bottom: 0px !important;}\u00a0\u00bb custom_css_code=\u00a0\u00bbLnF1aWNrZmluZGVyLWl0ZW0uZXZlbiUyMC5jb25uZWN0b3ItdG9wJTJDJTBBLnF1aWNrZmluZGVyLWl0ZW0uZXZlbiUyMC5jb25uZWN0b3ItYm90JTdCJTBBJTIwJTIwJTIwJTIwbGVmdCUzQSUyMC05MnB4JTIwJTIxaW1wb3J0YW50JTNCJTBBJTdEJTBBLnF1aWNrZmluZGVyLWl0ZW0ub2RkJTIwLmNvbm5lY3Rvci10b3AlMkMlMEEucXVpY2tmaW5kZXItaXRlbS5vZGQlMjAuY29ubmVjdG9yLWJvdCU3QiUwQSUyMCUyMCUyMCUyMHJpZ2h0JTNBJTIwLTkycHglMjAlMjFpbXBvcnRhbnQlM0IlMEElN0QlMEEucXVpY2tmaW5kZXItc3R5bGUtdmVydGljYWwlMjAucXVpY2tmaW5kZXItaXRlbS10aXRsZSU3QiUwQSUyMCUyMCUyMCUyMHBhZGRpbmctdG9wJTNBJTIwNjBweCUzQiUwQSU3RCUwQS5xdWlja2ZpbmRlci1zdHlsZS12ZXJ0aWNhbCUyMC5xdWlja2ZpbmRlci1pdGVtLXRleHQlN0IlMEElMjAlMjAlMjAlMjBwYWRkaW5nLWJvdHRvbSUzQSUyMDgwcHglM0IlMEElN0QlMEEucXVpY2tmaW5kZXItc3R5bGUtdmVydGljYWwtMSUyMC5xdWlja2ZpbmRlci1pdGVtLWluZm8lN0IlMEElMjAlMjAlMjAlMjBiYWNrZ3JvdW5kLWNvbG9yJTNBJTIwdHJhbnNwYXJlbnQlM0IlMEElN0QlMEEucXVpY2tmaW5kZXItc3R5bGUtdmVydGljYWwtMSUyMC5xdWlja2ZpbmRlci1pdGVtLm9kZCUyMC5xdWlja2ZpbmRlci1pdGVtLWluZm8td3JhcHBlciU3QiUwQSUyMCUyMCUyMCUyMHBhZGRpbmctcmlnaHQlM0ElMjAwJTNCJTBBJTdEJTBBLnF1aWNrZmluZGVyLXN0eWxlLXZlcnRpY2FsLTElMjAucXVpY2tmaW5kZXItaXRlbS5ldmVuJTIwLnF1aWNrZmluZGVyLWl0ZW0taW5mby13cmFwcGVyJTdCJTBBJTIwJTIwJTIwJTIwcGFkZGluZy1sZWZ0JTNBJTIwMCUzQiUwQSU3RCUwQS5xZi1zdmctYXJyb3ctbGVmdCUyQyUwQS5xZi1zdmctYXJyb3ctcmlnaHQlN0IlMEElMjAlMjAlMjAlMjBmaWxsJTNBJTIwdHJhbnNwYXJlbnQlMEElN0QlMEEucXVpY2tmaW5kZXItc3R5bGUtdmVydGljYWwlMjAuZ2VtLWljb24uZ2VtLWljb24tc2hhcGUtaGV4YWdvbiU3QiUwQSUyMCUyMCUyMCUyMGJveC1zaGFkb3clM0ElMjBub25lJTIwJTIxaW1wb3J0YW50JTNCJTBBJTdEJTBBLmdlbS1pY29uLXNpemUtbGFyZ2UlN0IlMEElMjAlMjAlMjAlMjBmb250LXNpemUlM0ElMjA2NHB4JTNCJTBBJTdE\u00a0\u00bb][vc_column css=\u00a0\u00bb.vc_custom_1528795460075{padding-top: 0px !important;}\u00a0\u00bb][vc_column_text css_animation=\u00a0\u00bbbottom-to-top\u00a0\u00bb]<\/p>\n<div class=\"title-h1\" style=\"text-align: center;\"><span style=\"color: #0f0f0f;\">BUREAU D&rsquo;\u00c9TUDE<\/span><\/div>\n<p>[\/vc_column_text]<div class=\"clearboth\"><\/div><style>#thegem-divider-6a04832811aff {margin-top: 80px !important;}<\/style><div id=\"thegem-divider-6a04832811aff\" class=\"gem-divider  \" style=\"\" ><\/div>[\/vc_column][\/vc_row][vc_row full_width=\u00a0\u00bbstretch_row\u00a0\u00bb equal_height=\u00a0\u00bbyes\u00a0\u00bb content_placement=\u00a0\u00bbtop\u00a0\u00bb css=\u00a0\u00bb.vc_custom_1599999667293{margin-bottom: 0px !important;padding-top: 0px !important;}\u00a0\u00bb custom_css_code=\u00a0\u00bbLmdlbS1xdW90ZS5nZW0tcXVvdGUtc3R5bGUtMi5nZW0tcXVvdGUtbm8tcGFkZGluZ3MlN0IlMEElMjAlMjAlMjAlMjAlMjBwYWRkaW5nLXJpZ2h0JTNBJTIwNDBweCUzQiUwQSU3RA==\u00a0\u00bb][vc_column css_animation=\u00a0\u00bbnone\u00a0\u00bb width=\u00a0\u00bb1\/3&Prime;]<div style='background-color: #0f0f0f; border-color: #f7f8f8; color: #ffffff; '  class=\"gem-quote gem-quote-style-3 gem-quote-no-paddings custom-color-blockqute-mark-added \" ><blockquote style='color: #ffffff ; border-color: #f7f8f8 ' ><br \/>\n<span style=\"color: #ffffff;\">Les id\u00e9es d\u2019un d\u00e9partement technique sont le moteur principal qui contribue \u00e0 g\u00e9n\u00e9rer une meilleure cr\u00e9ation<\/span><br \/>\n<\/blockquote><span style=color:#ff9900;  class=\"custom-color-blockqute-mark\">&#xe60c;<\/span><\/div>[\/vc_column][vc_column css_animation=\u00a0\u00bbnone\u00a0\u00bb width=\u00a0\u00bb2\/3&Prime;][vc_column_text]Vous n\u2019avez pas besoin de sous traiter une agence technique externe qui adapte vos plans \u00e0 la fonderie.<\/p>\n<p>Nous avons un bureau d&rsquo;\u00e9tude int\u00e9gr\u00e9, d\u00e9di\u00e9 au d\u00e9veloppement des moules et des outillages n\u00e9cessaires pour la production des pi\u00e8ces. Nous travaillons sur le design 3D, prenant en compte les dessins originaux.<\/p>\n<p>Avec notre bureau d&rsquo;\u00e9tude, nous pouvons :<\/p>\n<ul>\n<li>acc\u00e9l\u00e9rer le travail<\/li>\n<li>\u00e9viter la perte d\u2019informations en n\u2019ayant pas \u00e0 sous traiter des mod\u00e9listes externes<\/li>\n<li>am\u00e9liorer la communication entre vous et notre soci\u00e9t\u00e9<\/li>\n<li>apporter des changements plus rapides et faciles<\/li>\n<\/ul>\n<p>Une fois la conception finale du 3D est approuv\u00e9e par le client, la construction du mod\u00e8le ou de l\u2019outillage commence. Une simulation de coul\u00e9e et refroidissement est ensuite effectu\u00e9e avec le logiciel QuikCast.<\/p>\n<p>Le programme d\u00e9tecte avant la coul\u00e9e, des porosit\u00e9s ou manques de remplissage. Cela nous aide \u00e0 fabriquer le moule aux meilleures conditions pour obtenir les qualit\u00e9s m\u00e9caniques optimales.<\/p>\n<p>Notre personnel technique est \u00e9quip\u00e9 avec des programmes de conception graphique et de simulation les plus avanc\u00e9s et il est en contact permanent avec les diff\u00e9rents d\u00e9partements tels que la production et le commercial.[\/vc_column_text][\/vc_column][\/vc_row][vc_row css=\u00a0\u00bb.vc_custom_1599999444830{margin-bottom: 0px !important;padding-top: 20px !important;padding-bottom: 0px !important;}\u00a0\u00bb][vc_column]<style>.gem-gallery-grid#style-6a04832811de0 .gallery-item { padding: calc(42px\/2) !important; }.gem-gallery-grid#style-6a04832811de0 .gallery-set { margin-top: calc(-42px\/2); margin-bottom: calc(-42px\/2); }.gem-gallery-grid#style-6a04832811de0 .not-fullwidth-block .gallery-set, .gem-gallery-grid#style-6a04832811de0 .not-fullwidth-block .portfolio-item-size-container { margin-left: calc(-42px\/2); margin-right: calc(-42px\/2); }.gem-gallery-grid#style-6a04832811de0 .fullwidth-block { padding-left: calc(42px\/2); padding-right: calc(42px\/2); }.gem-gallery-grid#style-6a04832811de0 .portfolio-filters { text-align: center }<\/style><div id=\"style-preloader-6a04832811de0\" class=\"preloader save-space\"><div class=\"preloader-spin\"><\/div><\/div> <div class=\"gallery-preloader-wrapper\"> <div class=\"row\"> <div id=\"style-6a04832811de0\" class=\"gem-gallery-grid col-lg-12 col-md-12 col-sm-12 gallery-style-masonry hover-horizontal-sliding loading-animation item-animation-move-up gallery-items-masonry columns-3 columns-tablet-2 columns-mobile-1 gaps-margin \" data-hover=\"horizontal-sliding\" data-uid=\"6a04832811de0\" data-filter=\"[]\"> <div class=\"portfolio not-fullwidth-block \"> <ul class=\"gallery-set clearfix\" data-max-row-height=\"380\"> <li class=\"gallery-item gallery-0 col-xs-12 col-sm-6 col-md-4 item-animations-not-inited single-icon post-5860 page type-page status-publish\" style=\"\"> <div class=\"wrap gem-wrapbox-style-default\"> <div class=\"overlay-wrap\"> <div class=\"image-wrap \"> <picture> <img fetchpriority=\"high\" src=\"https:\/\/www.cofundi.com\/wp-content\/uploads\/2020\/02\/FotoJet-15_recortado.jpg\" width=\"456\" height=\"323\" class=\"attachment-thegem-portfolio-masonry\" alt=\"FotoJet (15)_recortado\" \/> <\/picture> <\/div> <div class=\"overlay \"> <div class=\"overlay-circle\"><\/div> <a href=\"https:\/\/www.cofundi.com\/wp-content\/uploads\/2020\/02\/FotoJet-15_recortado.jpg\" class=\"gallery-item-link fancy-gallery\" data-fancybox=\"gallery-6a04832811de0\" aria-label=\"Fullsize Image: FotoJet (15)_recortado\"> <span class=\"slide-info\"> <\/span> <\/a> <div class=\"overlay-content\"> <div class=\"overlay-content-center\"> <div class=\"overlay-content-inner\"> <a href=\"https:\/\/www.cofundi.com\/wp-content\/uploads\/2020\/02\/FotoJet-15_recortado.jpg\" class=\"icon photo \" aria-label=\"Fullsize Image: FotoJet (15)_recortado\"> <\/a> <div class=\"overlay-line\"><\/div> <\/div> <\/div> <\/div> <\/div> <\/div> <\/div> <\/li> <li class=\"gallery-item gallery-0 col-xs-12 col-sm-6 col-md-4 item-animations-not-inited single-icon post-5860 page type-page status-publish\" style=\"\"> <div class=\"wrap gem-wrapbox-style-default\"> <div class=\"overlay-wrap\"> <div class=\"image-wrap \"> <picture> <img src=\"https:\/\/www.cofundi.com\/wp-content\/uploads\/2020\/02\/FotoJet-17-thegem-portfolio-masonry.jpg\" width=\"754\" height=\"951\" class=\"attachment-thegem-portfolio-masonry\" alt=\"FotoJet (17)\" \/> <\/picture> <\/div> <div class=\"overlay \"> <div class=\"overlay-circle\"><\/div> <a href=\"https:\/\/www.cofundi.com\/wp-content\/uploads\/2020\/02\/FotoJet-17.jpg\" class=\"gallery-item-link fancy-gallery\" data-fancybox=\"gallery-6a04832811de0\" aria-label=\"Fullsize Image: FotoJet (17)\"> <span class=\"slide-info\"> <\/span> <\/a> <div class=\"overlay-content\"> <div class=\"overlay-content-center\"> <div class=\"overlay-content-inner\"> <a href=\"https:\/\/www.cofundi.com\/wp-content\/uploads\/2020\/02\/FotoJet-17.jpg\" class=\"icon photo \" aria-label=\"Fullsize Image: FotoJet (17)\"> <\/a> <div class=\"overlay-line\"><\/div> <\/div> <\/div> <\/div> <\/div> <\/div> <\/div> <\/li> <li class=\"gallery-item gallery-0 col-xs-12 col-sm-6 col-md-4 item-animations-not-inited single-icon post-5860 page type-page status-publish\" style=\"\"> <div class=\"wrap gem-wrapbox-style-default\"> <div class=\"overlay-wrap\"> <div class=\"image-wrap \"> <picture> <img src=\"https:\/\/www.cofundi.com\/wp-content\/uploads\/2020\/02\/FotoJet-18_recortado.jpg\" width=\"384\" height=\"389\" class=\"attachment-thegem-portfolio-masonry\" alt=\"FotoJet (18)_recortado\" \/> <\/picture> <\/div> <div class=\"overlay \"> <div class=\"overlay-circle\"><\/div> <a href=\"https:\/\/www.cofundi.com\/wp-content\/uploads\/2020\/02\/FotoJet-18_recortado.jpg\" class=\"gallery-item-link fancy-gallery\" data-fancybox=\"gallery-6a04832811de0\" aria-label=\"Fullsize Image: FotoJet (18)_recortado\"> <span class=\"slide-info\"> <\/span> <\/a> <div class=\"overlay-content\"> <div class=\"overlay-content-center\"> <div class=\"overlay-content-inner\"> <a href=\"https:\/\/www.cofundi.com\/wp-content\/uploads\/2020\/02\/FotoJet-18_recortado.jpg\" class=\"icon photo \" aria-label=\"Fullsize Image: FotoJet (18)_recortado\"> <\/a> <div class=\"overlay-line\"><\/div> <\/div> <\/div> <\/div> <\/div> <\/div> <\/div> <\/li> <li class=\"gallery-item gallery-0 col-xs-12 col-sm-6 col-md-4 item-animations-not-inited single-icon post-5860 page type-page status-publish\" style=\"\"> <div class=\"wrap gem-wrapbox-style-default\"> <div class=\"overlay-wrap\"> <div class=\"image-wrap \"> <picture> <img loading=\"lazy\" src=\"https:\/\/www.cofundi.com\/wp-content\/uploads\/2020\/02\/FotoJet-20.jpg\" width=\"363\" height=\"382\" class=\"attachment-thegem-portfolio-masonry\" alt=\"FotoJet (20)\" \/> <\/picture> <\/div> <div class=\"overlay \"> <div class=\"overlay-circle\"><\/div> <a href=\"https:\/\/www.cofundi.com\/wp-content\/uploads\/2020\/02\/FotoJet-20.jpg\" class=\"gallery-item-link fancy-gallery\" data-fancybox=\"gallery-6a04832811de0\" aria-label=\"Fullsize Image: FotoJet (20)\"> <span class=\"slide-info\"> <\/span> <\/a> <div class=\"overlay-content\"> <div class=\"overlay-content-center\"> <div class=\"overlay-content-inner\"> <a href=\"https:\/\/www.cofundi.com\/wp-content\/uploads\/2020\/02\/FotoJet-20.jpg\" class=\"icon photo \" aria-label=\"Fullsize Image: FotoJet (20)\"> <\/a> <div class=\"overlay-line\"><\/div> <\/div> <\/div> <\/div> <\/div> <\/div> <\/div> <\/li> <li class=\"gallery-item gallery-0 col-xs-12 col-sm-6 col-md-4 item-animations-not-inited single-icon post-5860 page type-page status-publish\" style=\"\"> <div class=\"wrap gem-wrapbox-style-default\"> <div class=\"overlay-wrap\"> <div class=\"image-wrap \"> <picture> <img loading=\"lazy\" src=\"https:\/\/www.cofundi.com\/wp-content\/uploads\/2020\/02\/FotoJet-16-thegem-portfolio-masonry.jpg\" width=\"754\" height=\"1005\" class=\"attachment-thegem-portfolio-masonry\" alt=\"FotoJet (16)\" \/> <\/picture> <\/div> <div class=\"overlay \"> <div class=\"overlay-circle\"><\/div> <a href=\"https:\/\/www.cofundi.com\/wp-content\/uploads\/2020\/02\/FotoJet-16.jpg\" class=\"gallery-item-link fancy-gallery\" data-fancybox=\"gallery-6a04832811de0\" aria-label=\"Fullsize Image: FotoJet (16)\"> <span class=\"slide-info\"> <\/span> <\/a> <div class=\"overlay-content\"> <div class=\"overlay-content-center\"> <div class=\"overlay-content-inner\"> <a href=\"https:\/\/www.cofundi.com\/wp-content\/uploads\/2020\/02\/FotoJet-16.jpg\" class=\"icon photo \" aria-label=\"Fullsize Image: FotoJet (16)\"> <\/a> <div class=\"overlay-line\"><\/div> <\/div> <\/div> <\/div> <\/div> <\/div> <\/div> <\/li> <li class=\"gallery-item gallery-0 col-xs-12 col-sm-6 col-md-4 item-animations-not-inited single-icon post-5860 page type-page status-publish\" style=\"\"> <div class=\"wrap gem-wrapbox-style-default\"> <div class=\"overlay-wrap\"> <div class=\"image-wrap \"> <picture> <img loading=\"lazy\" src=\"https:\/\/www.cofundi.com\/wp-content\/uploads\/2020\/02\/FotoJet-19-2-rotated-thegem-portfolio-masonry.jpg\" width=\"754\" height=\"936\" class=\"attachment-thegem-portfolio-masonry\" alt=\"FotoJet (19)\" \/> <\/picture> <\/div> <div class=\"overlay \"> <div class=\"overlay-circle\"><\/div> <a href=\"https:\/\/www.cofundi.com\/wp-content\/uploads\/2020\/02\/FotoJet-19-2-rotated.jpg\" class=\"gallery-item-link fancy-gallery\" data-fancybox=\"gallery-6a04832811de0\" aria-label=\"Fullsize Image: FotoJet (19)\"> <span class=\"slide-info\"> <\/span> <\/a> <div class=\"overlay-content\"> <div class=\"overlay-content-center\"> <div class=\"overlay-content-inner\"> <a href=\"https:\/\/www.cofundi.com\/wp-content\/uploads\/2020\/02\/FotoJet-19-2-rotated.jpg\" class=\"icon photo \" aria-label=\"Fullsize Image: FotoJet (19)\"> <\/a> <div class=\"overlay-line\"><\/div> <\/div> <\/div> <\/div> <\/div> <\/div> <\/div> <\/li> <\/ul> <div class=\"portfolio-item-size-container\"> <li class=\"gallery-item size-item col-xs-12 col-sm-6 col-md-4 post-5860 page type-page status-publish\" style=\"\"> <\/li> <\/div> <\/div> <\/div> <\/div> <\/div>[\/vc_column][\/vc_row]<\/p>\n<\/div>","protected":false},"excerpt":{"rendered":"<p>[vc_row full_width=\u00a0\u00bbstretch_row\u00a0\u00bb css=\u00a0\u00bb.vc_custom_1599999579760{margin-bottom: 0px !important;}\u00a0\u00bb custom_css_code=\u00a0\u00bbLnF1aWNrZmluZGVyLWl0ZW0uZXZlbiUyMC5jb25uZWN0b3ItdG9wJTJDJTBBLnF1aWNrZmluZGVyLWl0ZW0uZXZlbiUyMC5jb25uZWN0b3ItYm90JTdCJTBBJTIwJTIwJTIwJTIwbGVmdCUzQSUyMC05MnB4JTIwJTIxaW1wb3J0YW50JTNCJTBBJTdEJTBBLnF1aWNrZmluZGVyLWl0ZW0ub2RkJTIwLmNvbm5lY3Rvci10b3AlMkMlMEEucXVpY2tmaW5kZXItaXRlbS5vZGQlMjAuY29ubmVjdG9yLWJvdCU3QiUwQSUyMCUyMCUyMCUyMHJpZ2h0JTNBJTIwLTkycHglMjAlMjFpbXBvcnRhbnQlM0IlMEElN0QlMEEucXVpY2tmaW5kZXItc3R5bGUtdmVydGljYWwlMjAucXVpY2tmaW5kZXItaXRlbS10aXRsZSU3QiUwQSUyMCUyMCUyMCUyMHBhZGRpbmctdG9wJTNBJTIwNjBweCUzQiUwQSU3RCUwQS5xdWlja2ZpbmRlci1zdHlsZS12ZXJ0aWNhbCUyMC5xdWlja2ZpbmRlci1pdGVtLXRleHQlN0IlMEElMjAlMjAlMjAlMjBwYWRkaW5nLWJvdHRvbSUzQSUyMDgwcHglM0IlMEElN0QlMEEucXVpY2tmaW5kZXItc3R5bGUtdmVydGljYWwtMSUyMC5xdWlja2ZpbmRlci1pdGVtLWluZm8lN0IlMEElMjAlMjAlMjAlMjBiYWNrZ3JvdW5kLWNvbG9yJTNBJTIwdHJhbnNwYXJlbnQlM0IlMEElN0QlMEEucXVpY2tmaW5kZXItc3R5bGUtdmVydGljYWwtMSUyMC5xdWlja2ZpbmRlci1pdGVtLm9kZCUyMC5xdWlja2ZpbmRlci1pdGVtLWluZm8td3JhcHBlciU3QiUwQSUyMCUyMCUyMCUyMHBhZGRpbmctcmlnaHQlM0ElMjAwJTNCJTBBJTdEJTBBLnF1aWNrZmluZGVyLXN0eWxlLXZlcnRpY2FsLTElMjAucXVpY2tmaW5kZXItaXRlbS5ldmVuJTIwLnF1aWNrZmluZGVyLWl0ZW0taW5mby13cmFwcGVyJTdCJTBBJTIwJTIwJTIwJTIwcGFkZGluZy1sZWZ0JTNBJTIwMCUzQiUwQSU3RCUwQS5xZi1zdmctYXJyb3ctbGVmdCUyQyUwQS5xZi1zdmctYXJyb3ctcmlnaHQlN0IlMEElMjAlMjAlMjAlMjBmaWxsJTNBJTIwdHJhbnNwYXJlbnQlMEElN0QlMEEucXVpY2tmaW5kZXItc3R5bGUtdmVydGljYWwlMjAuZ2VtLWljb24uZ2VtLWljb24tc2hhcGUtaGV4YWdvbiU3QiUwQSUyMCUyMCUyMCUyMGJveC1zaGFkb3clM0ElMjBub25lJTIwJTIxaW1wb3J0YW50JTNCJTBBJTdEJTBBLmdlbS1pY29uLXNpemUtbGFyZ2UlN0IlMEElMjAlMjAlMjAlMjBmb250LXNpemUlM0ElMjA2NHB4JTNCJTBBJTdE\u00a0\u00bb][vc_column css=\u00a0\u00bb.vc_custom_1528795460075{padding-top: 0px !important;}\u00a0\u00bb][vc_column_text css_animation=\u00a0\u00bbbottom-to-top\u00a0\u00bb] BUREAU D&rsquo;\u00c9TUDE [\/vc_column_text][\/vc_column][\/vc_row][vc_row full_width=\u00a0\u00bbstretch_row\u00a0\u00bb equal_height=\u00a0\u00bbyes\u00a0\u00bb content_placement=\u00a0\u00bbtop\u00a0\u00bb css=\u00a0\u00bb.vc_custom_1599999667293{margin-bottom: 0px !important;padding-top: 0px&#8230;<\/p>\n","protected":false},"author":6,"featured_media":0,"parent":0,"menu_order":0,"comment_status":"closed","ping_status":"closed","template":"","meta":{"_acf_changed":false,"footnotes":""},"class_list":["post-5860","page","type-page","status-publish"],"acf":[],"_hostinger_reach_plugin_has_subscription_block":false,"_hostinger_reach_plugin_is_elementor":false,"_links":{"self":[{"href":"https:\/\/www.cofundi.com\/fr\/wp-json\/wp\/v2\/pages\/5860","targetHints":{"allow":["GET"]}}],"collection":[{"href":"https:\/\/www.cofundi.com\/fr\/wp-json\/wp\/v2\/pages"}],"about":[{"href":"https:\/\/www.cofundi.com\/fr\/wp-json\/wp\/v2\/types\/page"}],"author":[{"embeddable":true,"href":"https:\/\/www.cofundi.com\/fr\/wp-json\/wp\/v2\/users\/6"}],"replies":[{"embeddable":true,"href":"https:\/\/www.cofundi.com\/fr\/wp-json\/wp\/v2\/comments?post=5860"}],"version-history":[{"count":0,"href":"https:\/\/www.cofundi.com\/fr\/wp-json\/wp\/v2\/pages\/5860\/revisions"}],"wp:attachment":[{"href":"https:\/\/www.cofundi.com\/fr\/wp-json\/wp\/v2\/media?parent=5860"}],"curies":[{"name":"wp","href":"https:\/\/api.w.org\/{rel}","templated":true}]}}