{"id":5452,"date":"2020-12-28T08:38:43","date_gmt":"2020-12-28T08:38:43","guid":{"rendered":"https:\/\/cofundi.com\/coquilla-coquilla\/"},"modified":"2021-01-15T16:01:10","modified_gmt":"2021-01-15T16:01:10","slug":"coquille","status":"publish","type":"page","link":"https:\/\/www.cofundi.com\/fr\/coquille\/","title":{"rendered":"Coquille"},"content":{"rendered":"<div class=\"wpb-content-wrapper\"><p>[vc_row full_width=\u00a0\u00bbstretch_row\u00a0\u00bb css=\u00a0\u00bb.vc_custom_1599999579760{margin-bottom: 0px !important;}\u00a0\u00bb custom_css_code=\u00a0\u00bbLnF1aWNrZmluZGVyLWl0ZW0uZXZlbiUyMC5jb25uZWN0b3ItdG9wJTJDJTBBLnF1aWNrZmluZGVyLWl0ZW0uZXZlbiUyMC5jb25uZWN0b3ItYm90JTdCJTBBJTIwJTIwJTIwJTIwbGVmdCUzQSUyMC05MnB4JTIwJTIxaW1wb3J0YW50JTNCJTBBJTdEJTBBLnF1aWNrZmluZGVyLWl0ZW0ub2RkJTIwLmNvbm5lY3Rvci10b3AlMkMlMEEucXVpY2tmaW5kZXItaXRlbS5vZGQlMjAuY29ubmVjdG9yLWJvdCU3QiUwQSUyMCUyMCUyMCUyMHJpZ2h0JTNBJTIwLTkycHglMjAlMjFpbXBvcnRhbnQlM0IlMEElN0QlMEEucXVpY2tmaW5kZXItc3R5bGUtdmVydGljYWwlMjAucXVpY2tmaW5kZXItaXRlbS10aXRsZSU3QiUwQSUyMCUyMCUyMCUyMHBhZGRpbmctdG9wJTNBJTIwNjBweCUzQiUwQSU3RCUwQS5xdWlja2ZpbmRlci1zdHlsZS12ZXJ0aWNhbCUyMC5xdWlja2ZpbmRlci1pdGVtLXRleHQlN0IlMEElMjAlMjAlMjAlMjBwYWRkaW5nLWJvdHRvbSUzQSUyMDgwcHglM0IlMEElN0QlMEEucXVpY2tmaW5kZXItc3R5bGUtdmVydGljYWwtMSUyMC5xdWlja2ZpbmRlci1pdGVtLWluZm8lN0IlMEElMjAlMjAlMjAlMjBiYWNrZ3JvdW5kLWNvbG9yJTNBJTIwdHJhbnNwYXJlbnQlM0IlMEElN0QlMEEucXVpY2tmaW5kZXItc3R5bGUtdmVydGljYWwtMSUyMC5xdWlja2ZpbmRlci1pdGVtLm9kZCUyMC5xdWlja2ZpbmRlci1pdGVtLWluZm8td3JhcHBlciU3QiUwQSUyMCUyMCUyMCUyMHBhZGRpbmctcmlnaHQlM0ElMjAwJTNCJTBBJTdEJTBBLnF1aWNrZmluZGVyLXN0eWxlLXZlcnRpY2FsLTElMjAucXVpY2tmaW5kZXItaXRlbS5ldmVuJTIwLnF1aWNrZmluZGVyLWl0ZW0taW5mby13cmFwcGVyJTdCJTBBJTIwJTIwJTIwJTIwcGFkZGluZy1sZWZ0JTNBJTIwMCUzQiUwQSU3RCUwQS5xZi1zdmctYXJyb3ctbGVmdCUyQyUwQS5xZi1zdmctYXJyb3ctcmlnaHQlN0IlMEElMjAlMjAlMjAlMjBmaWxsJTNBJTIwdHJhbnNwYXJlbnQlMEElN0QlMEEucXVpY2tmaW5kZXItc3R5bGUtdmVydGljYWwlMjAuZ2VtLWljb24uZ2VtLWljb24tc2hhcGUtaGV4YWdvbiU3QiUwQSUyMCUyMCUyMCUyMGJveC1zaGFkb3clM0ElMjBub25lJTIwJTIxaW1wb3J0YW50JTNCJTBBJTdEJTBBLmdlbS1pY29uLXNpemUtbGFyZ2UlN0IlMEElMjAlMjAlMjAlMjBmb250LXNpemUlM0ElMjA2NHB4JTNCJTBBJTdE\u00a0\u00bb][vc_column css=\u00a0\u00bb.vc_custom_1528795460075{padding-top: 0px !important;}\u00a0\u00bb][vc_column_text css_animation=\u00a0\u00bbbottom-to-top\u00a0\u00bb]<\/p>\n<div class=\"title-h1\" style=\"text-align: center;\"><span style=\"color: #0f0f0f;\">Coquille<\/span><\/div>\n<p>[\/vc_column_text][\/vc_column][\/vc_row][vc_row content_placement=\u00a0\u00bbmiddle\u00a0\u00bb custom_css_code=\u00a0\u00bbLndwYl9jb2x1bW4lMjAudmNfY29sdW1uLWlubmVyJTIwJTdCJTBBJTIwJTIwJTIwJTIwYm9yZGVyLXJhZGl1cyUzQSUyMDIwcHglM0IlMEElN0Q=\u00a0\u00bb][vc_column]<div class=\"clearboth\"><\/div><style>#thegem-divider-6a04a8a6b9521 {margin-top: 40px !important;}<\/style><div id=\"thegem-divider-6a04a8a6b9521\" class=\"gem-divider  \" style=\"\" ><\/div>[\/vc_column][vc_column offset=\u00a0\u00bbvc_col-lg-6&Prime; css=\u00a0\u00bb.vc_custom_1600292189343{padding-top: 0px !important;padding-right: 40px !important;}\u00a0\u00bb][vc_column_text]<\/p>\n<div class=\"title-h1 title-h5 styled-subtitle small-body title-h6\">PROCESSUS DE FONDERIE EN MOULAGE COQUILLE<\/div>\n<p>Vous avez une r\u00e9f\u00e9rence avec une longue s\u00e9rie, avec une \u00e9paisseur minimum ou avez-vous besoin que vos pi\u00e8ces aient une finition plus lisse\u202f? Alors, nous recommandons la fonderie d&rsquo;aluminium par gravit\u00e9 en coquille. Le moule coquille est un moule m\u00e9tallique permanent avec une dur\u00e9e de vie plus longue. Avant la coul\u00e9e, nous assemblons les moules sur des tables hydrauliques et nous les chauffons pour qu&rsquo;ils soient pr\u00eats pour son utilisation. Un avantage de Cofundi est que nous travaillons \u00e0 trois \u00e9quipes, ce qui nous permet une coul\u00e9e continue. Cela nous fait gagner du temps et nous donne une plus grande capacit\u00e9 de coul\u00e9e. Nous coulons environs 300 et 15.000 pi\u00e8ces par mois, avec un poids de 0,05 et 35 kg. Nos cinq fours \u00e9lectriques avec d\u00e9gazage sont une autre caract\u00e9ristique de qualit\u00e9 pour Cofundi. Ces fours ont une capacit\u00e9 de 250 et 500 kg d&rsquo;aluminium et assurent une temp\u00e9rature continue.<\/p>\n<p>[\/vc_column_text][\/vc_column][vc_column css=\u00a0\u00bb.vc_custom_1608557308960{margin-right: 21px !important;margin-left: 21px !important;padding-top: 0px !important;background-image: url(https:\/\/cofundi.com\/wp-content\/uploads\/2020\/11\/FotoJet-8-scaled.jpg?id=4523) !important;background-position: center !important;background-repeat: no-repeat !important;background-size: cover !important;}\u00a0\u00bb offset=\u00a0\u00bbvc_col-lg-6&Prime;]<div class=\"clearboth\"><\/div><style>#thegem-divider-6a04a8a6b9579 {margin-bottom: 230px !important;}<\/style><div id=\"thegem-divider-6a04a8a6b9579\" class=\"gem-divider  \" style=\"\" ><\/div>[vc_single_image image=\u00a0\u00bb575&Prime; img_size=\u00a0\u00bbfull\u00a0\u00bb alignment=\u00a0\u00bbcenter\u00a0\u00bb onclick=\u00a0\u00bbcustom_link\u00a0\u00bb css_animation=\u00a0\u00bbbottom-to-top\u00a0\u00bb link=\u00a0\u00bbjavascript:;\u00a0\u00bb el_class=\u00a0\u00bbfancy\u00a0\u00bb][vc_raw_js]JTNDc2NyaXB0JTNFJTBBJTBBdmFyJTIwcmVhZHklMjAlM0QlMjAlMjhjYWxsYmFjayUyOSUyMCUzRCUzRSUyMCU3QiUwQSUwOWlmJTIwJTI4ZG9jdW1lbnQucmVhZHlTdGF0ZSUyMCUyMSUzRCUyMCUyMmxvYWRpbmclMjIlMjklMjBjYWxsYmFjayUyOCUyOSUzQiUwQSUwOWVsc2UlMjBkb2N1bWVudC5hZGRFdmVudExpc3RlbmVyJTI4JTIyRE9NQ29udGVudExvYWRlZCUyMiUyQyUyMGNhbGxiYWNrJTI5JTNCJTBBJTdEJTNCJTBBJTBBcmVhZHklMjglMjglMjklMjAlM0QlM0UlMjAlN0IlMEElMDlpZiUyMCUyOGRvY3VtZW50LnF1ZXJ5U2VsZWN0b3IlMjglMjIlMjN2Y19pbmxpbmUtZnJhbWUlMjIlMjklMjklMjByZXR1cm4lM0IlMEElMEElMDl2YXIlMjBlbGVtJTIwJTNEJTIwZG9jdW1lbnQucXVlcnlTZWxlY3RvciUyOCUyMi5mYW5jeSUyMGElMjIlMjklM0IlMEElMDllbGVtLnNldEF0dHJpYnV0ZSUyOCUyN2RhdGEtZmFuY3lib3glMjclMkMlMjAlMjclMjclMjklM0IlMEElMDklMEElMDllbGVtLnNldEF0dHJpYnV0ZSUyOCUyN2RhdGEtc3JjJTI3JTJDJTIwJTI3aHR0cHMlM0ElMkYlMkZ3d3cueW91dHViZS5jb20lMkZ3YXRjaCUzRnYlM0Q5bzRJYkF1MFRZOCUyNyUyOSUzQiUwQSU3RCUyOSUzQiUwQSUwQSUzQyUyRnNjcmlwdCUzRQ==[\/vc_raw_js]<div class=\"clearboth\"><\/div><style>#thegem-divider-6a04a8a6b95b3 {margin-top: 230px !important;}<\/style><div id=\"thegem-divider-6a04a8a6b95b3\" class=\"gem-divider  \" style=\"\" ><\/div>[\/vc_column][\/vc_row][vc_row content_placement=\u00a0\u00bbtop\u00a0\u00bb][vc_column width=\u00a0\u00bb1\/2&Prime;][vc_column_text]<\/p>\n<p><strong>Nos installations disposent aussi de :<\/strong><\/p>\n<ul>\n<li>3 fours de fusion \u00e0 gaz avec une capacit\u00e9 de 1.500 kg<\/li>\n<li>5 fours \u00e9lectriques d&rsquo;entretien avec une capacit\u00e9 de 250-500 kg<\/li>\n<li>8 coquilleuses horizontales<\/li>\n<li>5 coquilleuses verticales<\/li>\n<li>3 coquilleuses avec 3 ou plus axes<\/li>\n<\/ul>\n<p>[\/vc_column_text][\/vc_column][vc_column width=\u00a0\u00bb1\/2&Prime;][vc_column_text]<\/p>\n<p>Dans notre <strong>vid\u00e9o<\/strong>, nous expliquons exactement le processus de moulage par coquille. Regardez-le.<\/p>\n<p>[\/vc_column_text][\/vc_column][\/vc_row][vc_row full_width=\u00a0\u00bbstretch_row\u00a0\u00bb css=\u00a0\u00bb.vc_custom_1586773707314{margin-bottom: 0px !important;background-color: #f0f4f6 !important;}\u00a0\u00bb][vc_column]<div class=\"clearboth\"><\/div><style>#thegem-divider-6a04a8a6b95e9 {margin-top: 40px !important;}<\/style><div id=\"thegem-divider-6a04a8a6b95e9\" class=\"gem-divider  divider-hidden\" style=\"\" ><\/div>[vc_column_text css_animation=\u00a0\u00bbfadeIn\u00a0\u00bb]<\/p>\n<h2 style=\"text-align: center;\">NOS PROCESSUS<\/h2>\n<p>[\/vc_column_text][vc_column_text css_animation=\u00a0\u00bbbottom-to-top\u00a0\u00bb]<\/p>\n<h4 style=\"text-align: center;\">COQUILLE ET MOULAGE \u00c0 SABLE<\/h4>\n<p>[\/vc_column_text]<div class=\"clearboth\"><\/div><style>#thegem-divider-6a04a8a6b9615 {margin-top: 80px !important;}<\/style><div id=\"thegem-divider-6a04a8a6b9615\" class=\"gem-divider  divider-hidden\" style=\"\" ><\/div>[vc_row_inner equal_height=\u00a0\u00bbyes\u00a0\u00bb css=\u00a0\u00bb.vc_custom_1586773716241{margin-bottom: 0px !important;background-color: #ffffff !important;}\u00a0\u00bb][vc_column_inner width=\u00a0\u00bb1\/3&Prime; css=\u00a0\u00bb.vc_custom_1608556085048{margin-top: 0px !important;margin-bottom: 0px !important;padding-top: 0px !important;padding-bottom: 0px !important;background-image: url(https:\/\/cofundi.com\/wp-content\/uploads\/2020\/11\/FOTO2.jpg?id=4172) !important;background-position: center !important;background-repeat: no-repeat !important;background-size: cover !important;}\u00a0\u00bb]<div class=\"clearboth\"><\/div><style>#thegem-divider-6a04a8a6b963f {margin-top: 314px !important;}<\/style><div id=\"thegem-divider-6a04a8a6b963f\" class=\"gem-divider  \" style=\"\" ><\/div>[\/vc_column_inner][vc_column_inner width=\u00a0\u00bb1\/3&Prime; css=\u00a0\u00bb.vc_custom_1501671397901{margin-bottom: 0px !important;padding-bottom: 0px !important;background-color: #ffffff !important;}\u00a0\u00bb]<div class=\"clearboth\"><\/div><style>#thegem-divider-6a04a8a6b9664 {margin-top: 30px !important;}<\/style><div id=\"thegem-divider-6a04a8a6b9664\" class=\"gem-divider  \" style=\"\" ><\/div><div class=\"lazy-loading\" data-ll-item-delay=\"0\"><div class=\"gem-textbox  lazy-loading-item centered-box\"  data-ll-effect=\"move-up\" ><div class=\"gem-textbox-inner\" style=\"\"><div class=\"gem-textbox-content\" style=\"background-position: center top;padding-top: 20px;padding-bottom: 30px;\">[vc_column_text]<\/p>\n<h5 style=\"text-align: center;\">SABLE CHIMIQUE<\/h5>\n<p>[\/vc_column_text][vc_separator color=\u00a0\u00bbcustom\u00a0\u00bb border_width=\u00a0\u00bb3&Prime; el_width=\u00a0\u00bb30&Prime; accent_color=\u00a0\u00bb#ff9900&Prime;]<div class=\"clearboth\"><\/div><style>#thegem-divider-6a04a8a6b96fd {margin-top: 30px !important;}<\/style><div id=\"thegem-divider-6a04a8a6b96fd\" class=\"gem-divider  \" style=\"\" ><\/div>[vc_column_text]<\/p>\n<p style=\"text-align: center;\">La fonderie \u00e0 sable chimique est bas\u00e9e sur le principe de \u00ab moule sable perdu \u00bb avec un mod\u00e8le permanent de r\u00e9sine qui est principalement utilis\u00e9 pour des s\u00e9ries petites ou unitaires. Le processus du moulage \u00e0 sable chimique est manuel.<\/p>\n<p>[\/vc_column_text]<div class=\"clearboth\"><\/div><style>#thegem-divider-6a04a8a6b9729 {margin-top: 30px !important;}<\/style><div id=\"thegem-divider-6a04a8a6b9729\" class=\"gem-divider  \" style=\"\" ><\/div><style type=\"text\/css\">.thegem-button-6a04a8a6b97c33699 .gem-button svg {fill: #0f0f0f;}.thegem-button-6a04a8a6b97c33699 .gem-button:hover svg {fill: #ffffff;}<\/style><div class=\"gem-button-container gem-button-position-center thegem-button-6a04a8a6b97c33699    \"  ><a title=\"Arena Qu\u00edmica\" class=\"gem-button gem-button-size-small gem-button-style-outline gem-button-text-weight-normal gem-button-border-2\" data-ll-effect=\"drop-right-without-wrap\" style=\"border-radius: 0px;border-color: #0f0f0f;color: #0f0f0f;\" onmouseleave=\"this.style.borderColor=&#039;#0f0f0f&#039;;this.style.backgroundColor=&#039;transparent&#039;;this.style.color=&#039;#0f0f0f&#039;;\" onmouseenter=\"this.style.borderColor=&#039;#0f0f0f&#039;;this.style.backgroundColor=&#039;#0f0f0f&#039;;this.style.color=&#039;#ffffff&#039;;\" href=\"https:\/\/cofundi.com\/fr\/sable-chimique\/\" target=\"_self\" rel=\"nofollow noopener\">VOIR PLUS<\/a><\/div> <\/div><\/div><\/div><\/div>[\/vc_column_inner][vc_column_inner width=\u00a0\u00bb1\/3&Prime; css=\u00a0\u00bb.vc_custom_1608556111138{margin-top: 0px !important;margin-bottom: 0px !important;padding-top: 0px !important;padding-bottom: 0px !important;background-image: url(https:\/\/cofundi.com\/wp-content\/uploads\/2020\/11\/FOTO-4.jpg?id=4164) !important;background-position: center !important;background-repeat: no-repeat !important;background-size: cover !important;}\u00a0\u00bb]<div class=\"clearboth\"><\/div><style>#thegem-divider-6a04a8a6b9826 {margin-top: 314px !important;}<\/style><div id=\"thegem-divider-6a04a8a6b9826\" class=\"gem-divider  \" style=\"\" ><\/div>[\/vc_column_inner][\/vc_row_inner][vc_row_inner equal_height=\u00a0\u00bbyes\u00a0\u00bb css=\u00a0\u00bb.vc_custom_1586773721104{margin-bottom: 0px !important;background-color: #ffffff !important;}\u00a0\u00bb][vc_column_inner width=\u00a0\u00bb1\/3&Prime; css=\u00a0\u00bb.vc_custom_1501158866510{margin-bottom: 0px !important;padding-bottom: 0px !important;background-color: #ffffff !important;background-position: center !important;background-repeat: no-repeat !important;background-size: cover !important;}\u00a0\u00bb]<div class=\"clearboth\"><\/div><style>#thegem-divider-6a04a8a6b9860 {margin-top: 30px !important;}<\/style><div id=\"thegem-divider-6a04a8a6b9860\" class=\"gem-divider  \" style=\"\" ><\/div><div class=\"lazy-loading\" data-ll-item-delay=\"0\"><div class=\"gem-textbox  lazy-loading-item centered-box\"  data-ll-effect=\"move-up\" ><div class=\"gem-textbox-inner\" style=\"\"><div class=\"gem-textbox-content\" style=\"background-position: center top;padding-top: 20px;padding-bottom: 30px;\">[vc_column_text]<\/p>\n<h5 style=\"text-align: center;\">Coquille<\/h5>\n<p>[\/vc_column_text][vc_separator color=\u00a0\u00bbcustom\u00a0\u00bb border_width=\u00a0\u00bb3&Prime; el_width=\u00a0\u00bb30&Prime; accent_color=\u00a0\u00bb#ff9900&Prime;]<div class=\"clearboth\"><\/div><style>#thegem-divider-6a04a8a6b98bf {margin-top: 30px !important;}<\/style><div id=\"thegem-divider-6a04a8a6b98bf\" class=\"gem-divider  \" style=\"\" ><\/div>[vc_column_text]<\/p>\n<div class=\"wpb_text_column wpb_content_element \">\n<div class=\"wpb_wrapper\">\n<p style=\"text-align: center;\">Le moulage par coquille se caract\u00e9rise par l\u2019utilisation d\u2019un moule m\u00e9tallique. Ce moule m\u00e9tallique permanent permet une coul\u00e9e rapide, \u00e9conomique et de haute qualit\u00e9.<\/p>\n<\/div>\n<\/div>\n<p>[\/vc_column_text]<div class=\"clearboth\"><\/div><style>#thegem-divider-6a04a8a6b98dd {margin-top: 30px !important;}<\/style><div id=\"thegem-divider-6a04a8a6b98dd\" class=\"gem-divider  \" style=\"\" ><\/div><style type=\"text\/css\">.thegem-button-6a04a8a6b993f5411 .gem-button svg {fill: #0f0f0f;}.thegem-button-6a04a8a6b993f5411 .gem-button:hover svg {fill: #ffffff;}<\/style><div class=\"gem-button-container gem-button-position-center thegem-button-6a04a8a6b993f5411    \"  ><a title=\"Coquilla\" class=\"gem-button gem-button-size-small gem-button-style-outline gem-button-text-weight-normal gem-button-border-2\" data-ll-effect=\"drop-right-without-wrap\" style=\"border-radius: 0px;border-color: #0f0f0f;color: #0f0f0f;\" onmouseleave=\"this.style.borderColor=&#039;#0f0f0f&#039;;this.style.backgroundColor=&#039;transparent&#039;;this.style.color=&#039;#0f0f0f&#039;;\" onmouseenter=\"this.style.borderColor=&#039;#0f0f0f&#039;;this.style.backgroundColor=&#039;#0f0f0f&#039;;this.style.color=&#039;#ffffff&#039;;\" href=\"https:\/\/cofundi.com\/coquille\/\" target=\"_self\" rel=\"nofollow noopener\">VOIR PLUS<\/a><\/div> <\/div><\/div><\/div><\/div>[\/vc_column_inner][vc_column_inner width=\u00a0\u00bb1\/3&Prime; css=\u00a0\u00bb.vc_custom_1608556134587{margin-top: 0px !important;margin-bottom: 0px !important;padding-top: 0px !important;padding-bottom: 0px !important;background-image: url(https:\/\/cofundi.com\/wp-content\/uploads\/2020\/11\/FOTO-3.jpg?id=4160) !important;background-position: center !important;background-repeat: no-repeat !important;background-size: cover !important;}\u00a0\u00bb]<div class=\"clearboth\"><\/div><style>#thegem-divider-6a04a8a6b9975 {margin-top: 314px !important;}<\/style><div id=\"thegem-divider-6a04a8a6b9975\" class=\"gem-divider  \" style=\"\" ><\/div>[\/vc_column_inner][vc_column_inner width=\u00a0\u00bb1\/3&Prime; css=\u00a0\u00bb.vc_custom_1501158887719{margin-bottom: 0px !important;padding-bottom: 0px !important;background-color: #ffffff !important;background-position: center !important;background-repeat: no-repeat !important;background-size: cover !important;}\u00a0\u00bb]<div class=\"clearboth\"><\/div><style>#thegem-divider-6a04a8a6b9998 {margin-top: 30px !important;}<\/style><div id=\"thegem-divider-6a04a8a6b9998\" class=\"gem-divider  \" style=\"\" ><\/div><div class=\"lazy-loading\" data-ll-item-delay=\"0\"><div class=\"gem-textbox  lazy-loading-item centered-box\"  data-ll-effect=\"move-up\" ><div class=\"gem-textbox-inner\" style=\"\"><div class=\"gem-textbox-content\" style=\"background-position: center top;padding-top: 20px;padding-bottom: 30px;\">[vc_column_text]<\/p>\n<h5 style=\"text-align: center;\">Sable \u00c0 vert<\/h5>\n<p>[\/vc_column_text][vc_separator color=\u00a0\u00bbcustom\u00a0\u00bb border_width=\u00a0\u00bb3&Prime; el_width=\u00a0\u00bb30&Prime; accent_color=\u00a0\u00bb#ff9900&Prime;]<div class=\"clearboth\"><\/div><style>#thegem-divider-6a04a8a6b99f7 {margin-top: 30px !important;}<\/style><div id=\"thegem-divider-6a04a8a6b99f7\" class=\"gem-divider  \" style=\"\" ><\/div>[vc_column_text]<\/p>\n<div class=\"wpb_text_column wpb_content_element \">\n<div class=\"wpb_wrapper\">\n<p style=\"text-align: center;\">Le moulage sable \u00e0 vert se r\u00e9alise dans un carrousel automatis\u00e9. Le processus est automatis\u00e9 sur une bande. Ce processus est s\u00e9lectionn\u00e9 pour des pi\u00e8ces et s\u00e9ries moyennes<\/p>\n<\/div>\n<\/div>\n<p>[\/vc_column_text]<div class=\"clearboth\"><\/div><style>#thegem-divider-6a04a8a6b9a17 {margin-top: 30px !important;}<\/style><div id=\"thegem-divider-6a04a8a6b9a17\" class=\"gem-divider  \" style=\"\" ><\/div><style type=\"text\/css\">.thegem-button-6a04a8a6b9a6c8732 .gem-button svg {fill: #0f0f0f;}.thegem-button-6a04a8a6b9a6c8732 .gem-button:hover svg {fill: #ffffff;}<\/style><div class=\"gem-button-container gem-button-position-center thegem-button-6a04a8a6b9a6c8732    \"  ><a title=\"Arena verde\" class=\"gem-button gem-button-size-small gem-button-style-outline gem-button-text-weight-normal gem-button-border-2\" data-ll-effect=\"drop-right-without-wrap\" style=\"border-radius: 0px;border-color: #0f0f0f;color: #0f0f0f;\" onmouseleave=\"this.style.borderColor=&#039;#0f0f0f&#039;;this.style.backgroundColor=&#039;transparent&#039;;this.style.color=&#039;#0f0f0f&#039;;\" onmouseenter=\"this.style.borderColor=&#039;#0f0f0f&#039;;this.style.backgroundColor=&#039;#0f0f0f&#039;;this.style.color=&#039;#ffffff&#039;;\" href=\"https:\/\/cofundi.com\/fr\/sable-vert\/\" target=\"_self\" rel=\"nofollow noopener\">VOIR PLUS<\/a><\/div> <\/div><\/div><\/div><\/div>[\/vc_column_inner][\/vc_row_inner]<div class=\"clearboth\"><\/div><style>#thegem-divider-6a04a8a6b9aaa {margin-top: 80px !important;}<\/style><div id=\"thegem-divider-6a04a8a6b9aaa\" class=\"gem-divider  divider-hidden\" style=\"\" ><\/div>[\/vc_column][\/vc_row]<\/p>\n<\/div>","protected":false},"excerpt":{"rendered":"<p>[vc_row full_width=\u00a0\u00bbstretch_row\u00a0\u00bb css=\u00a0\u00bb.vc_custom_1599999579760{margin-bottom: 0px !important;}\u00a0\u00bb custom_css_code=\u00a0\u00bbLnF1aWNrZmluZGVyLWl0ZW0uZXZlbiUyMC5jb25uZWN0b3ItdG9wJTJDJTBBLnF1aWNrZmluZGVyLWl0ZW0uZXZlbiUyMC5jb25uZWN0b3ItYm90JTdCJTBBJTIwJTIwJTIwJTIwbGVmdCUzQSUyMC05MnB4JTIwJTIxaW1wb3J0YW50JTNCJTBBJTdEJTBBLnF1aWNrZmluZGVyLWl0ZW0ub2RkJTIwLmNvbm5lY3Rvci10b3AlMkMlMEEucXVpY2tmaW5kZXItaXRlbS5vZGQlMjAuY29ubmVjdG9yLWJvdCU3QiUwQSUyMCUyMCUyMCUyMHJpZ2h0JTNBJTIwLTkycHglMjAlMjFpbXBvcnRhbnQlM0IlMEElN0QlMEEucXVpY2tmaW5kZXItc3R5bGUtdmVydGljYWwlMjAucXVpY2tmaW5kZXItaXRlbS10aXRsZSU3QiUwQSUyMCUyMCUyMCUyMHBhZGRpbmctdG9wJTNBJTIwNjBweCUzQiUwQSU3RCUwQS5xdWlja2ZpbmRlci1zdHlsZS12ZXJ0aWNhbCUyMC5xdWlja2ZpbmRlci1pdGVtLXRleHQlN0IlMEElMjAlMjAlMjAlMjBwYWRkaW5nLWJvdHRvbSUzQSUyMDgwcHglM0IlMEElN0QlMEEucXVpY2tmaW5kZXItc3R5bGUtdmVydGljYWwtMSUyMC5xdWlja2ZpbmRlci1pdGVtLWluZm8lN0IlMEElMjAlMjAlMjAlMjBiYWNrZ3JvdW5kLWNvbG9yJTNBJTIwdHJhbnNwYXJlbnQlM0IlMEElN0QlMEEucXVpY2tmaW5kZXItc3R5bGUtdmVydGljYWwtMSUyMC5xdWlja2ZpbmRlci1pdGVtLm9kZCUyMC5xdWlja2ZpbmRlci1pdGVtLWluZm8td3JhcHBlciU3QiUwQSUyMCUyMCUyMCUyMHBhZGRpbmctcmlnaHQlM0ElMjAwJTNCJTBBJTdEJTBBLnF1aWNrZmluZGVyLXN0eWxlLXZlcnRpY2FsLTElMjAucXVpY2tmaW5kZXItaXRlbS5ldmVuJTIwLnF1aWNrZmluZGVyLWl0ZW0taW5mby13cmFwcGVyJTdCJTBBJTIwJTIwJTIwJTIwcGFkZGluZy1sZWZ0JTNBJTIwMCUzQiUwQSU3RCUwQS5xZi1zdmctYXJyb3ctbGVmdCUyQyUwQS5xZi1zdmctYXJyb3ctcmlnaHQlN0IlMEElMjAlMjAlMjAlMjBmaWxsJTNBJTIwdHJhbnNwYXJlbnQlMEElN0QlMEEucXVpY2tmaW5kZXItc3R5bGUtdmVydGljYWwlMjAuZ2VtLWljb24uZ2VtLWljb24tc2hhcGUtaGV4YWdvbiU3QiUwQSUyMCUyMCUyMCUyMGJveC1zaGFkb3clM0ElMjBub25lJTIwJTIxaW1wb3J0YW50JTNCJTBBJTdEJTBBLmdlbS1pY29uLXNpemUtbGFyZ2UlN0IlMEElMjAlMjAlMjAlMjBmb250LXNpemUlM0ElMjA2NHB4JTNCJTBBJTdE\u00a0\u00bb][vc_column css=\u00a0\u00bb.vc_custom_1528795460075{padding-top: 0px !important;}\u00a0\u00bb][vc_column_text css_animation=\u00a0\u00bbbottom-to-top\u00a0\u00bb] Coquille [\/vc_column_text][\/vc_column][\/vc_row][vc_row content_placement=\u00a0\u00bbmiddle\u00a0\u00bb custom_css_code=\u00a0\u00bbLndwYl9jb2x1bW4lMjAudmNfY29sdW1uLWlubmVyJTIwJTdCJTBBJTIwJTIwJTIwJTIwYm9yZGVyLXJhZGl1cyUzQSUyMDIwcHglM0IlMEElN0Q=\u00a0\u00bb][vc_column][\/vc_column][vc_column offset=\u00a0\u00bbvc_col-lg-6&Prime; css=\u00a0\u00bb.vc_custom_1600292189343{padding-top: 0px !important;padding-right: 40px !important;}\u00a0\u00bb][vc_column_text]&#8230;<\/p>\n","protected":false},"author":6,"featured_media":0,"parent":0,"menu_order":0,"comment_status":"closed","ping_status":"closed","template":"","meta":{"_acf_changed":false,"footnotes":""},"class_list":["post-5452","page","type-page","status-publish"],"acf":[],"_hostinger_reach_plugin_has_subscription_block":false,"_hostinger_reach_plugin_is_elementor":false,"_links":{"self":[{"href":"https:\/\/www.cofundi.com\/fr\/wp-json\/wp\/v2\/pages\/5452","targetHints":{"allow":["GET"]}}],"collection":[{"href":"https:\/\/www.cofundi.com\/fr\/wp-json\/wp\/v2\/pages"}],"about":[{"href":"https:\/\/www.cofundi.com\/fr\/wp-json\/wp\/v2\/types\/page"}],"author":[{"embeddable":true,"href":"https:\/\/www.cofundi.com\/fr\/wp-json\/wp\/v2\/users\/6"}],"replies":[{"embeddable":true,"href":"https:\/\/www.cofundi.com\/fr\/wp-json\/wp\/v2\/comments?post=5452"}],"version-history":[{"count":0,"href":"https:\/\/www.cofundi.com\/fr\/wp-json\/wp\/v2\/pages\/5452\/revisions"}],"wp:attachment":[{"href":"https:\/\/www.cofundi.com\/fr\/wp-json\/wp\/v2\/media?parent=5452"}],"curies":[{"name":"wp","href":"https:\/\/api.w.org\/{rel}","templated":true}]}}