{"id":5391,"date":"2020-12-28T08:33:54","date_gmt":"2020-12-28T08:33:54","guid":{"rendered":"https:\/\/cofundi.com\/qualite\/"},"modified":"2021-01-03T16:28:21","modified_gmt":"2021-01-03T16:28:21","slug":"qualite","status":"publish","type":"page","link":"https:\/\/www.cofundi.com\/fr\/qualite\/","title":{"rendered":"Qualit\u00e9"},"content":{"rendered":"<div class=\"wpb-content-wrapper\"><p>[vc_row][vc_column][vc_column_text]<\/p>\n<div class=\"title-h1\" style=\"text-align: center;\">Contr\u00f4les DE QUALIT\u00c9<\/div>\n<p>[\/vc_column_text][\/vc_column][\/vc_row][vc_row el_class=\u00a0\u00bbcalidad-cita\u00a0\u00bb][vc_column][vc_column_text]Un petit d\u00e9faut peut avoir de graves cons\u00e9quences pour le processus ult\u00e9rieur de la pi\u00e8ce.<\/p>\n<p>Afin d\u2019assurer et de r\u00e9pondre \u00e0 notre norme de haute qualit\u00e9, nous contr\u00f4lons nos supports de production, nos mati\u00e8res premi\u00e8res et nos pi\u00e8ces fondues en permanence tout au long du processus de transformation, en utilisant un large \u00e9ventail de proc\u00e9dures.[\/vc_column_text][\/vc_column][\/vc_row][vc_row][vc_column width=\u00a0\u00bb1\/2&Prime;][vc_column_text]<\/p>\n<div class=\"title-h4\" style=\"text-align: center;\"><strong>Contr\u00f4les avant de fondre<\/strong>:<\/div>\n<p>[\/vc_column_text][\/vc_column][vc_column width=\u00a0\u00bb1\/2&Prime;][vc_column_text]<\/p>\n<div class=\"title-h3 title-h4\" style=\"text-align: center;\"><strong>Contr\u00f4les apr\u00e8s coul\u00e9e :<\/strong><\/div>\n<p>[\/vc_column_text][\/vc_column][\/vc_row][vc_row custom_css_code=\u00a0\u00bbLnZjX3R0YS1jb2xvci1ibGFjay52Y190dGEtc3R5bGUtZmxhdCUyMC52Y190dGEtcGFuZWwudmNfYWN0aXZlJTIwLnZjX3R0YS1wYW5lbC10aXRsZSUzRWElMjAlN0IlMEElMjAlMjAlMjAlMjBjb2xvciUzQSUyMCUyM2ZmZiUyMCUyMWltcG9ydGFudCUzQiUwQSUyMCUyMCUyMCUyMGZvbnQtc2l6ZSUzQSUyMDE0cHglMjAlMjFpbXBvcnRhbnQlM0IlMEElN0QlMEEudmNfdHRhLWNvbG9yLWJsYWNrLnZjX3R0YS1zdHlsZS1mbGF0JTIwLnZjX3R0YS1wYW5lbCUyMC52Y190dGEtcGFuZWwtaGVhZGluZyUyMCU3QiUwQSUyMCUyMCUyMCUyMGJhY2tncm91bmQtY29sb3IlM0ElMjB0cmFuc3BhcmVudCUyMCUyMWltcG9ydGFudCUzQiUwQSU3RCUwQS52Y190dGEtY29sb3ItYmxhY2sudmNfdHRhLXN0eWxlLWZsYXQlMjAudmNfdHRhLXBhbmVsJTIwLnZjX3R0YS1wYW5lbC10aXRsZSUzRWElMjAlN0IlMEElMjAlMjAlMjAlMjBjb2xvciUzQSUyMCUyMzBmMGYwZiUyMCUyMWltcG9ydGFudCUzQiUwQSUyMCUyMCUyMCUyMGJvcmRlciUzQSUyMDFweCUyMHNvbGlkJTIwJTIzMGYwZjBmJTIwJTIxaW1wb3J0YW50JTNCJTBBJTIwJTIwJTIwJTIwZm9udC1zaXplJTNBJTIwMTRweCUyMCUyMWltcG9ydGFudCUzQiUwQSU3RCUwQS52Y190dGEtY29sb3ItYmxhY2sudmNfdHRhLXN0eWxlLWZsYXQlMjAudmNfdHRhLXBhbmVsLnZjX2FjdGl2ZSUyMC52Y190dGEtcGFuZWwtdGl0bGUlM0VhJTIwJTdCJTBBJTIwJTIwJTIwJTIwYmFja2dyb3VuZCUzQSUyMCUyMzBmMGYwZiUyMCUyMWltcG9ydGFudCUzQiUwQSU3RCUwQS52Y190dGEudmNfZ2VuZXJhbCUyMC52Y190dGEtcGFuZWwudmNfYWN0aXZlJTIwLnZjX3R0YS1wYW5lbC1ib2R5JTIwJTdCJTBBJTIwJTIwJTIwJTIwYm9yZGVyJTNBJTIwMXB4JTIwc29saWQlMjAlMjMwZjBmMGYlMjAlMjFpbXBvcnRhbnQlM0IlMEElN0Q=\u00a0\u00bb][vc_column width=\u00a0\u00bb1\/2&Prime;][vc_tta_accordion style=\u00a0\u00bbflat\u00a0\u00bb shape=\u00a0\u00bbsquare\u00a0\u00bb color=\u00a0\u00bbgrey\u00a0\u00bb spacing=\u00a0\u00bb10&Prime; gap=\u00a0\u00bb10&Prime; c_icon=\u00a0\u00bbsolid_squared\u00a0\u00bb c_position=\u00a0\u00bbright\u00a0\u00bb active_section=\u00a0\u00bb\u00a0\u00bb no_fill=\u00a0\u00bbtrue\u00a0\u00bb collapsible_all=\u00a0\u00bbtrue\u00a0\u00bb][vc_tta_section title=\u00a0\u00bbContr\u00f4le de la qualit\u00e9 dans les mati\u00e8res premi\u00e8res\u00a0\u00bb tab_id=\u00a0\u00bb1607607139173-a56638ca-dd42&Prime;][vc_row_inner][vc_column_inner][vc_column_text]Lorsque nous recevons les mati\u00e8res premi\u00e8res, nous les v\u00e9rifions directement \u00e0 l\u2019aide d\u2019un spectrom\u00e8tre pour d\u00e9tecter toute impuret\u00e9.[\/vc_column_text][\/vc_column_inner][\/vc_row_inner][\/vc_tta_section][vc_tta_section title=\u00a0\u00bbContr\u00f4le de l\u2019humidit\u00e9, de la duret\u00e9 et de la r\u00e9sistance du sable.\u00a0\u00bb tab_id=\u00a0\u00bb1607607139231-d2409a67-ec2f\u00a0\u00bb][vc_row_inner][vc_column_inner][vc_column_text]De sorte que les moules tiennent et ne se cassent pas pendant le processus de coul\u00e9e mesurent \u00e0 la fois l\u2019humidit\u00e9 avec une \u00e9chelle sp\u00e9ciale, qui est capable, de s\u00e9cher le sable, apr\u00e8s l\u2019avoir mesur\u00e9 comme duret\u00e9 et durabilit\u00e9.<\/p>\n<p>Pour ce faire, nous formons un cylindre avec le sable et appuyez dessus avec une machine constante jusqu\u2019\u00e0 ce que le sable soit d\u00e9fait.[\/vc_column_text][\/vc_column_inner][\/vc_row_inner][\/vc_tta_section][vc_tta_section title=\u00a0\u00bbMesure de la densit\u00e9 de l\u2019aluminium\u00a0\u00bb tab_id=\u00a0\u00bb1607611965575-26cb4bbc-c4a2&Prime;][vc_row_inner][vc_column_inner][vc_column_text]Avec le dispositif de mesure de densit\u00e9, nous testons dans un \u00e9chantillon le volume de gaz dans l\u2019aluminium. La pi\u00e8ce devrait avoir une densit\u00e9 de 2,7[\/vc_column_text][\/vc_column_inner][\/vc_row_inner][\/vc_tta_section][vc_tta_section title=\u00a0\u00bbAnalyse spectrale\u00a0\u00bb tab_id=\u00a0\u00bb1607612014177-5c70653c-1a25&Prime;][vc_row_inner][vc_column_inner][vc_column_text]Ce contr\u00f4le est tr\u00e8s important, pour d\u00e9couvrir la composition de l\u2019alliage fondu. Pour cela, nous utilisons le spectrom\u00e8tre.<\/p>\n<p>Nous analysons les donn\u00e9es et pr\u00e9parons un rapport num\u00e9rique, que nous pouvons vous envoyer.[\/vc_column_text][\/vc_column_inner][\/vc_row_inner][\/vc_tta_section][vc_tta_section title=\u00a0\u00bbTest de traction\u00a0\u00bb tab_id=\u00a0\u00bb1607612057699-56aff486-e0c5&Prime;][vc_row_inner][vc_column_inner][vc_column_text]Le test peut \u00eatre effectu\u00e9 \u00e0 la fois avec un sp\u00e9cimen et un moulage trait\u00e9.<\/p>\n<p>Nous v\u00e9rifions les propri\u00e9t\u00e9s m\u00e9caniques de la pi\u00e8ce avec une machine sp\u00e9ciale, qui tire les deux parties jusqu\u2019\u00e0 ce qu\u2019elle se brise et nous montre l\u2019allongement, la force de traction et la charge de rupture.<\/p>\n<p>Toutes les v\u00e9rifications sont enregistr\u00e9es en d\u00e9tail dans des fiches de donn\u00e9es internes afin que nous puissions suivre vos sp\u00e9cifications plus facilement et plus rapidement.[\/vc_column_text][\/vc_column_inner][\/vc_row_inner][\/vc_tta_section][\/vc_tta_accordion][\/vc_column][vc_column width=\u00a0\u00bb1\/2&Prime;][vc_tta_accordion style=\u00a0\u00bbflat\u00a0\u00bb shape=\u00a0\u00bbsquare\u00a0\u00bb color=\u00a0\u00bbgrey\u00a0\u00bb spacing=\u00a0\u00bb10&Prime; gap=\u00a0\u00bb10&Prime; c_icon=\u00a0\u00bbsolid_squared\u00a0\u00bb c_position=\u00a0\u00bbright\u00a0\u00bb active_section=\u00a0\u00bb\u00a0\u00bb no_fill=\u00a0\u00bbtrue\u00a0\u00bb collapsible_all=\u00a0\u00bbtrue\u00a0\u00bb][vc_tta_section title=\u00a0\u00bbTest de duret\u00e9\u00a0\u00bb tab_id=\u00a0\u00bb1607607156818-1b50e1f5-a0b3&Prime;][vc_row_inner][vc_column_inner][vc_column_text]Apr\u00e8s le traitement thermique, qui est effectu\u00e9 \u00e0 la demande du client et dans l\u2019entreprise elle-m\u00eame, nous v\u00e9rifions la duret\u00e9 des pi\u00e8ces avec deux appareils diff\u00e9rents. L\u2019un est manuel et l\u2019autre est fix\u00e9. Nous effectuons des tests manuels sur des pi\u00e8ces grandes et lourdes.[\/vc_column_text][\/vc_column_inner][\/vc_row_inner][\/vc_tta_section][vc_tta_section title=\u00a0\u00bbRayons X\u00a0\u00bb tab_id=\u00a0\u00bb1607607156890-0a9aa9b5-980b\u00a0\u00bb][vc_row_inner][vc_column_inner][vc_column_text]Une de nos m\u00e9thodes d\u2019inspection non destructives est fluoroscopique. C\u2019est l\u00e0 que les pi\u00e8ces entrent dans une cam\u00e9ra \u00e0 rayons X. Cette cam\u00e9ra nous donne des enregistrements pour 100% de contr\u00f4le de la pi\u00e8ce. Il nous donne \u00e9galement la possibilit\u00e9 de vous envoyer ces images. Plus de d\u00e9tails sur ce processus peuvent \u00eatre trouv\u00e9s <a href=\"https:\/\/cofundi.com\/fr\/rayons-x\/\" rel=\"nofollow noopener\" target=\"_blank\">sur notre page de radiographie.<\/a>[\/vc_column_text][\/vc_column_inner][\/vc_row_inner][\/vc_tta_section][vc_tta_section title=\u00a0\u00bbInspection avec des liquides p\u00e9n\u00e9trants\u00a0\u00bb tab_id=\u00a0\u00bb1607612245848-6f1998ef-7d97&Prime;][vc_row_inner][vc_column_inner][vc_column_text]Les liquides p\u00e9n\u00e9trants appartiennent \u00e9galement \u00e0 des inspections non destructives.<\/p>\n<p>C\u2019est un spray, pour d\u00e9couvrir et voir les porosit\u00e9s dans la pi\u00e8ce. Nous recommandons ce contr\u00f4le pas sur la partie brute, comme la rugosit\u00e9 de la pi\u00e8ce peut nous l\u2019indiquer seul. Mais nous vous recommandons de l\u2019adapter dans la partie finie et usin\u00e9e.[\/vc_column_text][\/vc_column_inner][\/vc_row_inner][\/vc_tta_section][vc_tta_section title=\u00a0\u00bbNum\u00e9risation avec le bras FARO\u00a0\u00bb tab_id=\u00a0\u00bb1607612276844-1b903bfe-7752&Prime;][vc_row_inner][vc_column_inner][vc_column_text]Num\u00e9risation de la pi\u00e8ce finie et usin\u00e9e en 3D avec le bras FARO \u2013 Nous avons compar\u00e9 les donn\u00e9es 3D avec le plan 3D original.<\/p>\n<p>Avant l\u2019exp\u00e9dition, les pi\u00e8ces finies sont finalement contr\u00f4l\u00e9es.[\/vc_column_text][\/vc_column_inner][\/vc_row_inner][\/vc_tta_section][\/vc_tta_accordion][\/vc_column][\/vc_row][vc_row css=\u00a0\u00bb.vc_custom_1607614161715{background-color: #ffffff !important;}\u00a0\u00bb][vc_column]<style>.gem-gallery-grid#style-6a048ec10da54 .gallery-item { padding: calc(42px\/2) !important; }.gem-gallery-grid#style-6a048ec10da54 .gallery-set { margin-top: calc(-42px\/2); margin-bottom: calc(-42px\/2); }.gem-gallery-grid#style-6a048ec10da54 .not-fullwidth-block .gallery-set, .gem-gallery-grid#style-6a048ec10da54 .not-fullwidth-block .portfolio-item-size-container { margin-left: calc(-42px\/2); margin-right: calc(-42px\/2); }.gem-gallery-grid#style-6a048ec10da54 .fullwidth-block { padding-left: calc(42px\/2); padding-right: calc(42px\/2); }.gem-gallery-grid#style-6a048ec10da54 .portfolio-filters { text-align: center }<\/style><div id=\"style-preloader-6a048ec10da54\" class=\"preloader save-space\"><div class=\"preloader-spin\"><\/div><\/div> <div class=\"gallery-preloader-wrapper\"> <div class=\"row\"> <div id=\"style-6a048ec10da54\" class=\"gem-gallery-grid col-lg-12 col-md-12 col-sm-12 gallery-style-justified hover-default loading-animation item-animation-move-up columns-3 columns-tablet-2 columns-mobile-1 gaps-margin \" data-hover=\"default\" data-uid=\"6a048ec10da54\" data-filter=\"[]\"> <div class=\"portfolio not-fullwidth-block \"> <ul class=\"gallery-set clearfix\" data-max-row-height=\"380\"> <li class=\"gallery-item gallery-0 col-xs-12 col-sm-6 col-md-4 item-animations-not-inited single-icon post-5391 page type-page status-publish\" style=\"\"> <div class=\"wrap gem-wrapbox-style-default\"> <div class=\"overlay-wrap\"> <div class=\"image-wrap \"> <picture> <source srcset=\"https:\/\/www.cofundi.com\/wp-content\/uploads\/2020\/12\/FotoJet-16-scaled-thegem-product-justified-square-m.jpg 1x\" sizes=\"100vw\"> <img fetchpriority=\"high\" src=\"https:\/\/www.cofundi.com\/wp-content\/uploads\/2020\/12\/FotoJet-16-scaled-thegem-product-justified-square-m.jpg\" width=\"400\" height=\"400\" class=\"attachment-thegem-product-justified-square-m\" alt=\"FotoJet (16)\" \/> <\/picture> <\/div> <div class=\"overlay \"> <div class=\"overlay-circle\"><\/div> <a href=\"https:\/\/www.cofundi.com\/wp-content\/uploads\/2020\/12\/FotoJet-16-scaled.jpg\" class=\"gallery-item-link fancy-gallery\" data-fancybox=\"gallery-6a048ec10da54\" aria-label=\"Fullsize Image: FotoJet (16)\"> <span class=\"slide-info\"> <\/span> <\/a> <div class=\"overlay-content\"> <div class=\"overlay-content-center\"> <div class=\"overlay-content-inner\"> <a href=\"https:\/\/www.cofundi.com\/wp-content\/uploads\/2020\/12\/FotoJet-16-scaled.jpg\" class=\"icon photo \" aria-label=\"Fullsize Image: FotoJet (16)\"> <\/a> <div class=\"overlay-line\"><\/div> <\/div> <\/div> <\/div> <\/div> <\/div> <\/div> <\/li> <li class=\"gallery-item gallery-0 col-xs-12 col-sm-6 col-md-4 item-animations-not-inited single-icon post-5391 page type-page status-publish\" style=\"\"> <div class=\"wrap gem-wrapbox-style-default\"> <div class=\"overlay-wrap\"> <div class=\"image-wrap \"> <picture> <source srcset=\"https:\/\/www.cofundi.com\/wp-content\/uploads\/2020\/12\/FotoJet-18-scaled-thegem-product-justified-square-m.jpg 1x\" sizes=\"100vw\"> <img src=\"https:\/\/www.cofundi.com\/wp-content\/uploads\/2020\/12\/FotoJet-18-scaled-thegem-product-justified-square-m.jpg\" width=\"400\" height=\"400\" class=\"attachment-thegem-product-justified-square-m\" alt=\"FotoJet (18)\" \/> <\/picture> <\/div> <div class=\"overlay \"> <div class=\"overlay-circle\"><\/div> <a href=\"https:\/\/www.cofundi.com\/wp-content\/uploads\/2020\/12\/FotoJet-18-scaled.jpg\" class=\"gallery-item-link fancy-gallery\" data-fancybox=\"gallery-6a048ec10da54\" aria-label=\"Fullsize Image: FotoJet (18)\"> <span class=\"slide-info\"> <\/span> <\/a> <div class=\"overlay-content\"> <div class=\"overlay-content-center\"> <div class=\"overlay-content-inner\"> <a href=\"https:\/\/www.cofundi.com\/wp-content\/uploads\/2020\/12\/FotoJet-18-scaled.jpg\" class=\"icon photo \" aria-label=\"Fullsize Image: FotoJet (18)\"> <\/a> <div class=\"overlay-line\"><\/div> <\/div> <\/div> <\/div> <\/div> <\/div> <\/div> <\/li> <li class=\"gallery-item gallery-0 col-xs-12 col-sm-6 col-md-4 item-animations-not-inited single-icon post-5391 page type-page status-publish\" style=\"\"> <div class=\"wrap gem-wrapbox-style-default\"> <div class=\"overlay-wrap\"> <div class=\"image-wrap \"> <picture> <source srcset=\"https:\/\/www.cofundi.com\/wp-content\/uploads\/2020\/12\/FotoJet-19-scaled-thegem-product-justified-square-m.jpg 1x\" sizes=\"100vw\"> <img src=\"https:\/\/www.cofundi.com\/wp-content\/uploads\/2020\/12\/FotoJet-19-scaled-thegem-product-justified-square-m.jpg\" width=\"400\" height=\"400\" class=\"attachment-thegem-product-justified-square-m\" alt=\"FotoJet (19)\" \/> <\/picture> <\/div> <div class=\"overlay \"> <div class=\"overlay-circle\"><\/div> <a href=\"https:\/\/www.cofundi.com\/wp-content\/uploads\/2020\/12\/FotoJet-19-scaled.jpg\" class=\"gallery-item-link fancy-gallery\" data-fancybox=\"gallery-6a048ec10da54\" aria-label=\"Fullsize Image: FotoJet (19)\"> <span class=\"slide-info\"> <\/span> <\/a> <div class=\"overlay-content\"> <div class=\"overlay-content-center\"> <div class=\"overlay-content-inner\"> <a href=\"https:\/\/www.cofundi.com\/wp-content\/uploads\/2020\/12\/FotoJet-19-scaled.jpg\" class=\"icon photo \" aria-label=\"Fullsize Image: FotoJet (19)\"> <\/a> <div class=\"overlay-line\"><\/div> <\/div> <\/div> <\/div> <\/div> <\/div> <\/div> <\/li> <li class=\"gallery-item gallery-0 col-xs-12 col-sm-6 col-md-4 item-animations-not-inited single-icon post-5391 page type-page status-publish\" style=\"\"> <div class=\"wrap gem-wrapbox-style-default\"> <div class=\"overlay-wrap\"> <div class=\"image-wrap \"> <picture> <source srcset=\"https:\/\/www.cofundi.com\/wp-content\/uploads\/2020\/12\/humedad-arena.1-thegem-product-justified-square-m.png 1x\" sizes=\"100vw\"> <img loading=\"lazy\" src=\"https:\/\/www.cofundi.com\/wp-content\/uploads\/2020\/12\/humedad-arena.1-thegem-product-justified-square-m.png\" width=\"400\" height=\"400\" class=\"attachment-thegem-product-justified-square-m\" alt=\"humedad arena.1\" \/> <\/picture> <\/div> <div class=\"overlay \"> <div class=\"overlay-circle\"><\/div> <a href=\"https:\/\/www.cofundi.com\/wp-content\/uploads\/2020\/12\/humedad-arena.1.png\" class=\"gallery-item-link fancy-gallery\" data-fancybox=\"gallery-6a048ec10da54\" aria-label=\"Fullsize Image: humedad arena.1\"> <span class=\"slide-info\"> <\/span> <\/a> <div class=\"overlay-content\"> <div class=\"overlay-content-center\"> <div class=\"overlay-content-inner\"> <a href=\"https:\/\/www.cofundi.com\/wp-content\/uploads\/2020\/12\/humedad-arena.1.png\" class=\"icon photo \" aria-label=\"Fullsize Image: humedad arena.1\"> <\/a> <div class=\"overlay-line\"><\/div> <\/div> <\/div> <\/div> <\/div> <\/div> <\/div> <\/li> <li class=\"gallery-item gallery-0 col-xs-12 col-sm-6 col-md-4 item-animations-not-inited single-icon post-5391 page type-page status-publish\" style=\"\"> <div class=\"wrap gem-wrapbox-style-default\"> <div class=\"overlay-wrap\"> <div class=\"image-wrap \"> <picture> <source srcset=\"https:\/\/www.cofundi.com\/wp-content\/uploads\/2020\/12\/IMG_20200727_112958-scaled-thegem-product-justified-square-m.jpg 1x\" sizes=\"100vw\"> <img loading=\"lazy\" src=\"https:\/\/www.cofundi.com\/wp-content\/uploads\/2020\/12\/IMG_20200727_112958-scaled-thegem-product-justified-square-m.jpg\" width=\"400\" height=\"400\" class=\"attachment-thegem-product-justified-square-m\" alt=\"IMG_20200727_112958\" \/> <\/picture> <\/div> <div class=\"overlay \"> <div class=\"overlay-circle\"><\/div> <a href=\"https:\/\/www.cofundi.com\/wp-content\/uploads\/2020\/12\/IMG_20200727_112958-scaled.jpg\" class=\"gallery-item-link fancy-gallery\" data-fancybox=\"gallery-6a048ec10da54\" aria-label=\"Fullsize Image: IMG_20200727_112958\"> <span class=\"slide-info\"> <\/span> <\/a> <div class=\"overlay-content\"> <div class=\"overlay-content-center\"> <div class=\"overlay-content-inner\"> <a href=\"https:\/\/www.cofundi.com\/wp-content\/uploads\/2020\/12\/IMG_20200727_112958-scaled.jpg\" class=\"icon photo \" aria-label=\"Fullsize Image: IMG_20200727_112958\"> <\/a> <div class=\"overlay-line\"><\/div> <\/div> <\/div> <\/div> <\/div> <\/div> <\/div> <\/li> <li class=\"gallery-item gallery-0 col-xs-12 col-sm-6 col-md-4 item-animations-not-inited single-icon post-5391 page type-page status-publish\" style=\"\"> <div class=\"wrap gem-wrapbox-style-default\"> <div class=\"overlay-wrap\"> <div class=\"image-wrap \"> <picture> <source srcset=\"https:\/\/www.cofundi.com\/wp-content\/uploads\/2020\/12\/IMG_20200731_1122511-scaled-thegem-product-justified-square-m.jpg 1x\" sizes=\"100vw\"> <img loading=\"lazy\" src=\"https:\/\/www.cofundi.com\/wp-content\/uploads\/2020\/12\/IMG_20200731_1122511-scaled-thegem-product-justified-square-m.jpg\" width=\"400\" height=\"400\" class=\"attachment-thegem-product-justified-square-m\" alt=\"IMG_20200731_112251(1)\" \/> <\/picture> <\/div> <div class=\"overlay \"> <div class=\"overlay-circle\"><\/div> <a href=\"https:\/\/www.cofundi.com\/wp-content\/uploads\/2020\/12\/IMG_20200731_1122511-scaled.jpg\" class=\"gallery-item-link fancy-gallery\" data-fancybox=\"gallery-6a048ec10da54\" aria-label=\"Fullsize Image: IMG_20200731_112251(1)\"> <span class=\"slide-info\"> <\/span> <\/a> <div class=\"overlay-content\"> <div class=\"overlay-content-center\"> <div class=\"overlay-content-inner\"> <a href=\"https:\/\/www.cofundi.com\/wp-content\/uploads\/2020\/12\/IMG_20200731_1122511-scaled.jpg\" class=\"icon photo \" aria-label=\"Fullsize Image: IMG_20200731_112251(1)\"> <\/a> <div class=\"overlay-line\"><\/div> <\/div> <\/div> <\/div> <\/div> <\/div> <\/div> <\/li> <li class=\"gallery-item gallery-0 col-xs-12 col-sm-6 col-md-4 item-animations-not-inited single-icon post-5391 page type-page status-publish\" style=\"\"> <div class=\"wrap gem-wrapbox-style-default\"> <div class=\"overlay-wrap\"> <div class=\"image-wrap \"> <picture> <source srcset=\"https:\/\/www.cofundi.com\/wp-content\/uploads\/2020\/12\/FotoJet-7-thegem-product-justified-square-m.png 1x\" sizes=\"100vw\"> <img loading=\"lazy\" src=\"https:\/\/www.cofundi.com\/wp-content\/uploads\/2020\/12\/FotoJet-7-thegem-product-justified-square-m.png\" width=\"400\" height=\"400\" class=\"attachment-thegem-product-justified-square-m\" alt=\"FotoJet (7)\" \/> <\/picture> <\/div> <div class=\"overlay \"> <div class=\"overlay-circle\"><\/div> <a href=\"https:\/\/www.cofundi.com\/wp-content\/uploads\/2020\/12\/FotoJet-7.png\" class=\"gallery-item-link fancy-gallery\" data-fancybox=\"gallery-6a048ec10da54\" aria-label=\"Fullsize Image: FotoJet (7)\"> <span class=\"slide-info\"> <\/span> <\/a> <div class=\"overlay-content\"> <div class=\"overlay-content-center\"> <div class=\"overlay-content-inner\"> <a href=\"https:\/\/www.cofundi.com\/wp-content\/uploads\/2020\/12\/FotoJet-7.png\" class=\"icon photo \" aria-label=\"Fullsize Image: FotoJet (7)\"> <\/a> <div class=\"overlay-line\"><\/div> <\/div> <\/div> <\/div> <\/div> <\/div> <\/div> <\/li> <li class=\"gallery-item gallery-0 col-xs-12 col-sm-6 col-md-4 item-animations-not-inited single-icon post-5391 page type-page status-publish\" style=\"\"> <div class=\"wrap gem-wrapbox-style-default\"> <div class=\"overlay-wrap\"> <div class=\"image-wrap \"> <picture> <source srcset=\"https:\/\/www.cofundi.com\/wp-content\/uploads\/2020\/12\/FotoJet-6-thegem-product-justified-square-m.png 1x\" sizes=\"100vw\"> <img loading=\"lazy\" src=\"https:\/\/www.cofundi.com\/wp-content\/uploads\/2020\/12\/FotoJet-6-thegem-product-justified-square-m.png\" width=\"400\" height=\"400\" class=\"attachment-thegem-product-justified-square-m\" alt=\"FotoJet (6)\" \/> <\/picture> <\/div> <div class=\"overlay \"> <div class=\"overlay-circle\"><\/div> <a href=\"https:\/\/www.cofundi.com\/wp-content\/uploads\/2020\/12\/FotoJet-6.png\" class=\"gallery-item-link fancy-gallery\" data-fancybox=\"gallery-6a048ec10da54\" aria-label=\"Fullsize Image: FotoJet (6)\"> <span class=\"slide-info\"> <\/span> <\/a> <div class=\"overlay-content\"> <div class=\"overlay-content-center\"> <div class=\"overlay-content-inner\"> <a href=\"https:\/\/www.cofundi.com\/wp-content\/uploads\/2020\/12\/FotoJet-6.png\" class=\"icon photo \" aria-label=\"Fullsize Image: FotoJet (6)\"> <\/a> <div class=\"overlay-line\"><\/div> <\/div> <\/div> <\/div> <\/div> <\/div> <\/div> <\/li> <\/ul> <div class=\"portfolio-item-size-container\"> <li class=\"gallery-item size-item col-xs-12 col-sm-6 col-md-4 post-5391 page type-page status-publish\" style=\"\"> <\/li> <\/div> <\/div> <\/div> <\/div> <\/div>[\/vc_column][\/vc_row]<\/p>\n<\/div>","protected":false},"excerpt":{"rendered":"<p>[vc_row][vc_column][vc_column_text] Contr\u00f4les DE QUALIT\u00c9 [\/vc_column_text][\/vc_column][\/vc_row][vc_row el_class=\u00a0\u00bbcalidad-cita\u00a0\u00bb][vc_column][vc_column_text]Un petit d\u00e9faut peut avoir de graves cons\u00e9quences pour le processus ult\u00e9rieur de la pi\u00e8ce&#8230;.<\/p>\n","protected":false},"author":6,"featured_media":0,"parent":0,"menu_order":0,"comment_status":"closed","ping_status":"closed","template":"","meta":{"_acf_changed":false,"footnotes":""},"class_list":["post-5391","page","type-page","status-publish"],"acf":[],"_hostinger_reach_plugin_has_subscription_block":false,"_hostinger_reach_plugin_is_elementor":false,"_links":{"self":[{"href":"https:\/\/www.cofundi.com\/fr\/wp-json\/wp\/v2\/pages\/5391","targetHints":{"allow":["GET"]}}],"collection":[{"href":"https:\/\/www.cofundi.com\/fr\/wp-json\/wp\/v2\/pages"}],"about":[{"href":"https:\/\/www.cofundi.com\/fr\/wp-json\/wp\/v2\/types\/page"}],"author":[{"embeddable":true,"href":"https:\/\/www.cofundi.com\/fr\/wp-json\/wp\/v2\/users\/6"}],"replies":[{"embeddable":true,"href":"https:\/\/www.cofundi.com\/fr\/wp-json\/wp\/v2\/comments?post=5391"}],"version-history":[{"count":0,"href":"https:\/\/www.cofundi.com\/fr\/wp-json\/wp\/v2\/pages\/5391\/revisions"}],"wp:attachment":[{"href":"https:\/\/www.cofundi.com\/fr\/wp-json\/wp\/v2\/media?parent=5391"}],"curies":[{"name":"wp","href":"https:\/\/api.w.org\/{rel}","templated":true}]}}