{"id":5358,"date":"2020-12-28T08:32:39","date_gmt":"2020-12-28T08:32:39","guid":{"rendered":"https:\/\/cofundi.com\/arene-chimique\/"},"modified":"2021-01-15T16:08:04","modified_gmt":"2021-01-15T16:08:04","slug":"sable-chimique","status":"publish","type":"page","link":"https:\/\/www.cofundi.com\/fr\/sable-chimique\/","title":{"rendered":"SABLE CHIMIQUE"},"content":{"rendered":"<div class=\"wpb-content-wrapper\"><p>[vc_row full_width=\u00a0\u00bbstretch_row\u00a0\u00bb css=\u00a0\u00bb.vc_custom_1599999579760{margin-bottom: 0px !important;}\u00a0\u00bb custom_css_code=\u00a0\u00bbLnF1aWNrZmluZGVyLWl0ZW0uZXZlbiUyMC5jb25uZWN0b3ItdG9wJTJDJTBBLnF1aWNrZmluZGVyLWl0ZW0uZXZlbiUyMC5jb25uZWN0b3ItYm90JTdCJTBBJTIwJTIwJTIwJTIwbGVmdCUzQSUyMC05MnB4JTIwJTIxaW1wb3J0YW50JTNCJTBBJTdEJTBBLnF1aWNrZmluZGVyLWl0ZW0ub2RkJTIwLmNvbm5lY3Rvci10b3AlMkMlMEEucXVpY2tmaW5kZXItaXRlbS5vZGQlMjAuY29ubmVjdG9yLWJvdCU3QiUwQSUyMCUyMCUyMCUyMHJpZ2h0JTNBJTIwLTkycHglMjAlMjFpbXBvcnRhbnQlM0IlMEElN0QlMEEucXVpY2tmaW5kZXItc3R5bGUtdmVydGljYWwlMjAucXVpY2tmaW5kZXItaXRlbS10aXRsZSU3QiUwQSUyMCUyMCUyMCUyMHBhZGRpbmctdG9wJTNBJTIwNjBweCUzQiUwQSU3RCUwQS5xdWlja2ZpbmRlci1zdHlsZS12ZXJ0aWNhbCUyMC5xdWlja2ZpbmRlci1pdGVtLXRleHQlN0IlMEElMjAlMjAlMjAlMjBwYWRkaW5nLWJvdHRvbSUzQSUyMDgwcHglM0IlMEElN0QlMEEucXVpY2tmaW5kZXItc3R5bGUtdmVydGljYWwtMSUyMC5xdWlja2ZpbmRlci1pdGVtLWluZm8lN0IlMEElMjAlMjAlMjAlMjBiYWNrZ3JvdW5kLWNvbG9yJTNBJTIwdHJhbnNwYXJlbnQlM0IlMEElN0QlMEEucXVpY2tmaW5kZXItc3R5bGUtdmVydGljYWwtMSUyMC5xdWlja2ZpbmRlci1pdGVtLm9kZCUyMC5xdWlja2ZpbmRlci1pdGVtLWluZm8td3JhcHBlciU3QiUwQSUyMCUyMCUyMCUyMHBhZGRpbmctcmlnaHQlM0ElMjAwJTNCJTBBJTdEJTBBLnF1aWNrZmluZGVyLXN0eWxlLXZlcnRpY2FsLTElMjAucXVpY2tmaW5kZXItaXRlbS5ldmVuJTIwLnF1aWNrZmluZGVyLWl0ZW0taW5mby13cmFwcGVyJTdCJTBBJTIwJTIwJTIwJTIwcGFkZGluZy1sZWZ0JTNBJTIwMCUzQiUwQSU3RCUwQS5xZi1zdmctYXJyb3ctbGVmdCUyQyUwQS5xZi1zdmctYXJyb3ctcmlnaHQlN0IlMEElMjAlMjAlMjAlMjBmaWxsJTNBJTIwdHJhbnNwYXJlbnQlMEElN0QlMEEucXVpY2tmaW5kZXItc3R5bGUtdmVydGljYWwlMjAuZ2VtLWljb24uZ2VtLWljb24tc2hhcGUtaGV4YWdvbiU3QiUwQSUyMCUyMCUyMCUyMGJveC1zaGFkb3clM0ElMjBub25lJTIwJTIxaW1wb3J0YW50JTNCJTBBJTdEJTBBLmdlbS1pY29uLXNpemUtbGFyZ2UlN0IlMEElMjAlMjAlMjAlMjBmb250LXNpemUlM0ElMjA2NHB4JTNCJTBBJTdE\u00a0\u00bb][vc_column css=\u00a0\u00bb.vc_custom_1528795460075{padding-top: 0px !important;}\u00a0\u00bb][vc_column_text css_animation=\u00a0\u00bbbottom-to-top\u00a0\u00bb]<\/p>\n<div class=\"title-h1\" style=\"text-align: center;\"><span style=\"color: #0f0f0f;\">SABLE CHIMIQUE<br \/>\n<\/span><\/div>\n<p>[\/vc_column_text][\/vc_column][\/vc_row][vc_row content_placement=\u00a0\u00bbtop\u00a0\u00bb custom_css_code=\u00a0\u00bbLndwYl9jb2x1bW4lMjAudmNfY29sdW1uLWlubmVyJTIwJTdCJTBBJTIwJTIwJTIwJTIwYm9yZGVyLXJhZGl1cyUzQSUyMDIwcHglM0IlMEElN0Q=\u00a0\u00bb][vc_column]<div class=\"clearboth\"><\/div><style>#thegem-divider-69f5b3377937d {margin-top: 40px !important;}<\/style><div id=\"thegem-divider-69f5b3377937d\" class=\"gem-divider  \" style=\"\" ><\/div>[\/vc_column][vc_column offset=\u00a0\u00bbvc_col-lg-6&Prime; css=\u00a0\u00bb.vc_custom_1600292189343{padding-top: 0px !important;padding-right: 40px !important;}\u00a0\u00bb][vc_column_text css_animation=\u00a0\u00bbfadeIn\u00a0\u00bb]<\/p>\n<div class=\"title-h1 title-h5 styled-subtitle small-body title-h6\">PROCESSUS DE FONDERIE D&rsquo;ALUMINIUM PAR MOULAGE \u00c0 SABLE CHIMIQUE<\/div>\n<p>Tant que votre pi\u00e8ce est d&rsquo;une grande taille ou poids, comme s&rsquo;il s&rsquo;agit d&rsquo;une g\u00e9om\u00e9trie complexe, le moulage choisi serait probablement le moulage manuel \u00e0 sable chimique.<\/p>\n<p>Ce processus de moulage est manuel, ce qui nous donne beaucoup de flexibilit\u00e9 et de contr\u00f4le sur le processus de production, \u00e9tant en mesure de faire des s\u00e9ries tr\u00e8s courtes ou unitaires.<\/p>\n<p>Notre bureau d&rsquo;\u00e9tude s\u2019assure que la pi\u00e8ce est r\u00e9alis\u00e9e selon les plans.<\/p>\n<p>Pour le moulage, le sable utilis\u00e9 est m\u00e9lang\u00e9 avec des composants chimiques, tels que la r\u00e9sine, pour atteindre une certaine duret\u00e9 et de sorte qu\u2019il a la consistance n\u00e9cessaire lors de la coul\u00e9e.<\/p>\n<p>Nous contr\u00f4lons chaque \u00e9tape en d\u00e9tail. Ainsi que les param\u00e8tres du sable avec lequel nous mouler, \u00e0 la fois la duret\u00e9 et l\u2019humidit\u00e9, avant de forcer.<\/p>\n<p>La pi\u00e8ce la plus lourde qui a \u00e9t\u00e9 r\u00e9alis\u00e9e jusqu\u2019\u00e0 pr\u00e9sent \u00e0 Cofundi pesait environ 3.870 kg.<\/p>\n<p>Nous osons aussi faire fondre vos pi\u00e8ces les plus grandes et les plus lourdes. Nous trouvons toujours une solution appropri\u00e9e.[\/vc_column_text][vc_column_text css_animation=\u00a0\u00bbfadeIn\u00a0\u00bb]Nous avons des installations diff\u00e9rentes et modernes dans le domaine de coul\u00e9e \u00e0 sable.[\/vc_column_text]<div class=\"clearboth\"><\/div><style>#thegem-divider-69f5b337793dd {margin-top: 40px !important;}<\/style><div id=\"thegem-divider-69f5b337793dd\" class=\"gem-divider  \" style=\"\" ><\/div>[\/vc_column][vc_column css=\u00a0\u00bb.vc_custom_1608557302794{margin-right: 21px !important;margin-left: 21px !important;padding-top: 0px !important;background-image: url(https:\/\/cofundi.com\/wp-content\/uploads\/2020\/11\/FotoJet-7.jpg?id=4515) !important;background-position: center !important;background-repeat: no-repeat !important;background-size: cover !important;}\u00a0\u00bb offset=\u00a0\u00bbvc_col-lg-6&Prime;]<div class=\"clearboth\"><\/div><style>#thegem-divider-69f5b33779413 {margin-top: 230px !important;}<\/style><div id=\"thegem-divider-69f5b33779413\" class=\"gem-divider  \" style=\"\" ><\/div>[vc_single_image image=\u00a0\u00bb575&Prime; img_size=\u00a0\u00bbfull\u00a0\u00bb alignment=\u00a0\u00bbcenter\u00a0\u00bb onclick=\u00a0\u00bbcustom_link\u00a0\u00bb css_animation=\u00a0\u00bbbottom-to-top\u00a0\u00bb link=\u00a0\u00bbjavascript:;\u00a0\u00bb el_class=\u00a0\u00bbfancy\u00a0\u00bb][vc_raw_js]JTNDc2NyaXB0JTNFJTBBJTBBdmFyJTIwcmVhZHklMjAlM0QlMjAlMjhjYWxsYmFjayUyOSUyMCUzRCUzRSUyMCU3QiUwQSUwOWlmJTIwJTI4ZG9jdW1lbnQucmVhZHlTdGF0ZSUyMCUyMSUzRCUyMCUyMmxvYWRpbmclMjIlMjklMjBjYWxsYmFjayUyOCUyOSUzQiUwQSUwOWVsc2UlMjBkb2N1bWVudC5hZGRFdmVudExpc3RlbmVyJTI4JTIyRE9NQ29udGVudExvYWRlZCUyMiUyQyUyMGNhbGxiYWNrJTI5JTNCJTBBJTdEJTNCJTBBJTBBcmVhZHklMjglMjglMjklMjAlM0QlM0UlMjAlN0IlMEElMDlpZiUyMCUyOGRvY3VtZW50LnF1ZXJ5U2VsZWN0b3IlMjglMjIlMjN2Y19pbmxpbmUtZnJhbWUlMjIlMjklMjklMjByZXR1cm4lM0IlMEElMEElMDl2YXIlMjBlbGVtJTIwJTNEJTIwZG9jdW1lbnQucXVlcnlTZWxlY3RvciUyOCUyMi5mYW5jeSUyMGElMjIlMjklM0IlMEElMDllbGVtLnNldEF0dHJpYnV0ZSUyOCUyN2RhdGEtZmFuY3lib3glMjclMkMlMjAlMjclMjclMjklM0IlMEElMDklMEElMDllbGVtLnNldEF0dHJpYnV0ZSUyOCUyN2RhdGEtc3JjJTI3JTJDJTIwJTI3aHR0cHMlM0ElMkYlMkZ3d3cueW91dHViZS5jb20lMkZ3YXRjaCUzRnYlM0RoRDNyRXVFZWViQSUyNnQlM0Q5cyUyNyUyOSUzQiUwQSU3RCUyOSUzQiUwQSUwQSUzQyUyRnNjcmlwdCUzRQ==[\/vc_raw_js]<div class=\"clearboth\"><\/div><style>#thegem-divider-69f5b33779436 {margin-top: 230px !important;}<\/style><div id=\"thegem-divider-69f5b33779436\" class=\"gem-divider  \" style=\"\" ><\/div>[\/vc_column][\/vc_row][vc_row][vc_column width=\u00a0\u00bb1\/2&Prime;][vc_column_text]<strong>G\u00e9n\u00e9ralit\u00e9s:<\/strong><\/p>\n<ul>\n<li>4 fours \u00e0 gaz (1.200 kg)<\/li>\n<li>1 four \u00e9lectrique basculant (800 kg).<\/li>\n<li>1 machine pour bo\u00eete \u00e0 noyaux \u00e0 sable automatis\u00e9es<\/li>\n<li>1 machine pour bo\u00eete \u00e0 noyaux \u00e0 sable manuelles<\/li>\n<li>1 machine de r\u00e9cup\u00e9ration primaire et secondaire par attrition de 5 t\/heure<\/li>\n<\/ul>\n<p>[\/vc_column_text][\/vc_column][vc_column width=\u00a0\u00bb1\/2&Prime;][vc_column_text]<strong>Sable chimique:<\/strong><\/p>\n<ul>\n<li>2 M\u00e9langeurs continus de nouvelle g\u00e9n\u00e9ration de 7 t\/h. 20 t\/h.<\/li>\n<\/ul>\n<p>[\/vc_column_text][\/vc_column][\/vc_row][vc_row full_width=\u00a0\u00bbstretch_row\u00a0\u00bb css=\u00a0\u00bb.vc_custom_1586773707314{margin-bottom: 0px !important;background-color: #f0f4f6 !important;}\u00a0\u00bb][vc_column]<div class=\"clearboth\"><\/div><style>#thegem-divider-69f5b33779456 {margin-top: 40px !important;}<\/style><div id=\"thegem-divider-69f5b33779456\" class=\"gem-divider  divider-hidden\" style=\"\" ><\/div>[vc_column_text css_animation=\u00a0\u00bbfadeIn\u00a0\u00bb]<\/p>\n<h2 style=\"text-align: center;\">NOS TECHNOLOGIES<\/h2>\n<p>[\/vc_column_text][vc_column_text css_animation=\u00a0\u00bbbottom-to-top\u00a0\u00bb]<\/p>\n<h4 style=\"text-align: center;\">Coquille et moulage \u00e0 sable<\/h4>\n<p>[\/vc_column_text]<div class=\"clearboth\"><\/div><style>#thegem-divider-69f5b33779472 {margin-top: 80px !important;}<\/style><div id=\"thegem-divider-69f5b33779472\" class=\"gem-divider  divider-hidden\" style=\"\" ><\/div>[vc_row_inner equal_height=\u00a0\u00bbyes\u00a0\u00bb css=\u00a0\u00bb.vc_custom_1586773716241{margin-bottom: 0px !important;background-color: #ffffff !important;}\u00a0\u00bb][vc_column_inner width=\u00a0\u00bb1\/3&Prime; css=\u00a0\u00bb.vc_custom_1608559597106{margin-top: 0px !important;margin-bottom: 0px !important;padding-top: 0px !important;padding-bottom: 0px !important;background-image: url(https:\/\/cofundi.com\/wp-content\/uploads\/2020\/11\/FOTO2.jpg?id=4172) !important;background-position: center !important;background-repeat: no-repeat !important;background-size: cover !important;}\u00a0\u00bb]<div class=\"clearboth\"><\/div><style>#thegem-divider-69f5b3377948c {margin-top: 314px !important;}<\/style><div id=\"thegem-divider-69f5b3377948c\" class=\"gem-divider  \" style=\"\" ><\/div>[\/vc_column_inner][vc_column_inner width=\u00a0\u00bb1\/3&Prime; css=\u00a0\u00bb.vc_custom_1501671397901{margin-bottom: 0px !important;padding-bottom: 0px !important;background-color: #ffffff !important;}\u00a0\u00bb]<div class=\"clearboth\"><\/div><style>#thegem-divider-69f5b337794a5 {margin-top: 30px !important;}<\/style><div id=\"thegem-divider-69f5b337794a5\" class=\"gem-divider  \" style=\"\" ><\/div><div class=\"lazy-loading\" data-ll-item-delay=\"0\"><div class=\"gem-textbox  lazy-loading-item centered-box\"  data-ll-effect=\"move-up\" ><div class=\"gem-textbox-inner\" style=\"\"><div class=\"gem-textbox-content\" style=\"background-position: center top;padding-top: 20px;padding-bottom: 30px;\">[vc_column_text]<\/p>\n<h5 style=\"text-align: center;\">Sable chimique<\/h5>\n<p>[\/vc_column_text][vc_separator color=\u00a0\u00bbcustom\u00a0\u00bb border_width=\u00a0\u00bb3&Prime; el_width=\u00a0\u00bb30&Prime; accent_color=\u00a0\u00bb#ff9900&Prime;]<div class=\"clearboth\"><\/div><style>#thegem-divider-69f5b33779518 {margin-top: 30px !important;}<\/style><div id=\"thegem-divider-69f5b33779518\" class=\"gem-divider  \" style=\"\" ><\/div>[vc_column_text]<\/p>\n<p style=\"text-align: center;\">Le moulage \u00e0 sable chimique de sable est bas\u00e9e sur le principe de \u00ab moule de sable perdu \u00bb avec un mod\u00e8le permanent de r\u00e9sine qui est principalement utilis\u00e9 pour des petites ou unitaires s\u00e9ries. Le processus du moulage \u00e0 sable chimique est manuel.<\/p>\n<p>[\/vc_column_text]<div class=\"clearboth\"><\/div><style>#thegem-divider-69f5b33779532 {margin-top: 30px !important;}<\/style><div id=\"thegem-divider-69f5b33779532\" class=\"gem-divider  \" style=\"\" ><\/div><style type=\"text\/css\">.thegem-button-69f5b337795b15431 .gem-button svg {fill: #0f0f0f;}.thegem-button-69f5b337795b15431 .gem-button:hover svg {fill: #ffffff;}<\/style><div class=\"gem-button-container gem-button-position-center thegem-button-69f5b337795b15431    \"  ><a title=\"SABLE CHIMIQUE\" class=\"gem-button gem-button-size-small gem-button-style-outline gem-button-text-weight-normal gem-button-border-2\" data-ll-effect=\"drop-right-without-wrap\" style=\"border-radius: 0px;border-color: #0f0f0f;color: #0f0f0f;\" onmouseleave=\"this.style.borderColor=&#039;#0f0f0f&#039;;this.style.backgroundColor=&#039;transparent&#039;;this.style.color=&#039;#0f0f0f&#039;;\" onmouseenter=\"this.style.borderColor=&#039;#0f0f0f&#039;;this.style.backgroundColor=&#039;#0f0f0f&#039;;this.style.color=&#039;#ffffff&#039;;\" href=\"https:\/\/cofundi.com\/fr\/sable-chimique\/\" target=\"_self\" rel=\"nofollow noopener\">VOIR PLUS<\/a><\/div> <\/div><\/div><\/div><\/div>[\/vc_column_inner][vc_column_inner width=\u00a0\u00bb1\/3&Prime; css=\u00a0\u00bb.vc_custom_1608559624609{margin-top: 0px !important;margin-bottom: 0px !important;padding-top: 0px !important;padding-bottom: 0px !important;background-image: url(https:\/\/cofundi.com\/wp-content\/uploads\/2020\/11\/FOTO-4.jpg?id=4164) !important;background-position: center !important;background-repeat: no-repeat !important;background-size: cover !important;}\u00a0\u00bb]<div class=\"clearboth\"><\/div><style>#thegem-divider-69f5b33779601 {margin-top: 314px !important;}<\/style><div id=\"thegem-divider-69f5b33779601\" class=\"gem-divider  \" style=\"\" ><\/div>[\/vc_column_inner][\/vc_row_inner][vc_row_inner equal_height=\u00a0\u00bbyes\u00a0\u00bb css=\u00a0\u00bb.vc_custom_1586773721104{margin-bottom: 0px !important;background-color: #ffffff !important;}\u00a0\u00bb][vc_column_inner width=\u00a0\u00bb1\/3&Prime; css=\u00a0\u00bb.vc_custom_1501158866510{margin-bottom: 0px !important;padding-bottom: 0px !important;background-color: #ffffff !important;background-position: center !important;background-repeat: no-repeat !important;background-size: cover !important;}\u00a0\u00bb]<div class=\"clearboth\"><\/div><style>#thegem-divider-69f5b33779623 {margin-top: 30px !important;}<\/style><div id=\"thegem-divider-69f5b33779623\" class=\"gem-divider  \" style=\"\" ><\/div><div class=\"lazy-loading\" data-ll-item-delay=\"0\"><div class=\"gem-textbox  lazy-loading-item centered-box\"  data-ll-effect=\"move-up\" ><div class=\"gem-textbox-inner\" style=\"\"><div class=\"gem-textbox-content\" style=\"background-position: center top;padding-top: 20px;padding-bottom: 30px;\">[vc_column_text]<\/p>\n<h5 style=\"text-align: center;\">Coquille<\/h5>\n<p>[\/vc_column_text][vc_separator color=\u00a0\u00bbcustom\u00a0\u00bb border_width=\u00a0\u00bb3&Prime; el_width=\u00a0\u00bb30&Prime; accent_color=\u00a0\u00bb#ff9900&Prime;]<div class=\"clearboth\"><\/div><style>#thegem-divider-69f5b33779683 {margin-top: 30px !important;}<\/style><div id=\"thegem-divider-69f5b33779683\" class=\"gem-divider  \" style=\"\" ><\/div>[vc_column_text]<\/p>\n<p style=\"text-align: center;\">Le moulage coquille se caract\u00e9rise par l\u2019utilisation d\u2019un moule m\u00e9tallique. Ce moule m\u00e9tallique permanent permet une coul\u00e9e rapide, \u00e9conomique et de haute qualit\u00e9.<\/p>\n<p>[\/vc_column_text]<div class=\"clearboth\"><\/div><style>#thegem-divider-69f5b337796ac {margin-top: 30px !important;}<\/style><div id=\"thegem-divider-69f5b337796ac\" class=\"gem-divider  \" style=\"\" ><\/div><style type=\"text\/css\">.thegem-button-69f5b337797202136 .gem-button svg {fill: #0f0f0f;}.thegem-button-69f5b337797202136 .gem-button:hover svg {fill: #ffffff;}<\/style><div class=\"gem-button-container gem-button-position-center thegem-button-69f5b337797202136    \"  ><a title=\"Coquilla\" class=\"gem-button gem-button-size-small gem-button-style-outline gem-button-text-weight-normal gem-button-border-2\" data-ll-effect=\"drop-right-without-wrap\" style=\"border-radius: 0px;border-color: #0f0f0f;color: #0f0f0f;\" onmouseleave=\"this.style.borderColor=&#039;#0f0f0f&#039;;this.style.backgroundColor=&#039;transparent&#039;;this.style.color=&#039;#0f0f0f&#039;;\" onmouseenter=\"this.style.borderColor=&#039;#0f0f0f&#039;;this.style.backgroundColor=&#039;#0f0f0f&#039;;this.style.color=&#039;#ffffff&#039;;\" href=\"https:\/\/cofundi.com\/coquille\/\" target=\"_self\" rel=\"nofollow noopener\">VOIR PLUS<\/a><\/div> <\/div><\/div><\/div><\/div>[\/vc_column_inner][vc_column_inner width=\u00a0\u00bb1\/3&Prime; css=\u00a0\u00bb.vc_custom_1608559658159{margin-top: 0px !important;margin-bottom: 0px !important;padding-top: 0px !important;padding-bottom: 0px !important;background-image: url(https:\/\/cofundi.com\/wp-content\/uploads\/2020\/11\/FOTO-3.jpg?id=4160) !important;background-position: center !important;background-repeat: no-repeat !important;background-size: cover !important;}\u00a0\u00bb]<div class=\"clearboth\"><\/div><style>#thegem-divider-69f5b33779760 {margin-top: 314px !important;}<\/style><div id=\"thegem-divider-69f5b33779760\" class=\"gem-divider  \" style=\"\" ><\/div>[\/vc_column_inner][vc_column_inner width=\u00a0\u00bb1\/3&Prime; css=\u00a0\u00bb.vc_custom_1501158887719{margin-bottom: 0px !important;padding-bottom: 0px !important;background-color: #ffffff !important;background-position: center !important;background-repeat: no-repeat !important;background-size: cover !important;}\u00a0\u00bb]<div class=\"clearboth\"><\/div><style>#thegem-divider-69f5b3377977c {margin-top: 30px !important;}<\/style><div id=\"thegem-divider-69f5b3377977c\" class=\"gem-divider  \" style=\"\" ><\/div><div class=\"lazy-loading\" data-ll-item-delay=\"0\"><div class=\"gem-textbox  lazy-loading-item centered-box\"  data-ll-effect=\"move-up\" ><div class=\"gem-textbox-inner\" style=\"\"><div class=\"gem-textbox-content\" style=\"background-position: center top;padding-top: 20px;padding-bottom: 30px;\">[vc_column_text]<\/p>\n<h5 style=\"text-align: center;\">Sable \u00e0 vert<\/h5>\n<p>[\/vc_column_text][vc_separator color=\u00a0\u00bbcustom\u00a0\u00bb border_width=\u00a0\u00bb3&Prime; el_width=\u00a0\u00bb30&Prime; accent_color=\u00a0\u00bb#ff9900&Prime;]<div class=\"clearboth\"><\/div><style>#thegem-divider-69f5b337797c6 {margin-top: 30px !important;}<\/style><div id=\"thegem-divider-69f5b337797c6\" class=\"gem-divider  \" style=\"\" ><\/div>[vc_column_text]<\/p>\n<p style=\"text-align: center;\">Le moulage sable \u00e0 vert se r\u00e9alise dans un carrousel automatis\u00e9. Le processus est automatis\u00e9 sur une bande. Ce processus est s\u00e9lectionn\u00e9 pour des pi\u00e8ces et s\u00e9ries moyennes.<\/p>\n<p>[\/vc_column_text]<div class=\"clearboth\"><\/div><style>#thegem-divider-69f5b337797de {margin-top: 30px !important;}<\/style><div id=\"thegem-divider-69f5b337797de\" class=\"gem-divider  \" style=\"\" ><\/div><style type=\"text\/css\">.thegem-button-69f5b3377981f4299 .gem-button svg {fill: #0f0f0f;}.thegem-button-69f5b3377981f4299 .gem-button:hover svg {fill: #ffffff;}<\/style><div class=\"gem-button-container gem-button-position-center thegem-button-69f5b3377981f4299    \"  ><a title=\"Arena verde\" class=\"gem-button gem-button-size-small gem-button-style-outline gem-button-text-weight-normal gem-button-border-2\" data-ll-effect=\"drop-right-without-wrap\" style=\"border-radius: 0px;border-color: #0f0f0f;color: #0f0f0f;\" onmouseleave=\"this.style.borderColor=&#039;#0f0f0f&#039;;this.style.backgroundColor=&#039;transparent&#039;;this.style.color=&#039;#0f0f0f&#039;;\" onmouseenter=\"this.style.borderColor=&#039;#0f0f0f&#039;;this.style.backgroundColor=&#039;#0f0f0f&#039;;this.style.color=&#039;#ffffff&#039;;\" href=\"https:\/\/cofundi.com\/fr\/sable-vert\/\" target=\"_self\" rel=\"nofollow noopener\">VOIR PLUS<\/a><\/div> <\/div><\/div><\/div><\/div>[\/vc_column_inner][\/vc_row_inner]<div class=\"clearboth\"><\/div><style>#thegem-divider-69f5b33779846 {margin-top: 80px !important;}<\/style><div id=\"thegem-divider-69f5b33779846\" class=\"gem-divider  divider-hidden\" style=\"\" ><\/div>[\/vc_column][\/vc_row]<\/p>\n<\/div>","protected":false},"excerpt":{"rendered":"<p>[vc_row full_width=\u00a0\u00bbstretch_row\u00a0\u00bb css=\u00a0\u00bb.vc_custom_1599999579760{margin-bottom: 0px !important;}\u00a0\u00bb custom_css_code=\u00a0\u00bbLnF1aWNrZmluZGVyLWl0ZW0uZXZlbiUyMC5jb25uZWN0b3ItdG9wJTJDJTBBLnF1aWNrZmluZGVyLWl0ZW0uZXZlbiUyMC5jb25uZWN0b3ItYm90JTdCJTBBJTIwJTIwJTIwJTIwbGVmdCUzQSUyMC05MnB4JTIwJTIxaW1wb3J0YW50JTNCJTBBJTdEJTBBLnF1aWNrZmluZGVyLWl0ZW0ub2RkJTIwLmNvbm5lY3Rvci10b3AlMkMlMEEucXVpY2tmaW5kZXItaXRlbS5vZGQlMjAuY29ubmVjdG9yLWJvdCU3QiUwQSUyMCUyMCUyMCUyMHJpZ2h0JTNBJTIwLTkycHglMjAlMjFpbXBvcnRhbnQlM0IlMEElN0QlMEEucXVpY2tmaW5kZXItc3R5bGUtdmVydGljYWwlMjAucXVpY2tmaW5kZXItaXRlbS10aXRsZSU3QiUwQSUyMCUyMCUyMCUyMHBhZGRpbmctdG9wJTNBJTIwNjBweCUzQiUwQSU3RCUwQS5xdWlja2ZpbmRlci1zdHlsZS12ZXJ0aWNhbCUyMC5xdWlja2ZpbmRlci1pdGVtLXRleHQlN0IlMEElMjAlMjAlMjAlMjBwYWRkaW5nLWJvdHRvbSUzQSUyMDgwcHglM0IlMEElN0QlMEEucXVpY2tmaW5kZXItc3R5bGUtdmVydGljYWwtMSUyMC5xdWlja2ZpbmRlci1pdGVtLWluZm8lN0IlMEElMjAlMjAlMjAlMjBiYWNrZ3JvdW5kLWNvbG9yJTNBJTIwdHJhbnNwYXJlbnQlM0IlMEElN0QlMEEucXVpY2tmaW5kZXItc3R5bGUtdmVydGljYWwtMSUyMC5xdWlja2ZpbmRlci1pdGVtLm9kZCUyMC5xdWlja2ZpbmRlci1pdGVtLWluZm8td3JhcHBlciU3QiUwQSUyMCUyMCUyMCUyMHBhZGRpbmctcmlnaHQlM0ElMjAwJTNCJTBBJTdEJTBBLnF1aWNrZmluZGVyLXN0eWxlLXZlcnRpY2FsLTElMjAucXVpY2tmaW5kZXItaXRlbS5ldmVuJTIwLnF1aWNrZmluZGVyLWl0ZW0taW5mby13cmFwcGVyJTdCJTBBJTIwJTIwJTIwJTIwcGFkZGluZy1sZWZ0JTNBJTIwMCUzQiUwQSU3RCUwQS5xZi1zdmctYXJyb3ctbGVmdCUyQyUwQS5xZi1zdmctYXJyb3ctcmlnaHQlN0IlMEElMjAlMjAlMjAlMjBmaWxsJTNBJTIwdHJhbnNwYXJlbnQlMEElN0QlMEEucXVpY2tmaW5kZXItc3R5bGUtdmVydGljYWwlMjAuZ2VtLWljb24uZ2VtLWljb24tc2hhcGUtaGV4YWdvbiU3QiUwQSUyMCUyMCUyMCUyMGJveC1zaGFkb3clM0ElMjBub25lJTIwJTIxaW1wb3J0YW50JTNCJTBBJTdEJTBBLmdlbS1pY29uLXNpemUtbGFyZ2UlN0IlMEElMjAlMjAlMjAlMjBmb250LXNpemUlM0ElMjA2NHB4JTNCJTBBJTdE\u00a0\u00bb][vc_column css=\u00a0\u00bb.vc_custom_1528795460075{padding-top: 0px !important;}\u00a0\u00bb][vc_column_text css_animation=\u00a0\u00bbbottom-to-top\u00a0\u00bb] SABLE CHIMIQUE [\/vc_column_text][\/vc_column][\/vc_row][vc_row content_placement=\u00a0\u00bbtop\u00a0\u00bb custom_css_code=\u00a0\u00bbLndwYl9jb2x1bW4lMjAudmNfY29sdW1uLWlubmVyJTIwJTdCJTBBJTIwJTIwJTIwJTIwYm9yZGVyLXJhZGl1cyUzQSUyMDIwcHglM0IlMEElN0Q=\u00a0\u00bb][vc_column][\/vc_column][vc_column offset=\u00a0\u00bbvc_col-lg-6&Prime; css=\u00a0\u00bb.vc_custom_1600292189343{padding-top: 0px !important;padding-right: 40px&#8230;<\/p>\n","protected":false},"author":6,"featured_media":0,"parent":0,"menu_order":0,"comment_status":"closed","ping_status":"closed","template":"","meta":{"_acf_changed":false,"footnotes":""},"class_list":["post-5358","page","type-page","status-publish"],"acf":[],"_hostinger_reach_plugin_has_subscription_block":false,"_hostinger_reach_plugin_is_elementor":false,"_links":{"self":[{"href":"https:\/\/www.cofundi.com\/fr\/wp-json\/wp\/v2\/pages\/5358","targetHints":{"allow":["GET"]}}],"collection":[{"href":"https:\/\/www.cofundi.com\/fr\/wp-json\/wp\/v2\/pages"}],"about":[{"href":"https:\/\/www.cofundi.com\/fr\/wp-json\/wp\/v2\/types\/page"}],"author":[{"embeddable":true,"href":"https:\/\/www.cofundi.com\/fr\/wp-json\/wp\/v2\/users\/6"}],"replies":[{"embeddable":true,"href":"https:\/\/www.cofundi.com\/fr\/wp-json\/wp\/v2\/comments?post=5358"}],"version-history":[{"count":0,"href":"https:\/\/www.cofundi.com\/fr\/wp-json\/wp\/v2\/pages\/5358\/revisions"}],"wp:attachment":[{"href":"https:\/\/www.cofundi.com\/fr\/wp-json\/wp\/v2\/media?parent=5358"}],"curies":[{"name":"wp","href":"https:\/\/api.w.org\/{rel}","templated":true}]}}