{"id":5936,"date":"2020-12-28T08:59:39","date_gmt":"2020-12-28T08:59:39","guid":{"rendered":"https:\/\/cofundi.com\/cookie-richtlinie\/"},"modified":"2023-02-14T09:46:21","modified_gmt":"2023-02-14T08:46:21","slug":"cookie-richtlinie","status":"publish","type":"page","link":"https:\/\/www.cofundi.com\/de\/cookie-richtlinie\/","title":{"rendered":"Cookie-Richtlinie"},"content":{"rendered":"\n<div class=\"cli_pg_page_contaner\">\n<h3>\u00dcber diese Cookie-Richtlinie<\/h3>\n<div>Diese Cookie-Richtlinie erkl\u00e4rt, was Cookies sind und wie wir sie verwenden, welche Arten von Cookies wir verwenden, d. h. die Informationen, die wir \u00fcber Cookies sammeln und wie diese Informationen verwendet werden, und wie sie die Cookie-Einstellungen kontrollieren k\u00f6nnen. Weitere Informationen dar\u00fcber, wie wir Ihre personenbezogenen Daten verwenden, speichern und sch\u00fctzen, finden Sie in unserer Datenschutzerkl\u00e4rung. Sie k\u00f6nnen Ihre Zustimmung zur Cookie-Erkl\u00e4rung auf unserer Website jederzeit \u00e4ndern oder widerrufenErfahren Sie mehr dar\u00fcber, wer wir sind, wie Sie mit uns in Kontakt treten k\u00f6nnen und wie wir personenbezogene Daten in unserer Privacidad.Su Zustimmungsbedingungen f\u00fcr die folgenden Domains gelten: www.cofundi.com<div class=\"cli_user_consent_state\">Dein aktueller Status: Keine Einwilligung erteilt. <a class=\"cli_manage_current_consent\" style=\"cursor:pointer;text-decoration:underline;\">Verwalte deine Einwilligung<\/a> <\/div><\/div>\n<h3>Was sind Cookies?<\/h3>\n<div>Cookies sind kleine Textdateien, die verwendet werden, um kleine Informationen zu speichern. Sie werden auf Ihrem Ger\u00e4t gespeichert, wenn die Website in Ihren Browser geladen wird. Diese Cookies helfen uns, die Website richtig funktionieren zu lassen, sie sicherer zu machen, eine bessere Benutzererfahrung zu bieten und zu verstehen, wie die Website funktioniert und zu analysieren, was funktioniert und wo sie sich verbessern muss.<\/div>\n<h3>Wie verwenden wir Cookies?<\/h3>\n<div>Wie die meisten Online-Dienste verwendet unsere Website Erst- und Drittanbieter-Cookies f\u00fcr verschiedene Zwecke. First-Party-Cookies sind notwendig, damit die Website ordnungsgem\u00e4\u00df funktioniert, und sammeln keine pers\u00f6nlich identifizierbaren Daten. Cookies von Drittanbietern, die auf unserer Website verwendet werden, werden in erster Linie verwendet, um zu verstehen, wie die Website funktioniert, wie Sie mit unserer Website interagieren, unsere Dienste sicher zu halten, Werbung bereitzustellen, die f\u00fcr Sie relevant ist, und Ihnen letztendlich eine bessere und bessere Benutzererfahrung zu bieten und Ihre zuk\u00fcnftigen Interaktionen mit unserer Website zu beschleunigen.<\/div>\n<h3>Welche Arten von Cookies verwenden wir?<\/h3>\n<div>Unverzichtbar: Einige Cookies sind wichtig, damit Sie die volle Funktionalit\u00e4t unserer Website nutzen k\u00f6nnen. Sie erm\u00f6glichen es uns, Benutzersitzungen zu pflegen und Sicherheitsbedrohungen zu verhindern. Sie sammeln oder speichern keine personenbezogenen Daten. Statistiken: Diese Cookies speichern Informationen wie die Anzahl der Besucher der Website, die Anzahl der eindeutigen Besucher, die Seiten der Website, die besucht wurden, die Quelle des Besuchs, etc. Diese Daten helfen uns, das ordnungsgem\u00e4\u00dfe Funktionieren der Website zu verstehen und zu analysieren, wo sie verbessert werden muss. Marketing: Unsere Website zeigt Werbung an. Diese Cookies werden verwendet, um die Anzeigen zu personalisieren, die wir Ihnen zeigen, um f\u00fcr Sie von Bedeutung zu sein. Diese Cookies helfen uns auch, die Effizienz dieser Werbekampagnen zu verfolgen. Funktional: Dies sind Cookies, die bestimmten nicht wesentlichen Funktionen auf unserer Website helfen. Zu diesen Funktionen geh\u00f6ren das Einbetten von Inhalten wie Videos oder das Teilen von Website-Inhalten auf Social-Media-Plattformen. Pr\u00e4ferenzen: Diese Cookies helfen uns, Ihre Einstellungen und Browsereinstellungen als Spracheinstellungen zu speichern, damit Sie bei zuk\u00fcnftigen Besuchen der Website eine bessere und effizientere Erfahrung haben.<\/div>\n<h3>Wie kann ich Cookie-Einstellungen steuern?<\/h3>\n<div>Wenn Sie sich entscheiden, Ihre Einstellungen sp\u00e4ter w\u00e4hrend Ihrer Browser-Sitzung zu \u00e4ndern, k\u00f6nnen Sie auf die Registerkarte &#8222;Datenschutz- und Cookies-Richtlinie&#8220; auf Ihrem Bildschirm klicken. Dadurch wird die Einwilligungsmitteilung erneut angezeigt, sodass Sie Ihre Pr\u00e4ferenzen \u00e4ndern oder Ihre Einwilligung vollst\u00e4ndig widerrufen k\u00f6nnen. Dar\u00fcber hinaus bieten verschiedene Browser verschiedene Methoden an, um Cookies, die von Websites verwendet werden, zu blockieren und zu l\u00f6schen. Sie k\u00f6nnen Ihre Browsereinstellungen \u00e4ndern, um Cookies zu blockieren\/l\u00f6schen. Weitere Informationen zum Verwalten und L\u00f6schen von Cookies finden Sie in wikipedia.org, www.allaboutcookies.org.<\/div><\/div>\n","protected":false},"excerpt":{"rendered":"<p>\u00dcber diese Cookie-Richtlinie Diese Cookie-Richtlinie erkl\u00e4rt, was Cookies sind und wie wir sie verwenden, welche Arten von Cookies wir verwenden,&#8230;<\/p>\n","protected":false},"author":6,"featured_media":0,"parent":0,"menu_order":0,"comment_status":"closed","ping_status":"closed","template":"","meta":{"_acf_changed":false,"footnotes":""},"class_list":["post-5936","page","type-page","status-publish"],"acf":[],"_hostinger_reach_plugin_has_subscription_block":false,"_hostinger_reach_plugin_is_elementor":false,"_links":{"self":[{"href":"https:\/\/www.cofundi.com\/de\/wp-json\/wp\/v2\/pages\/5936","targetHints":{"allow":["GET"]}}],"collection":[{"href":"https:\/\/www.cofundi.com\/de\/wp-json\/wp\/v2\/pages"}],"about":[{"href":"https:\/\/www.cofundi.com\/de\/wp-json\/wp\/v2\/types\/page"}],"author":[{"embeddable":true,"href":"https:\/\/www.cofundi.com\/de\/wp-json\/wp\/v2\/users\/6"}],"replies":[{"embeddable":true,"href":"https:\/\/www.cofundi.com\/de\/wp-json\/wp\/v2\/comments?post=5936"}],"version-history":[{"count":0,"href":"https:\/\/www.cofundi.com\/de\/wp-json\/wp\/v2\/pages\/5936\/revisions"}],"wp:attachment":[{"href":"https:\/\/www.cofundi.com\/de\/wp-json\/wp\/v2\/media?parent=5936"}],"curies":[{"name":"wp","href":"https:\/\/api.w.org\/{rel}","templated":true}]}}