{"id":5934,"date":"2020-12-28T08:59:39","date_gmt":"2020-12-28T08:59:39","guid":{"rendered":"https:\/\/cofundi.com\/datenschutz\/"},"modified":"2020-12-28T10:17:12","modified_gmt":"2020-12-28T10:17:12","slug":"datenschutz","status":"publish","type":"page","link":"https:\/\/www.cofundi.com\/de\/datenschutz\/","title":{"rendered":"Datenschutz"},"content":{"rendered":"<div class=\"wpb-content-wrapper\"><p>[vc_row][vc_column][vc_column_text]<b>Datenschutz  <\/b><\/p>\n<p><span style=\"font-weight: 400;\">Der Hauptzweck<\/span> <b>www.cofundi.com<\/b> webseite ist es, die Dienstleistungen und Aktivit\u00e4ten von <span style=\"font-weight: 400;\">COFUNDI<\/span> zu informieren.[\/vc_column_text][\/vc_column][\/vc_row][vc_row][vc_column]<div class=\"gem-table gem-table-responsive gem-table-style-3\"><table style=\"width: 577px; height: 189px;\">\n<thead>\n<tr>\n<th>\n<h6>\n                      <b>\u00dcberschrift<\/b><br \/>\n                    <\/h6>\n<\/th>\n<th>\n<h6>\n                      <b>BASISINFORMATIONSENTIT\u00c4T<\/b><br \/>\n                    <\/h6>\n<\/th>\n<\/tr>\n<\/thead>\n<tbody>\n<tr>\n<td>\n                    <span style=\"font-weight: 400;\">Verantwortlich<\/span>\n                  <\/td>\n<td>\n                    <span style=\"font-weight: 400;\">COFUNDI S.L<\/span>\n                  <\/td>\n<\/tr>\n<tr>\n<td>\n                    <span style=\"font-weight: 400;\">Zweck<\/span>\n                  <\/td>\n<td>\n                    <span style=\"font-weight: 400;\">Einfache Beschreibung der Behandlungszwecke<\/span>\n                  <\/td>\n<\/tr>\n<tr>\n<td>\n                    <span style=\"font-weight: 400;\">Legitimation<\/span>\n                  <\/td>\n<td>\n                    <span style=\"font-weight: 400;\">Zustimmung des Benutzers<\/span>\n                  <\/td>\n<\/tr>\n<tr>\n<td>\n                    <span style=\"font-weight: 400;\">Empf\u00e4nger<\/span>\n                  <\/td>\n<td>\n                    <span style=\"font-weight: 400;\">Es werden keine Daten an Dritte weitergegeben, au\u00dfer<\/span>\n                  <\/td>\n<\/tr>\n<tr>\n<td>\n                    <span style=\"font-weight: 400;\">Rechte<\/span>\n                  <\/td>\n<td>\n                    <span style=\"font-weight: 400;\">Aus\u00fcbung von Rechten im Datenschutz<\/span>\n                  <\/td>\n<\/tr>\n<\/tbody>\n<\/table>\n<\/div>[\/vc_column][\/vc_row][vc_row][vc_column][vc_column_text]<b>ENTWICKLUNG VON BASISINFORMATIONEN<\/b><\/p>\n<p>          <span style=\"font-weight: 400;\">In unserer Einheit haben wir unsere Datenschutzprotokolle und -richtlinien an die Europ\u00e4ische Datenschutzverordnung 679\/2016 (DSGVO) und LO 3\/2018 vom 5. Dezember \u00fcber den Schutz personenbezogener Daten und die Gew\u00e4hrleistung digitaler Rechte angepasst, da wir uns um die Sicherheit und den Schutz der von uns verarbeiteten Daten sorgen.<\/span><\/p>\n<p>          <span style=\"font-weight: 400;\">Diese Datenschutzerkl\u00e4rung (nachfolgend die &#8222;Datenschutzrichtlinie&#8220;) gilt f\u00fcr alle personenbezogenen Daten, die Sie unserer Organisation zur Verf\u00fcgung stellen. F\u00fcr die Zwecke dieser Datenschutzerkl\u00e4rung sollte jede nat\u00fcrliche Person, die an den Produkten und Dienstleistungen interessiert ist, die COFUNDI S.L. \u00fcber ihre Website anbietet, als &#8222;Nutzer&#8220; verstanden werden. Unsere F\u00fcr die Verarbeitung zust\u00e4ndige Stelle wird vor der Bereitstellung Ihrer personenbezogenen Daten die ausdr\u00fcckliche Zustimmung des Nutzers zu dieser Datenschutzrichtlinie, wenn erforderlich, und zu jedem anderen Aspekt verlangen, der die vorherige Genehmigung derselben erfordert.<\/span><\/p>\n<p>          <span style=\"font-weight: 400;\">Die Website von COFUNDI S.L. richtet sich nicht an Kinder unter 18 Jahren. Mit der Annahme dieser Datenschutzerkl\u00e4rung erkl\u00e4rt der Nutzer und garantiert, dass er \u00fcber 18 Jahre alt ist.<\/span><\/p>\n<p>          <b>1.- WER IST F\u00dcR DIE VERARBEITUNG VON DATEN VERANTWORTLICH?<\/b><\/p>\n<p>          <span style=\"font-weight: 400;\">COFUNDI S.L., mit Sitz in  <\/span><br \/>\n          <span style=\"font-weight: 400;\"> <\/span><br \/>\n          <span style=\"font-weight: 400;\">Ctra. Plentzia, PI Billela 9-11, 48100 MUNGIA (BIZKAIA)<\/span><br \/>\n          <span style=\"font-weight: 400;\">,  <\/span><br \/>\n          <span style=\"font-weight: 400;\">ist f\u00fcr die korrekte Verarbeitung Ihrer Daten verantwortlich. Sie k\u00f6nnen diese Verarbeitung \u00fcber die folgende E-Mail konsultieren:  <\/span><br \/>\n          <a href=\"mailto:info@cofundi.com\"><br \/>\n            <span style=\"font-weight: 400;\">info@cofundi.com<\/span><br \/>\n          <\/a><\/p>\n<p>          <b>2.- WAS IST DIE RECHTSGRUNDLAGE F\u00dcR DIE VERARBEITUNG VON DATEN<\/b><\/p>\n<p>          <span style=\"font-weight: 400;\">Die Nutzung der Daten, die Sie uns durch Einwilligung zur Verf\u00fcgung gestellt haben, ist, sofern nichts anderes ist, f\u00fcr die ordnungsgem\u00e4\u00dfe Verwaltung der Beziehungen zu den Nutzern und dar\u00fcber hinaus in der Lage, den gesetzlichen Verpflichtungen nachzukommen.  <\/span><br \/>\n          <span style=\"font-weight: 400;\">COFUNDI darf diejenigen nicht registrieren, die nicht die erforderlichen Daten angeben.<\/span><\/p>\n<p>          <span style=\"font-weight: 400;\">Sie m\u00fcssen die Formulare mit echten, genauen und vollst\u00e4ndigen Daten ausf\u00fcllen und auf Sch\u00e4den reagieren, die im Falle eines fehlerhaften Abschlusses, mit falschen, ungenauen, unvollst\u00e4ndigen oder veralteten Daten entstehen k\u00f6nnen.<\/span><\/p>\n<p>          <b>5.- NIEDRIG IM DIENST DER VERSAND VON COMMERCIAL COMMUNICATIONS  <\/b><\/p>\n<p>          <span style=\"font-weight: 400;\">Der Nutzer hat das Recht, die einwilligungsgem\u00e4\u00dfe Einwilligung zum Versand kommerzieller Mitteilungen, einschlie\u00dflich Newsletter, jederzeit mit der einfachen Mitteilung an COFUNDI zu widerrufen, mit der er mitteilt, dass er keine kommerziellen Mitteilungen weiterhin erhalten m\u00f6chte. Zu diesem Zwecke kann der Nutzer seine Einwilligung in der beschriebenen Form widerrufen oder damit den Versand elektronischer kommerzieller Mitteilungen widerrufen.<\/span><\/p>\n<p>          <b>6.- ANNAHME DIESER BEDINGUNGEN<\/b><\/p>\n<p>          <span style=\"font-weight: 400;\">Durch die Nutzung dieser Website gehen wir davon aus, dass Sie dieses Dokument sorgf\u00e4ltig gelesen haben und dass Sie seine Ratschl\u00e4ge verstanden und befolgt haben. Falls der Nutzer mit dieser Datenschutzerkl\u00e4rung oder den durch diese gegebenen Ratschl\u00e4gen nicht einverstanden ist, nutzen Sie bitte unsere Website nicht. Wir behalten uns das Recht vor, diese Nutzungsbedingung zu \u00e4ndern, wenn wir dies f\u00fcr notwendig erachten. Die Kontinuit\u00e4t der Nutzung dieser und anderer COFUNDI-Websites durch den Nutzer nach erfolgter \u00c4nderung setzt die volle Akzeptanz dieser Websites voraus.<\/span>[\/vc_column_text][\/vc_column][\/vc_row]<\/p>\n<\/div>","protected":false},"excerpt":{"rendered":"<p>[vc_row][vc_column][vc_column_text]Datenschutz Der Hauptzweck www.cofundi.com webseite ist es, die Dienstleistungen und Aktivit\u00e4ten von COFUNDI zu informieren.[\/vc_column_text][\/vc_column][\/vc_row][vc_row][vc_column][\/vc_column][\/vc_row][vc_row][vc_column][vc_column_text]ENTWICKLUNG VON BASISINFORMATIONEN In unserer Einheit&#8230;<\/p>\n","protected":false},"author":6,"featured_media":0,"parent":0,"menu_order":0,"comment_status":"closed","ping_status":"closed","template":"","meta":{"_acf_changed":false,"footnotes":""},"class_list":["post-5934","page","type-page","status-publish"],"acf":[],"_hostinger_reach_plugin_has_subscription_block":false,"_hostinger_reach_plugin_is_elementor":false,"_links":{"self":[{"href":"https:\/\/www.cofundi.com\/de\/wp-json\/wp\/v2\/pages\/5934","targetHints":{"allow":["GET"]}}],"collection":[{"href":"https:\/\/www.cofundi.com\/de\/wp-json\/wp\/v2\/pages"}],"about":[{"href":"https:\/\/www.cofundi.com\/de\/wp-json\/wp\/v2\/types\/page"}],"author":[{"embeddable":true,"href":"https:\/\/www.cofundi.com\/de\/wp-json\/wp\/v2\/users\/6"}],"replies":[{"embeddable":true,"href":"https:\/\/www.cofundi.com\/de\/wp-json\/wp\/v2\/comments?post=5934"}],"version-history":[{"count":0,"href":"https:\/\/www.cofundi.com\/de\/wp-json\/wp\/v2\/pages\/5934\/revisions"}],"wp:attachment":[{"href":"https:\/\/www.cofundi.com\/de\/wp-json\/wp\/v2\/media?parent=5934"}],"curies":[{"name":"wp","href":"https:\/\/api.w.org\/{rel}","templated":true}]}}