{"id":5932,"date":"2020-12-28T08:59:39","date_gmt":"2020-12-28T08:59:39","guid":{"rendered":"https:\/\/cofundi.com\/rechtlicher-hinweis\/"},"modified":"2021-01-14T09:34:45","modified_gmt":"2021-01-14T09:34:45","slug":"impressum","status":"publish","type":"page","link":"https:\/\/www.cofundi.com\/de\/impressum\/","title":{"rendered":"IMPRESSUM"},"content":{"rendered":"<div class=\"wpb-content-wrapper\"><p>[vc_row][vc_column][\/vc_column][\/vc_row][vc_row][vc_column][vc_column_text]<b>ALLGEMEINE NUTZUNGSBEDINGUNGEN UND DATENSCHUTZRICHTLINIEN<\/b><\/p>\n<p><span style=\"font-weight: 400;\">Bitte lesen Sie diese Nutzungsbedingungen sorgf\u00e4ltig durch, bevor Sie diese Website nutzen. Die Nutzung dieser Website impliziert, dass der Nutzer implizit anerkennt, dass er die Bedingungen akzeptiert. Wenn Sie mit ihnen nicht einverstanden sind oder Fragen haben, registrieren Sie sich bitte nicht oder nutzen Sie diese Website nicht.<\/span><\/p>\n<p>&nbsp;<\/p>\n<p><b>1.- WER WIR SIND<\/b><\/p>\n<p><span style=\"font-weight: 400;\">Casting von Facilities, Utilities &amp; Diversity, S.L. (im Folgenden COFUNDI) mit Adresse in Ctra. Plentzia, PI Billela 9-11, 48100 MUNGIA (BIZKAIA), CIF B95768941 in der Lage, es f\u00fcr alle Probleme im Zusammenhang mit dieser Website zu kontaktieren.<\/span><\/p>\n<p><span style=\"font-weight: 400;\">Die Domain<\/span> <a href=\"https:\/\/cofundi.com\/\" rel=\"nofollow noopener\" target=\"_blank\"><b>www.cofundi.com<\/b><\/a><\/p>\n<p>geh\u00f6rt<span style=\"font-weight: 400;\"> COFUNDI.<\/span><\/p>\n<p>&nbsp;<\/p>\n<p><b>2.- WAS IST DIE COFUNDI WEBSITE<\/b><\/p>\n<p><span style=\"font-weight: 400;\">Die Website www.cofundi.com<\/span> <b><\/b><\/p>\n<p>Sie sich befinden, ist der interaktive Raum, der<span style=\"font-weight: 400;\"> von COFUNDI erstellt wurde, um weitere Informationen \u00fcber seine Produkte und Dienstleistungen bereitzustellen.<\/span><\/p>\n<p><span style=\"font-weight: 400;\">Wie jede Website haben wir Nutzungsbedingungen und eine Datenschutzrichtlinie, auf der wir davon ausgehen, dass unser Wunsch ist, eine geniale und lustige Erg\u00e4nzung zur Werbung f\u00fcr unsere Produkte zu geben, keine direkte Verkaufsaktivit\u00e4t von Produkten auf dieser Seite durchzuf\u00fchren.<\/span><\/p>\n<p>&nbsp;<\/p>\n<p><b>3.- EIGENTUM AN DER WEBSITE UND NUTZUNGSBESCHR\u00c4NKUNGEN<\/b><\/p>\n<p><span style=\"font-weight: 400;\">Diese Website ist Eigentum von COFUNDI. Alle Marken, Domainnamen und sonstigen geistigen Eigentumsrechte sind Eigentum von COFUNDI. in einer Weise, dass keine Inhalte derselben \u00fcbertragen, kopiert, reproduziert, ver\u00f6ffentlicht, hochgeladen, gesendet, \u00fcbertragen, verbreitet oder in irgendeiner Weise verwertet werden d\u00fcrfen, mit Ausnahme der Nutzung der Website und ihrer Inhalte entsprechend dem Zweck derselben, in der Lage, Downloads und Kopien streng privat zu machen, ohne in der Lage zu sein, eine andere als die in diesen Bedingungen vorgesehene Nutzung zu machen.<\/span><\/p>\n<p><span style=\"font-weight: 400;\">Die Verletzung des Vorstehenden stellt eine Verletzung der Urheberrechte und anderer Rechte von COFUNDI dar. Die \u00c4nderung und Nutzung der Inhalte f\u00fcr andere als die hier in diesem Dokument zul\u00e4ssigen Zwecke stellt eine Verletzung der Urheberrechte und anderer Eigentumsrechte von COFUNDI dar. F\u00fcr die Zwecke dieser Nutzungsbedingungen ist die Nutzung der Inhalte, auf die hierin verwiesen wird, auf einer anderen Website oder einem Computernetzwerk untersagt.<\/span><\/p>\n<p>&nbsp;<\/p>\n<p><b>4.- FREIER CHARAKTER DER WEBSITE<\/b><\/p>\n<p><span style=\"font-weight: 400;\">Abgesehen vom pers\u00f6nlichen Verbrauch des Nutzers in der Telematikkommunikation enth\u00e4lt die Nutzung dieser Website keinen Preis, d. h. wir verkaufen nicht direkt \u00fcber unsere Produkte und die Nutzung der Website hat einen spielerischen und partizipativen Charakter, der durch die Zwecke der Promotion, Veranstaltung oder des Wettbewerbs geregelt wird, so dass der Nutzer nur die in jeder Werbeaktion festgelegten Anreize gewinnen kann.<\/span><\/p>\n<p>&nbsp;<\/p>\n<p><b>5.- DAUER<\/b><\/p>\n<p><span style=\"font-weight: 400;\">Diese Nutzungsbedingungen gelten, solange sie auf der Website unver\u00e4ndert bleiben und COFUNDI sich das Recht vorbeh\u00e4lt, sie jederzeit zu \u00e4ndern, zu modifizieren oder zu entfernen, solche \u00c4nderungen m\u00fcssen auf der Website selbst erscheinen.<\/span><\/p>\n<p>&nbsp;<\/p>\n<p><b>6.- GEW\u00c4HRLEISTUNGSAUSSCHLUSS<\/b><\/p>\n<p><span style=\"font-weight: 400;\">COFUNDI hat sich in der Qualit\u00e4t dieser Website und ihrer Inhalte so sehr bem\u00fcht und garantiert ausdr\u00fccklich die Teilnahme des Nutzers an seinen Aktionen und den von ihm angebotenen Preisen. Angesichts der Merkmale des COFUNDI Internet Mediums selbst. \u00fcbernimmt keine Garantie f\u00fcr die Inhalte der Website oder die Verf\u00fcgbarkeit und Kontinuit\u00e4t des Betriebs dieser Website, die Reparatur von Ausf\u00e4llen oder das Fehlen von Viren oder anderen elementen, die dem System schaden, auf dieser Website oder auf ihrem Server, unbeschadet der st\u00e4ndigen Anstrengungen, die wir unternehmen, um diesbez\u00fcgliche Eventualit\u00e4ten zu vermeiden. COFUNDI ist nicht verantwortlich f\u00fcr die Nutzung der Inhalte dieser Website.<\/span><\/p>\n<p>&nbsp;<\/p>\n<p><b>7.- HAFTUNGSBESCHR\u00c4NKUNG<\/b><\/p>\n<p><span style=\"font-weight: 400;\">Aufgrund der oben genannten Bedingung und aufgrund der Besonderheiten des Internets selbst haftet COFUNDI unter keinen Umst\u00e4nden, einschlie\u00dflich, aber nicht beschr\u00e4nkt auf Fahrl\u00e4ssigkeit, f\u00fcr Sch\u00e4den jeglicher Art, die auf die Verwendung oder Unm\u00f6glichkeit der Nutzung der Materialien auf dieser Website zur\u00fcckzuf\u00fchren sind, einschlie\u00dflich in F\u00e4llen, in denen COFUNDI , oder ein autorisierter COFUNDI-Vertreter wurden vor der M\u00f6glichkeit solcher Sch\u00e4den gewarnt. Die Haftung von COFUNDI gegen\u00fcber dem Nutzer f\u00fcr alle Sch\u00e4den, einschlie\u00dflich, aber nicht beschr\u00e4nkt auf Fahrl\u00e4ssigkeit, Verluste und Forderungen, darf in keinem Fall den Betrag \u00fcberschreiten, den der Nutzer f\u00fcr den Zugriff auf diese Website bezahlt hat.<\/span><\/p>\n<p>&nbsp;<\/p>\n<p><b>8.- ZUST\u00c4NDIGKEIT<\/b><\/p>\n<p><span style=\"font-weight: 400;\">COFUNDI hat keine Kontrolle dar\u00fcber, wer oder wer auf seine Website zugreifen kann und wo sie sich befinden k\u00f6nnen. Die Nutzer dieser Website sowie COFUNDI verzichten ausdr\u00fccklich auf ihre eigene Zust\u00e4ndigkeit und unterwerfen sich der Gerichtsbarkeit der Gerichte von Bilbao f\u00fcr Konflikte oder Anspr\u00fcche in Bezug auf diese Website.<\/span><\/p>\n<p>[\/vc_column_text][\/vc_column][\/vc_row]<\/p>\n<\/div>","protected":false},"excerpt":{"rendered":"<p>[vc_row][vc_column][\/vc_column][\/vc_row][vc_row][vc_column][vc_column_text]ALLGEMEINE NUTZUNGSBEDINGUNGEN UND DATENSCHUTZRICHTLINIEN Bitte lesen Sie diese Nutzungsbedingungen sorgf\u00e4ltig durch, bevor Sie diese Website nutzen. Die Nutzung dieser Website&#8230;<\/p>\n","protected":false},"author":6,"featured_media":0,"parent":0,"menu_order":0,"comment_status":"closed","ping_status":"closed","template":"","meta":{"_acf_changed":false,"footnotes":""},"class_list":["post-5932","page","type-page","status-publish"],"acf":[],"_hostinger_reach_plugin_has_subscription_block":false,"_hostinger_reach_plugin_is_elementor":false,"_links":{"self":[{"href":"https:\/\/www.cofundi.com\/de\/wp-json\/wp\/v2\/pages\/5932","targetHints":{"allow":["GET"]}}],"collection":[{"href":"https:\/\/www.cofundi.com\/de\/wp-json\/wp\/v2\/pages"}],"about":[{"href":"https:\/\/www.cofundi.com\/de\/wp-json\/wp\/v2\/types\/page"}],"author":[{"embeddable":true,"href":"https:\/\/www.cofundi.com\/de\/wp-json\/wp\/v2\/users\/6"}],"replies":[{"embeddable":true,"href":"https:\/\/www.cofundi.com\/de\/wp-json\/wp\/v2\/comments?post=5932"}],"version-history":[{"count":0,"href":"https:\/\/www.cofundi.com\/de\/wp-json\/wp\/v2\/pages\/5932\/revisions"}],"wp:attachment":[{"href":"https:\/\/www.cofundi.com\/de\/wp-json\/wp\/v2\/media?parent=5932"}],"curies":[{"name":"wp","href":"https:\/\/api.w.org\/{rel}","templated":true}]}}