{"id":5861,"date":"2020-12-28T08:59:12","date_gmt":"2020-12-28T08:59:12","guid":{"rendered":"https:\/\/cofundi.com\/technisches-buero\/"},"modified":"2021-01-13T14:40:52","modified_gmt":"2021-01-13T14:40:52","slug":"technisches-buero","status":"publish","type":"page","link":"https:\/\/www.cofundi.com\/de\/technisches-buero\/","title":{"rendered":"Technisches B\u00fcro"},"content":{"rendered":"<div class=\"wpb-content-wrapper\"><p>[vc_row full_width=&#8220;stretch_row&#8220; css=&#8220;.vc_custom_1599999579760{margin-bottom: 0px !important;}&#8220; custom_css_code=&#8220;LnF1aWNrZmluZGVyLWl0ZW0uZXZlbiUyMC5jb25uZWN0b3ItdG9wJTJDJTBBLnF1aWNrZmluZGVyLWl0ZW0uZXZlbiUyMC5jb25uZWN0b3ItYm90JTdCJTBBJTIwJTIwJTIwJTIwbGVmdCUzQSUyMC05MnB4JTIwJTIxaW1wb3J0YW50JTNCJTBBJTdEJTBBLnF1aWNrZmluZGVyLWl0ZW0ub2RkJTIwLmNvbm5lY3Rvci10b3AlMkMlMEEucXVpY2tmaW5kZXItaXRlbS5vZGQlMjAuY29ubmVjdG9yLWJvdCU3QiUwQSUyMCUyMCUyMCUyMHJpZ2h0JTNBJTIwLTkycHglMjAlMjFpbXBvcnRhbnQlM0IlMEElN0QlMEEucXVpY2tmaW5kZXItc3R5bGUtdmVydGljYWwlMjAucXVpY2tmaW5kZXItaXRlbS10aXRsZSU3QiUwQSUyMCUyMCUyMCUyMHBhZGRpbmctdG9wJTNBJTIwNjBweCUzQiUwQSU3RCUwQS5xdWlja2ZpbmRlci1zdHlsZS12ZXJ0aWNhbCUyMC5xdWlja2ZpbmRlci1pdGVtLXRleHQlN0IlMEElMjAlMjAlMjAlMjBwYWRkaW5nLWJvdHRvbSUzQSUyMDgwcHglM0IlMEElN0QlMEEucXVpY2tmaW5kZXItc3R5bGUtdmVydGljYWwtMSUyMC5xdWlja2ZpbmRlci1pdGVtLWluZm8lN0IlMEElMjAlMjAlMjAlMjBiYWNrZ3JvdW5kLWNvbG9yJTNBJTIwdHJhbnNwYXJlbnQlM0IlMEElN0QlMEEucXVpY2tmaW5kZXItc3R5bGUtdmVydGljYWwtMSUyMC5xdWlja2ZpbmRlci1pdGVtLm9kZCUyMC5xdWlja2ZpbmRlci1pdGVtLWluZm8td3JhcHBlciU3QiUwQSUyMCUyMCUyMCUyMHBhZGRpbmctcmlnaHQlM0ElMjAwJTNCJTBBJTdEJTBBLnF1aWNrZmluZGVyLXN0eWxlLXZlcnRpY2FsLTElMjAucXVpY2tmaW5kZXItaXRlbS5ldmVuJTIwLnF1aWNrZmluZGVyLWl0ZW0taW5mby13cmFwcGVyJTdCJTBBJTIwJTIwJTIwJTIwcGFkZGluZy1sZWZ0JTNBJTIwMCUzQiUwQSU3RCUwQS5xZi1zdmctYXJyb3ctbGVmdCUyQyUwQS5xZi1zdmctYXJyb3ctcmlnaHQlN0IlMEElMjAlMjAlMjAlMjBmaWxsJTNBJTIwdHJhbnNwYXJlbnQlMEElN0QlMEEucXVpY2tmaW5kZXItc3R5bGUtdmVydGljYWwlMjAuZ2VtLWljb24uZ2VtLWljb24tc2hhcGUtaGV4YWdvbiU3QiUwQSUyMCUyMCUyMCUyMGJveC1zaGFkb3clM0ElMjBub25lJTIwJTIxaW1wb3J0YW50JTNCJTBBJTdEJTBBLmdlbS1pY29uLXNpemUtbGFyZ2UlN0IlMEElMjAlMjAlMjAlMjBmb250LXNpemUlM0ElMjA2NHB4JTNCJTBBJTdE&#8220;][vc_column css=&#8220;.vc_custom_1528795460075{padding-top: 0px !important;}&#8220;][vc_column_text css_animation=&#8220;bottom-to-top&#8220;]<\/p>\n<div class=\"title-h1\" style=\"text-align: center;\"><span style=\"color: #0f0f0f;\">Technische Abteilung<\/span><\/div>\n<p>[\/vc_column_text]<div class=\"clearboth\"><\/div><style>#thegem-divider-6a0482f7ace9d {margin-top: 80px !important;}<\/style><div id=\"thegem-divider-6a0482f7ace9d\" class=\"gem-divider  \" style=\"\" ><\/div>[\/vc_column][\/vc_row][vc_row full_width=&#8220;stretch_row&#8220; equal_height=&#8220;yes&#8220; content_placement=&#8220;top&#8220; css=&#8220;.vc_custom_1599999667293{margin-bottom: 0px !important;padding-top: 0px !important;}&#8220; custom_css_code=&#8220;LmdlbS1xdW90ZS5nZW0tcXVvdGUtc3R5bGUtMi5nZW0tcXVvdGUtbm8tcGFkZGluZ3MlN0IlMEElMjAlMjAlMjAlMjAlMjBwYWRkaW5nLXJpZ2h0JTNBJTIwNDBweCUzQiUwQSU3RA==&#8220;][vc_column css_animation=&#8220;none&#8220; width=&#8220;1\/3&#8243;]<div style='background-color: #0f0f0f; border-color: #f7f8f8; color: #ffffff; '  class=\"gem-quote gem-quote-style-3 gem-quote-no-paddings custom-color-blockqute-mark-added \" ><blockquote style='color: #ffffff ; border-color: #f7f8f8 ' ><span style=\"color: #ffffff;\">DIE IDEEN EINER TECHNISCHEN ABTEILUNG SIND DER HAUPTMOTOR, DER HILFT, EINE BESSERE PRODUKTION ZU REALISIEREN<\/span><\/blockquote><span style=color:#ff9900;  class=\"custom-color-blockqute-mark\">&#xe60c;<\/span><\/div>[\/vc_column][vc_column css_animation=&#8220;none&#8220; width=&#8220;2\/3&#8243;][vc_column_text]Sie brauchen keine externe Agentur f\u00fcr das Design zu beauftragen, da sich unsere technische Abteilung an Ihre Pl\u00e4ne und Bed\u00fcrfnisse anpasst.<\/p>\n<p>Wir verf\u00fcgen \u00fcber ein integriertes technisches B\u00fcro, das sich mit der Entwicklung von Formen und Werkzeugen besch\u00e4ftigt, die f\u00fcr die Produktion der Teile notwendig sind. Wir bearbeiten die 3D-Daten, die wir von Ihnen erhalten, mit dem Programm SolidWorks und k\u00f6nnen somit:<\/p>\n<ul>\n<li><span style=\"font-weight: 400;\">die Arbeit beschleunigen<\/span><\/li>\n<li><span style=\"font-weight: 400;\">den Verlust von Informationen\u00a0 vermeiden, indem keine externen Modellierer beauftragt werden m\u00fcssen<\/span><\/li>\n<li><span style=\"font-weight: 400;\">die Kommunikation zwischen Ihnen und unserem Unternehmen\u00a0 verbessern<\/span><\/li>\n<li><span style=\"font-weight: 400;\">\u00c4nderungen schneller und einfacher vornehmen<\/span><\/li>\n<\/ul>\n<p><span style=\"font-weight: 400;\">Sobald der endg\u00fcltige Entwurf von Ihnen genehmigt ist, beginnt der Bau des Modells oder der Werkzeuge. Anschlie\u00dfend wird eine Gie\u00df- und H\u00e4rtesimulation mit QuikCast-Software durchgef\u00fchrt.<\/span><\/p>\n<p><span style=\"font-weight: 400;\">Das Programm erkennt vor dem Schmelzen m\u00f6gliche Porosit\u00e4ten und Hohlr\u00e4ume. Dies hilft uns, die Form an mechanische Eigenschaften wie das K\u00fchlen der Teile anzupassen und Fehler w\u00e4hrend des Gusses zu vermeiden.<\/span><\/p>\n<p><span style=\"font-weight: 400;\">Die Kollegen der Technikabteilung sind mit modernsten Grafikdesign- und Simulationsprogrammen ausgestattet und stehen in st\u00e4ndigem Kontakt mit den Kollegen aus der Produktion und dem Vertieb.<\/span>[\/vc_column_text][\/vc_column][\/vc_row][vc_row css=&#8220;.vc_custom_1599999444830{margin-bottom: 0px !important;padding-top: 20px !important;padding-bottom: 0px !important;}&#8220;][vc_column]<style>.gem-gallery-grid#style-6a0482f7ad0a0 .gallery-item { padding: calc(42px\/2) !important; }.gem-gallery-grid#style-6a0482f7ad0a0 .gallery-set { margin-top: calc(-42px\/2); margin-bottom: calc(-42px\/2); }.gem-gallery-grid#style-6a0482f7ad0a0 .not-fullwidth-block .gallery-set, .gem-gallery-grid#style-6a0482f7ad0a0 .not-fullwidth-block .portfolio-item-size-container { margin-left: calc(-42px\/2); margin-right: calc(-42px\/2); }.gem-gallery-grid#style-6a0482f7ad0a0 .fullwidth-block { padding-left: calc(42px\/2); padding-right: calc(42px\/2); }.gem-gallery-grid#style-6a0482f7ad0a0 .portfolio-filters { text-align: center }<\/style><div id=\"style-preloader-6a0482f7ad0a0\" class=\"preloader save-space\"><div class=\"preloader-spin\"><\/div><\/div> <div class=\"gallery-preloader-wrapper\"> <div class=\"row\"> <div id=\"style-6a0482f7ad0a0\" class=\"gem-gallery-grid col-lg-12 col-md-12 col-sm-12 gallery-style-masonry hover-horizontal-sliding loading-animation item-animation-move-up gallery-items-masonry columns-3 columns-tablet-2 columns-mobile-1 gaps-margin \" data-hover=\"horizontal-sliding\" data-uid=\"6a0482f7ad0a0\" data-filter=\"[]\"> <div class=\"portfolio not-fullwidth-block \"> <ul class=\"gallery-set clearfix\" data-max-row-height=\"380\"> <li class=\"gallery-item gallery-0 col-xs-12 col-sm-6 col-md-4 item-animations-not-inited single-icon post-5861 page type-page status-publish\" style=\"\"> <div class=\"wrap gem-wrapbox-style-default\"> <div class=\"overlay-wrap\"> <div class=\"image-wrap \"> <picture> <img fetchpriority=\"high\" src=\"https:\/\/www.cofundi.com\/wp-content\/uploads\/2020\/02\/FotoJet-15_recortado.jpg\" width=\"456\" height=\"323\" class=\"attachment-thegem-portfolio-masonry\" alt=\"FotoJet (15)_recortado\" \/> <\/picture> <\/div> <div class=\"overlay \"> <div class=\"overlay-circle\"><\/div> <a href=\"https:\/\/www.cofundi.com\/wp-content\/uploads\/2020\/02\/FotoJet-15_recortado.jpg\" class=\"gallery-item-link fancy-gallery\" data-fancybox=\"gallery-6a0482f7ad0a0\" aria-label=\"Fullsize Image: FotoJet (15)_recortado\"> <span class=\"slide-info\"> <\/span> <\/a> <div class=\"overlay-content\"> <div class=\"overlay-content-center\"> <div class=\"overlay-content-inner\"> <a href=\"https:\/\/www.cofundi.com\/wp-content\/uploads\/2020\/02\/FotoJet-15_recortado.jpg\" class=\"icon photo \" aria-label=\"Fullsize Image: FotoJet (15)_recortado\"> <\/a> <div class=\"overlay-line\"><\/div> <\/div> <\/div> <\/div> <\/div> <\/div> <\/div> <\/li> <li class=\"gallery-item gallery-0 col-xs-12 col-sm-6 col-md-4 item-animations-not-inited single-icon post-5861 page type-page status-publish\" style=\"\"> <div class=\"wrap gem-wrapbox-style-default\"> <div class=\"overlay-wrap\"> <div class=\"image-wrap \"> <picture> <img src=\"https:\/\/www.cofundi.com\/wp-content\/uploads\/2020\/02\/FotoJet-17-thegem-portfolio-masonry.jpg\" width=\"754\" height=\"951\" class=\"attachment-thegem-portfolio-masonry\" alt=\"FotoJet (17)\" \/> <\/picture> <\/div> <div class=\"overlay \"> <div class=\"overlay-circle\"><\/div> <a href=\"https:\/\/www.cofundi.com\/wp-content\/uploads\/2020\/02\/FotoJet-17.jpg\" class=\"gallery-item-link fancy-gallery\" data-fancybox=\"gallery-6a0482f7ad0a0\" aria-label=\"Fullsize Image: FotoJet (17)\"> <span class=\"slide-info\"> <\/span> <\/a> <div class=\"overlay-content\"> <div class=\"overlay-content-center\"> <div class=\"overlay-content-inner\"> <a href=\"https:\/\/www.cofundi.com\/wp-content\/uploads\/2020\/02\/FotoJet-17.jpg\" class=\"icon photo \" aria-label=\"Fullsize Image: FotoJet (17)\"> <\/a> <div class=\"overlay-line\"><\/div> <\/div> <\/div> <\/div> <\/div> <\/div> <\/div> <\/li> <li class=\"gallery-item gallery-0 col-xs-12 col-sm-6 col-md-4 item-animations-not-inited single-icon post-5861 page type-page status-publish\" style=\"\"> <div class=\"wrap gem-wrapbox-style-default\"> <div class=\"overlay-wrap\"> <div class=\"image-wrap \"> <picture> <img src=\"https:\/\/www.cofundi.com\/wp-content\/uploads\/2020\/02\/FotoJet-18_recortado.jpg\" width=\"384\" height=\"389\" class=\"attachment-thegem-portfolio-masonry\" alt=\"FotoJet (18)_recortado\" \/> <\/picture> <\/div> <div class=\"overlay \"> <div class=\"overlay-circle\"><\/div> <a href=\"https:\/\/www.cofundi.com\/wp-content\/uploads\/2020\/02\/FotoJet-18_recortado.jpg\" class=\"gallery-item-link fancy-gallery\" data-fancybox=\"gallery-6a0482f7ad0a0\" aria-label=\"Fullsize Image: FotoJet (18)_recortado\"> <span class=\"slide-info\"> <\/span> <\/a> <div class=\"overlay-content\"> <div class=\"overlay-content-center\"> <div class=\"overlay-content-inner\"> <a href=\"https:\/\/www.cofundi.com\/wp-content\/uploads\/2020\/02\/FotoJet-18_recortado.jpg\" class=\"icon photo \" aria-label=\"Fullsize Image: FotoJet (18)_recortado\"> <\/a> <div class=\"overlay-line\"><\/div> <\/div> <\/div> <\/div> <\/div> <\/div> <\/div> <\/li> <li class=\"gallery-item gallery-0 col-xs-12 col-sm-6 col-md-4 item-animations-not-inited single-icon post-5861 page type-page status-publish\" style=\"\"> <div class=\"wrap gem-wrapbox-style-default\"> <div class=\"overlay-wrap\"> <div class=\"image-wrap \"> <picture> <img loading=\"lazy\" src=\"https:\/\/www.cofundi.com\/wp-content\/uploads\/2020\/02\/FotoJet-20.jpg\" width=\"363\" height=\"382\" class=\"attachment-thegem-portfolio-masonry\" alt=\"FotoJet (20)\" \/> <\/picture> <\/div> <div class=\"overlay \"> <div class=\"overlay-circle\"><\/div> <a href=\"https:\/\/www.cofundi.com\/wp-content\/uploads\/2020\/02\/FotoJet-20.jpg\" class=\"gallery-item-link fancy-gallery\" data-fancybox=\"gallery-6a0482f7ad0a0\" aria-label=\"Fullsize Image: FotoJet (20)\"> <span class=\"slide-info\"> <\/span> <\/a> <div class=\"overlay-content\"> <div class=\"overlay-content-center\"> <div class=\"overlay-content-inner\"> <a href=\"https:\/\/www.cofundi.com\/wp-content\/uploads\/2020\/02\/FotoJet-20.jpg\" class=\"icon photo \" aria-label=\"Fullsize Image: FotoJet (20)\"> <\/a> <div class=\"overlay-line\"><\/div> <\/div> <\/div> <\/div> <\/div> <\/div> <\/div> <\/li> <li class=\"gallery-item gallery-0 col-xs-12 col-sm-6 col-md-4 item-animations-not-inited single-icon post-5861 page type-page status-publish\" style=\"\"> <div class=\"wrap gem-wrapbox-style-default\"> <div class=\"overlay-wrap\"> <div class=\"image-wrap \"> <picture> <img loading=\"lazy\" src=\"https:\/\/www.cofundi.com\/wp-content\/uploads\/2020\/02\/FotoJet-16-thegem-portfolio-masonry.jpg\" width=\"754\" height=\"1005\" class=\"attachment-thegem-portfolio-masonry\" alt=\"FotoJet (16)\" \/> <\/picture> <\/div> <div class=\"overlay \"> <div class=\"overlay-circle\"><\/div> <a href=\"https:\/\/www.cofundi.com\/wp-content\/uploads\/2020\/02\/FotoJet-16.jpg\" class=\"gallery-item-link fancy-gallery\" data-fancybox=\"gallery-6a0482f7ad0a0\" aria-label=\"Fullsize Image: FotoJet (16)\"> <span class=\"slide-info\"> <\/span> <\/a> <div class=\"overlay-content\"> <div class=\"overlay-content-center\"> <div class=\"overlay-content-inner\"> <a href=\"https:\/\/www.cofundi.com\/wp-content\/uploads\/2020\/02\/FotoJet-16.jpg\" class=\"icon photo \" aria-label=\"Fullsize Image: FotoJet (16)\"> <\/a> <div class=\"overlay-line\"><\/div> <\/div> <\/div> <\/div> <\/div> <\/div> <\/div> <\/li> <li class=\"gallery-item gallery-0 col-xs-12 col-sm-6 col-md-4 item-animations-not-inited single-icon post-5861 page type-page status-publish\" style=\"\"> <div class=\"wrap gem-wrapbox-style-default\"> <div class=\"overlay-wrap\"> <div class=\"image-wrap \"> <picture> <img loading=\"lazy\" src=\"https:\/\/www.cofundi.com\/wp-content\/uploads\/2020\/02\/FotoJet-19-2-rotated-thegem-portfolio-masonry.jpg\" width=\"754\" height=\"936\" class=\"attachment-thegem-portfolio-masonry\" alt=\"FotoJet (19)\" \/> <\/picture> <\/div> <div class=\"overlay \"> <div class=\"overlay-circle\"><\/div> <a href=\"https:\/\/www.cofundi.com\/wp-content\/uploads\/2020\/02\/FotoJet-19-2-rotated.jpg\" class=\"gallery-item-link fancy-gallery\" data-fancybox=\"gallery-6a0482f7ad0a0\" aria-label=\"Fullsize Image: FotoJet (19)\"> <span class=\"slide-info\"> <\/span> <\/a> <div class=\"overlay-content\"> <div class=\"overlay-content-center\"> <div class=\"overlay-content-inner\"> <a href=\"https:\/\/www.cofundi.com\/wp-content\/uploads\/2020\/02\/FotoJet-19-2-rotated.jpg\" class=\"icon photo \" aria-label=\"Fullsize Image: FotoJet (19)\"> <\/a> <div class=\"overlay-line\"><\/div> <\/div> <\/div> <\/div> <\/div> <\/div> <\/div> <\/li> <\/ul> <div class=\"portfolio-item-size-container\"> <li class=\"gallery-item size-item col-xs-12 col-sm-6 col-md-4 post-5861 page type-page status-publish\" style=\"\"> <\/li> <\/div> <\/div> <\/div> <\/div> <\/div>[\/vc_column][\/vc_row]<\/p>\n<\/div>","protected":false},"excerpt":{"rendered":"<p>[vc_row full_width=&#8220;stretch_row&#8220; css=&#8220;.vc_custom_1599999579760{margin-bottom: 0px !important;}&#8220; custom_css_code=&#8220;LnF1aWNrZmluZGVyLWl0ZW0uZXZlbiUyMC5jb25uZWN0b3ItdG9wJTJDJTBBLnF1aWNrZmluZGVyLWl0ZW0uZXZlbiUyMC5jb25uZWN0b3ItYm90JTdCJTBBJTIwJTIwJTIwJTIwbGVmdCUzQSUyMC05MnB4JTIwJTIxaW1wb3J0YW50JTNCJTBBJTdEJTBBLnF1aWNrZmluZGVyLWl0ZW0ub2RkJTIwLmNvbm5lY3Rvci10b3AlMkMlMEEucXVpY2tmaW5kZXItaXRlbS5vZGQlMjAuY29ubmVjdG9yLWJvdCU3QiUwQSUyMCUyMCUyMCUyMHJpZ2h0JTNBJTIwLTkycHglMjAlMjFpbXBvcnRhbnQlM0IlMEElN0QlMEEucXVpY2tmaW5kZXItc3R5bGUtdmVydGljYWwlMjAucXVpY2tmaW5kZXItaXRlbS10aXRsZSU3QiUwQSUyMCUyMCUyMCUyMHBhZGRpbmctdG9wJTNBJTIwNjBweCUzQiUwQSU3RCUwQS5xdWlja2ZpbmRlci1zdHlsZS12ZXJ0aWNhbCUyMC5xdWlja2ZpbmRlci1pdGVtLXRleHQlN0IlMEElMjAlMjAlMjAlMjBwYWRkaW5nLWJvdHRvbSUzQSUyMDgwcHglM0IlMEElN0QlMEEucXVpY2tmaW5kZXItc3R5bGUtdmVydGljYWwtMSUyMC5xdWlja2ZpbmRlci1pdGVtLWluZm8lN0IlMEElMjAlMjAlMjAlMjBiYWNrZ3JvdW5kLWNvbG9yJTNBJTIwdHJhbnNwYXJlbnQlM0IlMEElN0QlMEEucXVpY2tmaW5kZXItc3R5bGUtdmVydGljYWwtMSUyMC5xdWlja2ZpbmRlci1pdGVtLm9kZCUyMC5xdWlja2ZpbmRlci1pdGVtLWluZm8td3JhcHBlciU3QiUwQSUyMCUyMCUyMCUyMHBhZGRpbmctcmlnaHQlM0ElMjAwJTNCJTBBJTdEJTBBLnF1aWNrZmluZGVyLXN0eWxlLXZlcnRpY2FsLTElMjAucXVpY2tmaW5kZXItaXRlbS5ldmVuJTIwLnF1aWNrZmluZGVyLWl0ZW0taW5mby13cmFwcGVyJTdCJTBBJTIwJTIwJTIwJTIwcGFkZGluZy1sZWZ0JTNBJTIwMCUzQiUwQSU3RCUwQS5xZi1zdmctYXJyb3ctbGVmdCUyQyUwQS5xZi1zdmctYXJyb3ctcmlnaHQlN0IlMEElMjAlMjAlMjAlMjBmaWxsJTNBJTIwdHJhbnNwYXJlbnQlMEElN0QlMEEucXVpY2tmaW5kZXItc3R5bGUtdmVydGljYWwlMjAuZ2VtLWljb24uZ2VtLWljb24tc2hhcGUtaGV4YWdvbiU3QiUwQSUyMCUyMCUyMCUyMGJveC1zaGFkb3clM0ElMjBub25lJTIwJTIxaW1wb3J0YW50JTNCJTBBJTdEJTBBLmdlbS1pY29uLXNpemUtbGFyZ2UlN0IlMEElMjAlMjAlMjAlMjBmb250LXNpemUlM0ElMjA2NHB4JTNCJTBBJTdE&#8220;][vc_column css=&#8220;.vc_custom_1528795460075{padding-top: 0px !important;}&#8220;][vc_column_text css_animation=&#8220;bottom-to-top&#8220;] Technische Abteilung [\/vc_column_text][\/vc_column][\/vc_row][vc_row full_width=&#8220;stretch_row&#8220; equal_height=&#8220;yes&#8220; content_placement=&#8220;top&#8220; css=&#8220;.vc_custom_1599999667293{margin-bottom: 0px !important;padding-top: 0px&#8230;<\/p>\n","protected":false},"author":6,"featured_media":0,"parent":0,"menu_order":0,"comment_status":"closed","ping_status":"closed","template":"","meta":{"_acf_changed":false,"footnotes":""},"class_list":["post-5861","page","type-page","status-publish"],"acf":[],"_hostinger_reach_plugin_has_subscription_block":false,"_hostinger_reach_plugin_is_elementor":false,"_links":{"self":[{"href":"https:\/\/www.cofundi.com\/de\/wp-json\/wp\/v2\/pages\/5861","targetHints":{"allow":["GET"]}}],"collection":[{"href":"https:\/\/www.cofundi.com\/de\/wp-json\/wp\/v2\/pages"}],"about":[{"href":"https:\/\/www.cofundi.com\/de\/wp-json\/wp\/v2\/types\/page"}],"author":[{"embeddable":true,"href":"https:\/\/www.cofundi.com\/de\/wp-json\/wp\/v2\/users\/6"}],"replies":[{"embeddable":true,"href":"https:\/\/www.cofundi.com\/de\/wp-json\/wp\/v2\/comments?post=5861"}],"version-history":[{"count":0,"href":"https:\/\/www.cofundi.com\/de\/wp-json\/wp\/v2\/pages\/5861\/revisions"}],"wp:attachment":[{"href":"https:\/\/www.cofundi.com\/de\/wp-json\/wp\/v2\/media?parent=5861"}],"curies":[{"name":"wp","href":"https:\/\/api.w.org\/{rel}","templated":true}]}}