{"id":5822,"date":"2020-12-28T08:58:44","date_gmt":"2020-12-28T08:58:44","guid":{"rendered":"https:\/\/cofundi.com\/kontakt\/"},"modified":"2021-01-03T16:31:12","modified_gmt":"2021-01-03T16:31:12","slug":"kontakt","status":"publish","type":"page","link":"https:\/\/www.cofundi.com\/de\/kontakt\/","title":{"rendered":"Kontakt"},"content":{"rendered":"<div class=\"wpb-content-wrapper\"><p>[vc_row][vc_column]<div class=\"clearboth\"><\/div><style>#thegem-divider-69f35352c4ffd {margin-top: 80px !important;}<\/style><div id=\"thegem-divider-69f35352c4ffd\" class=\"gem-divider  \" style=\"\" ><\/div>[vc_column_text]<\/p>\n<div class=\"title-h2\" style=\"text-align: center; margin-bottom: 20px;\">Form<\/div>\n<div style=\"width: 55px; height: 3px; background: #fbc300; margin: 0 auto; text-indent: 9999px;\">1<\/div>\n<p>[\/vc_column_text][\/vc_column][\/vc_row][vc_row full_width=&#8220;stretch_row&#8220; css=&#8220;.vc_custom_1599841917921{margin-bottom: 0px !important;padding-top: 0px !important;padding-bottom: 40px !important;background-position: center !important;background-repeat: no-repeat !important;background-size: cover !important;}&#8220;][vc_column width=&#8220;1\/2&#8243; css=&#8220;.vc_custom_1511274007858{margin-bottom: 0px !important;padding-bottom: 0px !important;}&#8220;][vc_column_text]sich unterhalten? Sind Sie an einer Zusammenarbeit mit uns interessiert? Z\u00f6gern Sie nicht, uns zu schreiben.<\/p>\n<p>Fragen Sie nach einem Angebot f\u00fcr Ihr n\u00e4chstes Projekt oder fragen Sie uns, was Sie wissen m\u00f6chten.<\/p>\n<p>Unser Team wartet bereits auf Sie und ber\u00e4t Sie gerne.[\/vc_column_text][\/vc_column][vc_column width=&#8220;1\/2&#8243;]\n<div class=\"wpcf7 no-js\" id=\"wpcf7-f8246-o1\" lang=\"en-US\" dir=\"ltr\" data-wpcf7-id=\"8246\">\n<div class=\"screen-reader-response\"><p role=\"status\" aria-live=\"polite\" aria-atomic=\"true\"><\/p> <ul><\/ul><\/div>\n<form action=\"\/de\/wp-json\/wp\/v2\/pages\/5822#wpcf7-f8246-o1\" method=\"post\" class=\"wpcf7-form init\" aria-label=\"Contact form\" novalidate=\"novalidate\" data-status=\"init\">\n<fieldset class=\"hidden-fields-container\"><legend class=\"screen-reader-text\">Hidden fields<\/legend><input type=\"hidden\" name=\"_wpcf7\" value=\"8246\" \/><input type=\"hidden\" name=\"_wpcf7_version\" value=\"6.1.5\" \/><input type=\"hidden\" name=\"_wpcf7_locale\" value=\"en_US\" \/><input type=\"hidden\" name=\"_wpcf7_unit_tag\" value=\"wpcf7-f8246-o1\" \/><input type=\"hidden\" name=\"_wpcf7_container_post\" value=\"0\" \/><input type=\"hidden\" name=\"_wpcf7_posted_data_hash\" value=\"\" \/>\n<\/fieldset>\n<div>\r\n<p class=\"col-md-6 cf-style3-name\"><span class=\"wpcf7-form-control-wrap\" data-name=\"your-name\"><input size=\"40\" maxlength=\"400\" class=\"wpcf7-form-control wpcf7-text wpcf7-validates-as-required\" aria-required=\"true\" aria-invalid=\"false\" placeholder=\"Name*\" value=\"\" type=\"text\" name=\"your-name\" \/><\/span><\/p>\r\n<p class=\"col-md-6 cf-style3-email\"><span class=\"wpcf7-form-control-wrap\" data-name=\"your-email\"><input size=\"40\" maxlength=\"400\" class=\"wpcf7-form-control wpcf7-email wpcf7-validates-as-required wpcf7-text wpcf7-validates-as-email\" aria-required=\"true\" aria-invalid=\"false\" placeholder=\"E-Mail*\" value=\"\" type=\"email\" name=\"your-email\" \/><\/span><\/p>\r\n<p class=\"col-md-12 cf-style3-website\"><span class=\"wpcf7-form-control-wrap\" data-name=\"your-subject\"><input size=\"40\" maxlength=\"400\" class=\"wpcf7-form-control wpcf7-text wpcf7-validates-as-required\" aria-required=\"true\" aria-invalid=\"false\" placeholder=\"Nachricht*\" value=\"\" type=\"text\" name=\"your-subject\" \/><\/span><\/p>\r\n<p class=\"col-md-12 cf-style3-textarea\"><span class=\"wpcf7-form-control-wrap\" data-name=\"your-message\"><textarea cols=\"40\" rows=\"10\" maxlength=\"2000\" class=\"wpcf7-form-control wpcf7-textarea wpcf7-validates-as-required\" aria-required=\"true\" aria-invalid=\"false\" placeholder=\"Betreff*\" name=\"your-message\"><\/textarea><\/span><\/p>\r\n<p class=\"col-md-12\"><span class=\"wpcf7-form-control-wrap\" data-name=\"terms-and-conditions\"><span class=\"wpcf7-form-control wpcf7-acceptance\"><span class=\"wpcf7-list-item\"><label><input type=\"checkbox\" name=\"terms-and-conditions\" value=\"1\" aria-invalid=\"false\" \/><span class=\"wpcf7-list-item-label\">Ich bin mit den allgemeinen Gesch\u00e4ftsbedingungen einverstanden<\/span><\/label><\/span><\/span><\/span><\/p>\r\n<p class=\"col-md-4\"><input class=\"wpcf7-form-control wpcf7-submit has-spinner\" type=\"submit\" value=\"Senden\" \/><\/p>\r\n[recaptcha]\r\n<\/div><div class=\"wpcf7-response-output\" aria-hidden=\"true\"><\/div>\n<\/form>\n<\/div>\n<div class=\"clearboth\"><\/div><style>#thegem-divider-69f35352c7572 {margin-top: 25px !important;}<\/style><div id=\"thegem-divider-69f35352c7572\" class=\"gem-divider  \" style=\"\" ><\/div>[\/vc_column][\/vc_row][vc_row equal_height=&#8220;yes&#8220; custom_css_code=&#8220;JTQwbWVkaWElMjAlMjhtYXgtd2lkdGglM0ElMjAxMTk5cHglMjklN0IlMEElMjAlMjAlMjAlMjAlNDBpZC53cGJfcm93JTIwJTNFJTIwJTJBJTJDJTBBJTIwJTIwJTIwJTIwJTQwaWQud3BiX3JvdyUyMCU3QiUwQSUyMCUyMCUyMCUyMCUyMCUyMCUyMCUyMG1hcmdpbi10b3AlM0ElMjAwJTNCJTBBJTIwJTIwJTIwJTIwJTdEJTBBJTdEJTBBLmdlbS10ZXh0Ym94JTdCJTBBJTIwJTIwJTIwJTIwbWFyZ2luLWJvdHRvbSUzQSUyMDAlM0IlMEElN0QlMEEuZ2VtLXRleHRib3gtY29udGVudCUyMCU3QiUwQSUyMCUyMCUyMCUyMG1heC13aWR0aCUzQSUyMDU0MHB4JTNCJTBBJTIwJTIwJTIwJTIwbWFyZ2luJTNBJTIwMCUyMGF1dG8lM0IlMEElN0Q=&#8220; css=&#8220;.vc_custom_1599905802294{margin-bottom: 0px !important;background-position: center !important;background-repeat: no-repeat !important;background-size: cover !important;}&#8220;][vc_column width=&#8220;1\/2&#8243; css=&#8220;.vc_custom_1587379645077{padding-top: 0px !important;}&#8220; offset=&#8220;vc_hidden-xs&#8220;][vc_raw_html]PGRpdiBjbGFzcz0ibWFwb3V0ZXIiPjxkaXYgY2xhc3M9ImdtYXBfY2FudmFzIj48aWZyYW1lIHdpZHRoPSIxMDgwIiBoZWlnaHQ9IjM1MCIgaWQ9ImdtYXBfY2FudmFzIiBzcmM9Imh0dHBzOi8vbWFwcy5nb29nbGUuY29tL21hcHM\/cT1Db2Z1bmRpJTIwc3BhaW4mdD0mej0xMyZpZT1VVEY4Jml3bG9jPSZvdXRwdXQ9ZW1iZWQiIGZyYW1lYm9yZGVyPSIwIiBzY3JvbGxpbmc9Im5vIiBtYXJnaW5oZWlnaHQ9IjAiIG1hcmdpbndpZHRoPSIwIj48L2lmcmFtZT48YSBocmVmPSJodHRwczovL3d3dy5lbWJlZGdvb2dsZW1hcC5uZXQiPmlmcmFtZSBnb29nbGUgbWFwPC9hPjwvZGl2PjxzdHlsZT4ubWFwb3V0ZXJ7cG9zaXRpb246cmVsYXRpdmU7dGV4dC1hbGlnbjpyaWdodDtoZWlnaHQ6MzUwcHg7d2lkdGg6MTAwJTt9LmdtYXBfY2FudmFzIHtvdmVyZmxvdzpoaWRkZW47YmFja2dyb3VuZDpub25lIWltcG9ydGFudDtoZWlnaHQ6MzUwcHg7d2lkdGg6MTAwJTt9PC9zdHlsZT48L2Rpdj48c3R5bGU+aWZyYW1lI2dtYXBfY2FudmFzIHt3aWR0aDoxMDAlO2hlaWdodDoxMDAlO308L3N0eWxlPg==[\/vc_raw_html][\/vc_column][vc_column width=&#8220;1\/2&#8243; css=&#8220;.vc_custom_1587379648638{padding-top: 0px !important;background-color: rgba(255,255,255,0.7) !important;*background-color: rgb(255,255,255) !important;}&#8220;]<div class=\"gem-textbox \"  ><div class=\"gem-textbox-inner\" style=\"\"><div class=\"gem-textbox-content\" style=\"background-color: #ffffff;background-position: center top;padding-top: 40px;padding-bottom: 50px;\">[vc_column_text css=&#8220;.vc_custom_1604274996244{margin-top: 0px !important;padding-top: 0px !important;}&#8220;]<\/p>\n<div class=\"title-h2\"><span class=\"light\" style=\"color: #2c2e3d;\">Wir sind da<\/span><\/div>\n<p>[\/vc_column_text]<div class=\"clearboth\"><\/div><style>#thegem-divider-69f35352c760e {margin-top: 40px !important;}<\/style><div id=\"thegem-divider-69f35352c760e\" class=\"gem-divider  \" style=\"\" ><\/div><div class=\"gem-icon-with-text gem-icon-with-text-icon-size-small gem-icon-with-text-flow\" ><div style=\"margin-bottom:0px;margin-top:0px; \" class=\"gem-icon-with-text-icon\"><div class=\"gem-icon gem-icon-pack-fontawesome gem-icon-size-small  gem-icon-shape-square gem-simple-icon \"  style=\"opacity: 1;\"><div class=\"gem-icon-inner\" style=\"\"><span class=\"gem-icon-half-1\" style=\"color: #ff9900;\"><span class=\"back-angle\">&#xf041;<\/span><\/span><span class=\"gem-icon-half-2\" style=\"color: #ff9900;\"><span class=\"back-angle\">&#xf041;<\/span><\/span><\/div><\/div><\/div><div class=\"gem-icon-with-text-content\" ><div class=\"gem-icon-with-text-text\">[vc_column_text]<span style=\"color: #000000;\">Ctra. Plencia 9-11, Bo Billela<br \/>\n<\/span><br \/>\n<span style=\"color: #000000;\">Mungia 48100 (Bizkaia &#8211; Spanien)<br \/>\n<\/span>[\/vc_column_text]<\/div><\/div><div class=\"clearboth\"><\/div><\/div><div class=\"clearboth\"><\/div><style>#thegem-divider-69f35352c76c9 {margin-top: 10px !important;}<\/style><div id=\"thegem-divider-69f35352c76c9\" class=\"gem-divider  \" style=\"\" ><\/div><div class=\"gem-icon-with-text gem-icon-with-text-icon-size-small\" ><div style=\"margin-bottom:0px;margin-top:0px; \" class=\"gem-icon-with-text-icon\"><div class=\"gem-icon gem-icon-pack-fontawesome gem-icon-size-small  gem-icon-shape-square gem-simple-icon \"  style=\"opacity: 1;\"><div class=\"gem-icon-inner\" style=\"\"><span class=\"gem-icon-half-1\" style=\"color: #ff9900;\"><span class=\"back-angle\">&#xf095;<\/span><\/span><span class=\"gem-icon-half-2\" style=\"color: #ff9900;\"><span class=\"back-angle\">&#xf095;<\/span><\/span><\/div><\/div><\/div><div class=\"gem-icon-with-text-content\" ><div class=\"gem-icon-with-text-text\">[vc_column_text]<a href=\"tel:+34946155264\"><br \/>\n<span style=\"color: #000000;\">+34 94 615 52 64<\/span><br \/>\n<\/a>[\/vc_column_text]<\/div><\/div><div class=\"clearboth\"><\/div><\/div><div class=\"clearboth\"><\/div><style>#thegem-divider-69f35352c774d {margin-top: 10px !important;}<\/style><div id=\"thegem-divider-69f35352c774d\" class=\"gem-divider  \" style=\"\" ><\/div><div class=\"gem-icon-with-text gem-icon-with-text-icon-size-small\" ><div style=\"margin-bottom:0px;margin-top:0px; \" class=\"gem-icon-with-text-icon\"><div class=\"gem-icon gem-icon-pack-fontawesome gem-icon-size-small  gem-icon-shape-square gem-simple-icon \"  style=\"opacity: 1;\"><div class=\"gem-icon-inner\" style=\"\"><span class=\"gem-icon-half-1\" style=\"color: #ff9900;\"><span class=\"back-angle\">&#xf041;<\/span><\/span><span class=\"gem-icon-half-2\" style=\"color: #ff9900;\"><span class=\"back-angle\">&#xf041;<\/span><\/span><\/div><\/div><\/div><div class=\"gem-icon-with-text-content\" ><div class=\"gem-icon-with-text-text\">[vc_column_text]<span style=\"color: #000000;\"><br \/>\n<a href=\"mailto:info@cofundi.com\">info@cofundi.com<\/a><br \/>\n<\/span>[\/vc_column_text]<\/div><\/div><div class=\"clearboth\"><\/div><\/div><div class=\"clearboth\"><\/div><style>#thegem-divider-69f35352c77c7 {margin-top: 10px !important;}<\/style><div id=\"thegem-divider-69f35352c77c7\" class=\"gem-divider  \" style=\"\" ><\/div><\/div><\/div><\/div>[\/vc_column][\/vc_row][vc_row][vc_column]<div class=\"clearboth\"><\/div><style>#thegem-divider-69f35352c77f2 {margin-top: 40px !important;}<\/style><div id=\"thegem-divider-69f35352c77f2\" class=\"gem-divider  \" style=\"\" ><\/div>[\/vc_column][\/vc_row][vc_row full_width=&#8220;stretch_row_content_no_spaces&#8220; css=&#8220;.vc_custom_1599389655749{margin-top: 0px !important;margin-bottom: 0px !important;padding-top: 0px !important;padding-bottom: 0px !important;background-color: #fafafa !important;background-position: center !important;background-repeat: no-repeat !important;background-size: cover !important;}&#8220;][vc_column css=&#8220;.vc_custom_1511274031145{margin-top: 0px !important;margin-bottom: 0px !important;padding-top: 0px !important;padding-bottom: 0px !important;}&#8220;]<div id=\"fullwidth-block-69f35352c7818\" class=\"fullwidth-block clearfix\"  style=\"padding-top: 160px;padding-bottom: 135px;\"><script type=\"text\/javascript\">if (typeof(gem_fix_fullwidth_position) == \"function\") { gem_fix_fullwidth_position(document.getElementById(\"fullwidth-block-69f35352c7818\")); }<\/script><div class=\"fullwidth-block-inner\"><div class=\"container\">[vc_column_text]<\/p>\n<div class=\"title-h2\" style=\"text-align: center; margin-bottom: 20px;\">M\u00d6CHTEN SIE MEHR \u00dcBER UNS ERFAHREN UND UNS BESSER KENNENLERNEN?<\/div>\n<div style=\"width: 55px; height: 3px; background: #fbc300; margin: 0 auto; text-indent: 9999px;\">1<\/div>\n<p>[\/vc_column_text]<div class=\"clearboth\"><\/div><style>#thegem-divider-69f35352c784e {margin-top: 40px !important;}<\/style><div id=\"thegem-divider-69f35352c784e\" class=\"gem-divider  \" style=\"\" ><\/div>[vc_column_text]<\/p>\n<div class=\"title-h5\" style=\"text-align: center; position: relative; max-width: 760px; margin: 0 auto;\"><span class=\"light\" style=\"color: #5f727f;\">Verbinde dich auf Linkedin oder Facebook oder folge uns auf Instagram, Twitter und Youtube<\/span><\/div>\n<p>[\/vc_column_text]<div class=\"clearboth\"><\/div><style>#thegem-divider-69f35352c7866 {margin-top: 90px !important;}<\/style><div id=\"thegem-divider-69f35352c7866\" class=\"gem-divider  \" style=\"\" ><\/div><div class=\"socials socials-list socials-colored-hover socials-square socials-alignment-center\"><a class=\"socials-item\" target=\"_blank\" href=\"https:\/\/www.facebook.com\/cofundi\" style=\"color: #2f2f2f;\" aria-label=\"facebook\" rel=\"nofollow noopener\"><i class=\"socials-item-icon facebook\" style=\"font-size: 48px\"><\/i><\/a><a class=\"socials-item\" target=\"_blank\" href=\"https:\/\/twitter.com\/cofundi\" style=\"color: #2f2f2f;\" aria-label=\"twitter\" rel=\"nofollow noopener\"><i class=\"socials-item-icon twitter\" style=\"font-size: 48px\"><\/i><\/a><a class=\"socials-item\" target=\"_blank\" href=\"https:\/\/www.linkedin.com\/in\/cofundi\" style=\"color: #2f2f2f;\" aria-label=\"linkedin\" rel=\"nofollow noopener\"><i class=\"socials-item-icon linkedin\" style=\"font-size: 48px\"><\/i><\/a><a class=\"socials-item\" target=\"_blank\" href=\"https:\/\/www.youtube.com\/c\/CofundiFundici%C3%B3nFonderie\" style=\"color: #2f2f2f;\" aria-label=\"youtube\" rel=\"nofollow noopener\"><i class=\"socials-item-icon youtube\" style=\"font-size: 48px\"><\/i><\/a><\/div><\/div><\/div><\/div>[\/vc_column][\/vc_row]<\/p>\n<\/div>","protected":false},"excerpt":{"rendered":"<p>[vc_row][vc_column][vc_column_text] Form 1 [\/vc_column_text][\/vc_column][\/vc_row][vc_row full_width=&#8220;stretch_row&#8220; css=&#8220;.vc_custom_1599841917921{margin-bottom: 0px !important;padding-top: 0px !important;padding-bottom: 40px !important;background-position: center !important;background-repeat: no-repeat !important;background-size: cover !important;}&#8220;][vc_column width=&#8220;1\/2&#8243; css=&#8220;.vc_custom_1511274007858{margin-bottom:&#8230;<\/p>\n","protected":false},"author":6,"featured_media":0,"parent":0,"menu_order":0,"comment_status":"closed","ping_status":"closed","template":"","meta":{"_acf_changed":false,"footnotes":""},"class_list":["post-5822","page","type-page","status-publish"],"acf":[],"_hostinger_reach_plugin_has_subscription_block":false,"_hostinger_reach_plugin_is_elementor":false,"_links":{"self":[{"href":"https:\/\/www.cofundi.com\/de\/wp-json\/wp\/v2\/pages\/5822","targetHints":{"allow":["GET"]}}],"collection":[{"href":"https:\/\/www.cofundi.com\/de\/wp-json\/wp\/v2\/pages"}],"about":[{"href":"https:\/\/www.cofundi.com\/de\/wp-json\/wp\/v2\/types\/page"}],"author":[{"embeddable":true,"href":"https:\/\/www.cofundi.com\/de\/wp-json\/wp\/v2\/users\/6"}],"replies":[{"embeddable":true,"href":"https:\/\/www.cofundi.com\/de\/wp-json\/wp\/v2\/comments?post=5822"}],"version-history":[{"count":0,"href":"https:\/\/www.cofundi.com\/de\/wp-json\/wp\/v2\/pages\/5822\/revisions"}],"wp:attachment":[{"href":"https:\/\/www.cofundi.com\/de\/wp-json\/wp\/v2\/media?parent=5822"}],"curies":[{"name":"wp","href":"https:\/\/api.w.org\/{rel}","templated":true}]}}