{"id":5579,"date":"2020-09-13T11:35:17","date_gmt":"2020-09-13T11:35:17","guid":{"rendered":"https:\/\/cofundi.com\/ueber-uns\/"},"modified":"2023-03-30T12:24:23","modified_gmt":"2023-03-30T10:24:23","slug":"ueber-uns","status":"publish","type":"page","link":"https:\/\/www.cofundi.com\/de\/ueber-uns\/","title":{"rendered":"\u00dcber uns"},"content":{"rendered":"<div class=\"wpb-content-wrapper\"><p>[vc_row][vc_column][vc_column_text]<\/p>\n<div class=\"title-h2\" style=\"text-align: center;\">UNSERE VISION<\/div>\n<p>[\/vc_column_text][\/vc_column][\/vc_row][vc_row][vc_column]<div class=\"clearboth\"><\/div><div id=\"thegem-divider-69f5b7a78837b\" class=\"gem-divider  \" style=\"\" ><\/div>[\/vc_column][\/vc_row][vc_row][vc_column][vc_column_text]<span style=\"font-weight: 400;\">Unsere Herausforderung ist es, dass Sie Cofundi als Referenz auf dem Markt des Aluminium- Schwerkraftgusses\u00a0 in den folgenden Bereichen sehen k\u00f6nnen.<\/span>[\/vc_column_text]<div class=\"gem-list gem-list-type-double-arrow gem-list-color-4\" ><ul>\n<li>Spezialisierung in kurz- und mittelteiligen Bauteilreihen mit hohen Qualit\u00e4tsanspr\u00fcchen<\/li>\n<li>Die st\u00e4ndige Erneuerung der Produktionsmittel<\/li>\n<li>Kontinuierliches Wachstum, das die Zukunft des Unternehmens festigen wird<\/li>\n<li>Kontinuierliche Verbesserung aller Prozesse des Unternehmens<\/li>\n<\/ul>\n<\/div>[\/vc_column][\/vc_row][vc_row][vc_column]<div class=\"clearboth\"><\/div><div id=\"thegem-divider-69f5b7a788469\" class=\"gem-divider  \" style=\"\" ><\/div>[\/vc_column][\/vc_row][vc_row][vc_column]<div class=\"clearboth\"><\/div><div id=\"thegem-divider-69f5b7a7884a4\" class=\"gem-divider  \" style=\"\" ><\/div>[vc_column_text]<\/p>\n<div class=\"title-h2\" style=\"text-align: center;\">UNSERE MISSION<\/div>\n<p>[\/vc_column_text][\/vc_column][\/vc_row][vc_row][vc_column]<div class=\"clearboth\"><\/div><div id=\"thegem-divider-69f5b7a7884d7\" class=\"gem-divider  \" style=\"\" ><\/div>[\/vc_column][\/vc_row][vc_row][vc_column][vc_column_text]<span class=\"light\">Produktqualit\u00e4t und Zufriedenheit sind unser Hauptziel, da wir langfristig eine zuverl\u00e4ssige Zusammenarbeit mit Ihrem Unternehmen erreichen wollen. Deshalb bieten wir Ihnen den besten Service und L\u00f6sungen f\u00fcr Probleme bei Produktion und Lieferung von Aluminiumgussteilen wie: <\/span>[\/vc_column_text]<div class=\"gem-list gem-list-type-double-arrow gem-list-color-4\" ><ul>\n<li>Hohe Flexibilit\u00e4t und Anpassungsf\u00e4higkeit an Ihre Bed\u00fcrfnisse<\/li>\n<li>Einhaltung etablierter Qualit\u00e4tsspezifikationen<\/li>\n<\/ul>\n<\/div>[vc_column_text]<span class=\"light\">Wir kennen die M\u00e4rkte und die verschiedenen Sektoren sehr gut und wissen, worauf es in jedem von ihnen ankommt.<\/span>[\/vc_column_text][\/vc_column][\/vc_row][vc_row full_width=&#8220;stretch_row&#8220; disable_element=&#8220;yes&#8220; css=&#8220;.vc_custom_1604269676694{background-image: url(https:\/\/cofundi.com\/wp-content\/uploads\/2020\/09\/bg.jpg?id=2207) !important;background-position: center !important;background-repeat: no-repeat !important;background-size: cover !important;}&#8220; el_class=&#8220;cofundi-team&#8220;][vc_column]<div class=\"clearboth\"><\/div><style>#thegem-divider-69f5b7a78856d {margin-top: 40px !important;}<\/style><div id=\"thegem-divider-69f5b7a78856d\" class=\"gem-divider  \" style=\"\" ><\/div>[vc_column_text]<\/p>\n<div class=\"title-h1\" style=\"text-align: center;\">Team<\/div>\n<p>[\/vc_column_text]<div class=\"clearboth\"><\/div><style>#thegem-divider-69f5b7a7885a1 {margin-top: 80px !important;}<\/style><div id=\"thegem-divider-69f5b7a7885a1\" class=\"gem-divider  \" style=\"\" ><\/div><div class=\"clearboth\"><\/div><style>#thegem-divider-69f5b7a789966 {margin-top: 80px !important;}<\/style><div id=\"thegem-divider-69f5b7a789966\" class=\"gem-divider  \" style=\"\" ><\/div>[\/vc_column][\/vc_row][vc_row equal_height=&#8220;yes&#8220; css_animation=&#8220;none&#8220; css=&#8220;.vc_custom_1586441996487{margin-bottom: 50px !important;padding-top: 60px !important;}&#8220; custom_css_code=&#8220;LmdlbS10ZWFtLXN0eWxlLTIlMjAudGVhbS1wZXJzb24lN0IlMEElMjAlMjAlMjAlMjAlMjBwYWRkaW5nLXJpZ2h0JTNBJTIwNDBweCUzQiUwQSU3RCUwQS5nZW0tdGVhbS1zdHlsZS0yJTIwLnRlYW0tcGVyc29uLW5hbWUudGl0bGUtaDIlMjAlN0IlMEElMjAlMjAlMjAlMjBmb250LXNpemUlM0ElMjAyNHB4JTNCJTBBJTIwJTIwJTIwJTIwbGluZS1oZWlnaHQlM0ElMjAzNnB4JTNCJTBBJTdEJTBBLmdlbS10ZWFtLXN0eWxlLTIlMjAudGVhbS1wZXJzb24tcG9zaXRpb24lN0IlMEElMjAlMjAlMjAlMjBmb250LXNpemUlM0ElMjAxNnB4JTNCJTBBJTIwJTIwJTIwJTIwbGluZS1oZWlnaHQlM0ElMjAyNHB4JTNCJTBBJTdEJTBBLmdlbS10ZWFtLXN0eWxlLTIlMjAudGVhbS1wZXJzb24tcGhvbmUlMjAlN0IlMEElMjAlMjAlMjAlMjBmb250LXNpemUlM0ElMjAyNHB4JTNCJTBBJTIwJTIwJTIwJTIwbGluZS1oZWlnaHQlM0ElMjAzNnB4JTNCJTBBJTdEJTBBLmdlbS10ZWFtLXN0eWxlLTIlMjAudGVhbS1wZXJzb24tZW1haWwlN0IlMEElMjAlMjAlMjAlMjBmb250LXNpemUlM0ElMjAxNHB4JTNCJTBBJTIwJTIwJTIwJTIwbGluZS1oZWlnaHQlM0ElMjAyNHB4JTNCJTBBJTdEJTBBJTQwbWVkaWElMjAlMjhtaW4td2lkdGglM0ElMjA2MzlweCUyOSU3QiUwQSUyMCUyMCUyMCUyMC50ZWFtLXBlcnNvbi1pbWFnZSU3QiUwQSUyMCUyMCUyMCUyMCUyMCUyMCUyMCUyMG1hcmdpbi1ib3R0b20lM0ElMjAwJTNCJTBBJTIwJTIwJTIwJTIwJTdEJTBBJTdEJTBBLmdlbS1xdW90ZSUyMCU3QiUwQSUyMCUyMCUyMCUyMG1hcmdpbi1ib3R0b20lM0ElMjA0MnB4JTNCJTBBJTdE&#8220;][vc_column][vc_column_text]<\/p>\n<div class=\"title-h1\" style=\"text-align: center;\">Team<\/div>\n<p>[\/vc_column_text]<div class=\"clearboth\"><\/div><style>#thegem-divider-69f5b7a7899c3 {margin-top: 40px !important;}<\/style><div id=\"thegem-divider-69f5b7a7899c3\" class=\"gem-divider  \" style=\"\" ><\/div>[\/vc_column][\/vc_row][vc_row equal_height=&#8220;yes&#8220; css_animation=&#8220;none&#8220; css=&#8220;.vc_custom_1586442211656{margin-top: -50px !important;margin-bottom: 0px !important;}&#8220; custom_css_code=&#8220;LmdlbS10ZWFtLXN0eWxlLTIlMjAudGVhbS1wZXJzb24lN0IlMEElMjAlMjAlMjAlMjAlMjBwYWRkaW5nLXJpZ2h0JTNBJTIwNDBweCUzQiUwQSU3RCUwQS5nZW0tdGVhbS1zdHlsZS0yJTIwLnRlYW0tcGVyc29uLW5hbWUudGl0bGUtaDIlMjAlN0IlMEElMjAlMjAlMjAlMjBmb250LXNpemUlM0ElMjAyNHB4JTNCJTBBJTIwJTIwJTIwJTIwbGluZS1oZWlnaHQlM0ElMjAzNnB4JTNCJTBBJTdEJTBBLmdlbS10ZWFtLXN0eWxlLTIlMjAudGVhbS1wZXJzb24tcG9zaXRpb24lN0IlMEElMjAlMjAlMjAlMjBmb250LXNpemUlM0ElMjAxNnB4JTNCJTBBJTIwJTIwJTIwJTIwbGluZS1oZWlnaHQlM0ElMjAyNHB4JTNCJTBBJTdEJTBBLmdlbS10ZWFtLXN0eWxlLTIlMjAudGVhbS1wZXJzb24tcGhvbmUlMjAlN0IlMEElMjAlMjAlMjAlMjBmb250LXNpemUlM0ElMjAyNHB4JTNCJTBBJTIwJTIwJTIwJTIwbGluZS1oZWlnaHQlM0ElMjAzNnB4JTNCJTBBJTdEJTBBLmdlbS10ZWFtLXN0eWxlLTIlMjAudGVhbS1wZXJzb24tZW1haWwlN0IlMEElMjAlMjAlMjAlMjBmb250LXNpemUlM0ElMjAxNHB4JTNCJTBBJTIwJTIwJTIwJTIwbGluZS1oZWlnaHQlM0ElMjAyNHB4JTNCJTBBJTdEJTBBJTQwbWVkaWElMjAlMjhtaW4td2lkdGglM0ElMjA2MzlweCUyOSU3QiUwQSUyMCUyMCUyMCUyMC50ZWFtLXBlcnNvbi1pbWFnZSU3QiUwQSUyMCUyMCUyMCUyMCUyMCUyMCUyMCUyMG1hcmdpbi1ib3R0b20lM0ElMjAwJTNCJTBBJTIwJTIwJTIwJTIwJTdEJTBBJTdEJTBBLmdlbS1xdW90ZSUyMCU3QiUwQSUyMCUyMCUyMCUyMG1hcmdpbi1ib3R0b20lM0ElMjA0MnB4JTNCJTBBJTdE&#8220;][vc_column offset=&#8220;vc_col-md-6&#8243;]<div style=''  class=\"gem-quote gem-quote-style-1 custom-color-blockqute-mark-added \" ><blockquote  >In einem sich stetig ver\u00e4ndernden Umfeld mit so vielen unkontrollierbaren Variablen muss das Unternehmen bereit sein, die Anforderungen aller internen und externen Agenten zu erf\u00fcllen, die mit ihm interagieren. Die Entwicklung des Unternehmens wird flexibler gestaltet, damit mehr Beteiligte miteinbezogen werden k\u00f6nnen und zufriedener sind.<\/blockquote><span style=color:#ff9900;  class=\"custom-color-blockqute-mark\">&#xe60c;<\/span><\/div>[\/vc_column][vc_column offset=&#8220;vc_col-md-6&#8243;]<div class=\"gem-team row inline-row gem-team-style-2\" data-hover-colors=\"{&quot;background_color&quot;:&quot;rgba(15,15,15,0.8)&quot;}\" >\n<div class=\"col-xs-12 inline-column\"> <div id=\"post-6004\" class=\"team-person bordered-box post-6004 thegem_team_person type-thegem_team_person status-publish has-post-thumbnail\" style=\" \"> <div class=\"team-person-box clearfix team-person-box-columns\"> <div class=\"team-person-box-left\"><div class=\"team-person-image\"><img fetchpriority=\"high\" width=\"240\" height=\"240\" src=\"https:\/\/www.cofundi.com\/wp-content\/uploads\/2020\/11\/JORGE-thegem-person-240.jpg\" class=\"img-responsive wp-post-image\" alt=\"Jorge\" srcset=\"https:\/\/www.cofundi.com\/wp-content\/uploads\/2020\/11\/JORGE-thegem-person.jpg 2x\" sizes=\"100vw\" \/><\/div><\/div> <div class=\"team-person-box-right\"> <div class=\"team-person-info\"> <div class=\"team-person-name title-h2\" ><span class=\"light\">Jorge Peral<\/span><\/div> <div class=\"team-person-position date-color styled-subtitle\" >Direktion und Einkauf<\/div> <div class=\"team-person-email\"><a href=\"#\" class=\"hidden-email\" data-name=\"info\" data-domain=\"cofundi.com\">Nachricht senden<\/a><\/div> <\/div> <\/div> <\/div> <\/div>\n<\/div>\n<\/div>[\/vc_column][vc_column]<div class=\"clearboth\"><\/div><style>#thegem-divider-69f5b7a78b852 {margin-top: 55px !important;}<\/style><div id=\"thegem-divider-69f5b7a78b852\" class=\"gem-divider  \" style=\"\" ><\/div>[\/vc_column][\/vc_row][vc_row equal_height=&#8220;yes&#8220; css_animation=&#8220;none&#8220; css=&#8220;.vc_custom_1586442211656{margin-top: -50px !important;margin-bottom: 0px !important;}&#8220; custom_css_code=&#8220;LmdlbS10ZWFtLXN0eWxlLTIlMjAudGVhbS1wZXJzb24lN0IlMEElMjAlMjAlMjAlMjAlMjBwYWRkaW5nLXJpZ2h0JTNBJTIwNDBweCUzQiUwQSU3RCUwQS5nZW0tdGVhbS1zdHlsZS0yJTIwLnRlYW0tcGVyc29uLW5hbWUudGl0bGUtaDIlMjAlN0IlMEElMjAlMjAlMjAlMjBmb250LXNpemUlM0ElMjAyNHB4JTNCJTBBJTIwJTIwJTIwJTIwbGluZS1oZWlnaHQlM0ElMjAzNnB4JTNCJTBBJTdEJTBBLmdlbS10ZWFtLXN0eWxlLTIlMjAudGVhbS1wZXJzb24tcG9zaXRpb24lN0IlMEElMjAlMjAlMjAlMjBmb250LXNpemUlM0ElMjAxNnB4JTNCJTBBJTIwJTIwJTIwJTIwbGluZS1oZWlnaHQlM0ElMjAyNHB4JTNCJTBBJTdEJTBBLmdlbS10ZWFtLXN0eWxlLTIlMjAudGVhbS1wZXJzb24tcGhvbmUlMjAlN0IlMEElMjAlMjAlMjAlMjBmb250LXNpemUlM0ElMjAyNHB4JTNCJTBBJTIwJTIwJTIwJTIwbGluZS1oZWlnaHQlM0ElMjAzNnB4JTNCJTBBJTdEJTBBLmdlbS10ZWFtLXN0eWxlLTIlMjAudGVhbS1wZXJzb24tZW1haWwlN0IlMEElMjAlMjAlMjAlMjBmb250LXNpemUlM0ElMjAxNHB4JTNCJTBBJTIwJTIwJTIwJTIwbGluZS1oZWlnaHQlM0ElMjAyNHB4JTNCJTBBJTdEJTBBJTQwbWVkaWElMjAlMjhtaW4td2lkdGglM0ElMjA2MzlweCUyOSU3QiUwQSUyMCUyMCUyMCUyMC50ZWFtLXBlcnNvbi1pbWFnZSU3QiUwQSUyMCUyMCUyMCUyMCUyMCUyMCUyMCUyMG1hcmdpbi1ib3R0b20lM0ElMjAwJTNCJTBBJTIwJTIwJTIwJTIwJTdEJTBBJTdEJTBBLmdlbS1xdW90ZSUyMCU3QiUwQSUyMCUyMCUyMCUyMG1hcmdpbi1ib3R0b20lM0ElMjA0MnB4JTNCJTBBJTdE&#8220;][vc_column offset=&#8220;vc_col-md-6&#8243;]<div class=\"gem-team row inline-row gem-team-style-2\" data-hover-colors=\"{&quot;background_color&quot;:&quot;rgba(15,15,15,0.8)&quot;}\" >\n<div class=\"col-xs-12 inline-column\"> <div id=\"post-6000\" class=\"team-person bordered-box post-6000 thegem_team_person type-thegem_team_person status-publish has-post-thumbnail\" style=\" \"> <div class=\"team-person-box clearfix team-person-box-columns\"> <div class=\"team-person-box-left\"><div class=\"team-person-image\"><img width=\"240\" height=\"240\" src=\"https:\/\/www.cofundi.com\/wp-content\/uploads\/2020\/11\/ENERITZ-thegem-person-240.png\" class=\"img-responsive wp-post-image\" alt=\"Eneritz\" srcset=\"https:\/\/www.cofundi.com\/wp-content\/uploads\/2020\/11\/ENERITZ-thegem-person.png 2x\" sizes=\"100vw\" \/><\/div><\/div> <div class=\"team-person-box-right\"> <div class=\"team-person-info\"> <div class=\"team-person-name title-h2\" ><span class=\"light\">Eneritz Bilbao<\/span><\/div> <div class=\"team-person-position date-color styled-subtitle\" >Verwaltung<\/div> <div class=\"team-person-email\"><a href=\"#\" class=\"hidden-email\" data-name=\"info\" data-domain=\"cofundi.com\">Nachricht senden<\/a><\/div> <\/div> <\/div> <\/div> <\/div>\n<\/div>\n<\/div>[\/vc_column][vc_column offset=&#8220;vc_col-md-6&#8243;]<div style=''  class=\"gem-quote gem-quote-style-1 custom-color-blockqute-mark-added \" ><blockquote  >Organisation und Verwaltung sind eine tragende S\u00e4ule f\u00fcr einen reibungslosen Ablauf und das ordnungsgem\u00e4\u00dfe Funktionieren eines Unternehmens.<\/blockquote><span style=color:#ff9900;  class=\"custom-color-blockqute-mark\">&#xe60c;<\/span><\/div>[\/vc_column][vc_column]<div class=\"clearboth\"><\/div><style>#thegem-divider-69f5b7a78d275 {margin-top: 55px !important;}<\/style><div id=\"thegem-divider-69f5b7a78d275\" class=\"gem-divider  \" style=\"\" ><\/div>[\/vc_column][\/vc_row][vc_row equal_height=&#8220;yes&#8220; css_animation=&#8220;none&#8220; css=&#8220;.vc_custom_1586442211656{margin-top: -50px !important;margin-bottom: 0px !important;}&#8220; custom_css_code=&#8220;LmdlbS10ZWFtLXN0eWxlLTIlMjAudGVhbS1wZXJzb24lN0IlMEElMjAlMjAlMjAlMjAlMjBwYWRkaW5nLXJpZ2h0JTNBJTIwNDBweCUzQiUwQSU3RCUwQS5nZW0tdGVhbS1zdHlsZS0yJTIwLnRlYW0tcGVyc29uLW5hbWUudGl0bGUtaDIlMjAlN0IlMEElMjAlMjAlMjAlMjBmb250LXNpemUlM0ElMjAyNHB4JTNCJTBBJTIwJTIwJTIwJTIwbGluZS1oZWlnaHQlM0ElMjAzNnB4JTNCJTBBJTdEJTBBLmdlbS10ZWFtLXN0eWxlLTIlMjAudGVhbS1wZXJzb24tcG9zaXRpb24lN0IlMEElMjAlMjAlMjAlMjBmb250LXNpemUlM0ElMjAxNnB4JTNCJTBBJTIwJTIwJTIwJTIwbGluZS1oZWlnaHQlM0ElMjAyNHB4JTNCJTBBJTdEJTBBLmdlbS10ZWFtLXN0eWxlLTIlMjAudGVhbS1wZXJzb24tcGhvbmUlMjAlN0IlMEElMjAlMjAlMjAlMjBmb250LXNpemUlM0ElMjAyNHB4JTNCJTBBJTIwJTIwJTIwJTIwbGluZS1oZWlnaHQlM0ElMjAzNnB4JTNCJTBBJTdEJTBBLmdlbS10ZWFtLXN0eWxlLTIlMjAudGVhbS1wZXJzb24tZW1haWwlN0IlMEElMjAlMjAlMjAlMjBmb250LXNpemUlM0ElMjAxNHB4JTNCJTBBJTIwJTIwJTIwJTIwbGluZS1oZWlnaHQlM0ElMjAyNHB4JTNCJTBBJTdEJTBBJTQwbWVkaWElMjAlMjhtaW4td2lkdGglM0ElMjA2MzlweCUyOSU3QiUwQSUyMCUyMCUyMCUyMC50ZWFtLXBlcnNvbi1pbWFnZSU3QiUwQSUyMCUyMCUyMCUyMCUyMCUyMCUyMCUyMG1hcmdpbi1ib3R0b20lM0ElMjAwJTNCJTBBJTIwJTIwJTIwJTIwJTdEJTBBJTdEJTBBLmdlbS1xdW90ZSUyMCU3QiUwQSUyMCUyMCUyMCUyMG1hcmdpbi1ib3R0b20lM0ElMjA0MnB4JTNCJTBBJTdE&#8220;][vc_column offset=&#8220;vc_col-md-6&#8243;]<div style=''  class=\"gem-quote gem-quote-style-1 custom-color-blockqute-mark-added \" ><blockquote  >Wir sind ein Dienstleistungsunternehmen.\u00a0 Wir bieten kein Produkt, sondern einen Service an.<\/blockquote><span style=color:#ff9900;  class=\"custom-color-blockqute-mark\">&#xe60c;<\/span><\/div>[\/vc_column][vc_column offset=&#8220;vc_col-md-6&#8243;]<div class=\"gem-team row inline-row gem-team-style-2\" data-hover-colors=\"{&quot;background_color&quot;:&quot;rgba(15,15,15,0.8)&quot;}\" >\n<div class=\"col-xs-12 inline-column\"> <div id=\"post-6007\" class=\"team-person bordered-box post-6007 thegem_team_person type-thegem_team_person status-publish has-post-thumbnail\" style=\" \"> <div class=\"team-person-box clearfix team-person-box-columns\"> <div class=\"team-person-box-left\"><div class=\"team-person-image\"><img width=\"240\" height=\"240\" src=\"https:\/\/www.cofundi.com\/wp-content\/uploads\/2020\/11\/VANESSA-thegem-person-240.png\" class=\"img-responsive wp-post-image\" alt=\"Vanessa\" srcset=\"https:\/\/www.cofundi.com\/wp-content\/uploads\/2020\/11\/VANESSA-thegem-person.png 2x\" sizes=\"100vw\" \/><\/div><\/div> <div class=\"team-person-box-right\"> <div class=\"team-person-info\"> <div class=\"team-person-name title-h2\" ><span class=\"light\">Vanessa Marqu\u00e9s<\/span><\/div> <div class=\"team-person-position date-color styled-subtitle\" >Marketing & Export<\/div> <div class=\"team-person-email\"><a href=\"#\" class=\"hidden-email\" data-name=\"info\" data-domain=\"cofundi.com\">Nachricht senden<\/a><\/div> <\/div> <\/div> <\/div> <\/div>\n<\/div>\n<\/div>[\/vc_column][vc_column]<div class=\"clearboth\"><\/div><style>#thegem-divider-69f5b7a78ea89 {margin-top: 55px !important;}<\/style><div id=\"thegem-divider-69f5b7a78ea89\" class=\"gem-divider  \" style=\"\" ><\/div>[\/vc_column][\/vc_row][vc_row equal_height=&#8220;yes&#8220; css_animation=&#8220;none&#8220; css=&#8220;.vc_custom_1586442211656{margin-top: -50px !important;margin-bottom: 0px !important;}&#8220; custom_css_code=&#8220;LmdlbS10ZWFtLXN0eWxlLTIlMjAudGVhbS1wZXJzb24lN0IlMEElMjAlMjAlMjAlMjAlMjBwYWRkaW5nLXJpZ2h0JTNBJTIwNDBweCUzQiUwQSU3RCUwQS5nZW0tdGVhbS1zdHlsZS0yJTIwLnRlYW0tcGVyc29uLW5hbWUudGl0bGUtaDIlMjAlN0IlMEElMjAlMjAlMjAlMjBmb250LXNpemUlM0ElMjAyNHB4JTNCJTBBJTIwJTIwJTIwJTIwbGluZS1oZWlnaHQlM0ElMjAzNnB4JTNCJTBBJTdEJTBBLmdlbS10ZWFtLXN0eWxlLTIlMjAudGVhbS1wZXJzb24tcG9zaXRpb24lN0IlMEElMjAlMjAlMjAlMjBmb250LXNpemUlM0ElMjAxNnB4JTNCJTBBJTIwJTIwJTIwJTIwbGluZS1oZWlnaHQlM0ElMjAyNHB4JTNCJTBBJTdEJTBBLmdlbS10ZWFtLXN0eWxlLTIlMjAudGVhbS1wZXJzb24tcGhvbmUlMjAlN0IlMEElMjAlMjAlMjAlMjBmb250LXNpemUlM0ElMjAyNHB4JTNCJTBBJTIwJTIwJTIwJTIwbGluZS1oZWlnaHQlM0ElMjAzNnB4JTNCJTBBJTdEJTBBLmdlbS10ZWFtLXN0eWxlLTIlMjAudGVhbS1wZXJzb24tZW1haWwlN0IlMEElMjAlMjAlMjAlMjBmb250LXNpemUlM0ElMjAxNHB4JTNCJTBBJTIwJTIwJTIwJTIwbGluZS1oZWlnaHQlM0ElMjAyNHB4JTNCJTBBJTdEJTBBJTQwbWVkaWElMjAlMjhtaW4td2lkdGglM0ElMjA2MzlweCUyOSU3QiUwQSUyMCUyMCUyMCUyMC50ZWFtLXBlcnNvbi1pbWFnZSU3QiUwQSUyMCUyMCUyMCUyMCUyMCUyMCUyMCUyMG1hcmdpbi1ib3R0b20lM0ElMjAwJTNCJTBBJTIwJTIwJTIwJTIwJTdEJTBBJTdEJTBBLmdlbS1xdW90ZSUyMCU3QiUwQSUyMCUyMCUyMCUyMG1hcmdpbi1ib3R0b20lM0ElMjA0MnB4JTNCJTBBJTdE&#8220;][vc_column offset=&#8220;vc_col-md-6&#8243;]<div class=\"gem-team row inline-row gem-team-style-2\" data-hover-colors=\"{&quot;background_color&quot;:&quot;rgba(15,15,15,0.8)&quot;}\" >\n<div class=\"col-xs-12 inline-column\"> <div id=\"post-6016\" class=\"team-person bordered-box post-6016 thegem_team_person type-thegem_team_person status-publish has-post-thumbnail\" style=\" \"> <div class=\"team-person-box clearfix team-person-box-columns\"> <div class=\"team-person-box-left\"><div class=\"team-person-image\"><img loading=\"lazy\" width=\"240\" height=\"240\" src=\"https:\/\/www.cofundi.com\/wp-content\/uploads\/2020\/11\/JOSEBA-thegem-person-240.png\" class=\"img-responsive wp-post-image\" alt=\"JOSEBA\" srcset=\"https:\/\/www.cofundi.com\/wp-content\/uploads\/2020\/11\/JOSEBA-thegem-person.png 2x\" sizes=\"100vw\" \/><\/div><\/div> <div class=\"team-person-box-right\"> <div class=\"team-person-info\"> <div class=\"team-person-name title-h2\" ><span class=\"light\">Joseba Comonte<\/span><\/div> <div class=\"team-person-position date-color styled-subtitle\" >Produktionsleiter<\/div> <div class=\"team-person-email\"><a href=\"#\" class=\"hidden-email\" data-name=\"info\" data-domain=\"cofundi.com\">Nachricht senden<\/a><\/div> <\/div> <\/div> <\/div> <\/div>\n<\/div>\n<\/div>[\/vc_column][vc_column offset=&#8220;vc_col-md-6&#8243;]<div style=''  class=\"gem-quote gem-quote-style-1 custom-color-blockqute-mark-added \" ><blockquote  >In der Produktion kommt es darauf an, L\u00f6sungen zu suchen, sowie sich an jede ver\u00e4nderte Situation anzupassen und nicht beim\u00a0 Problem stecken zu bleiben.<\/blockquote><span style=color:#ff9900;  class=\"custom-color-blockqute-mark\">&#xe60c;<\/span><\/div>[\/vc_column][vc_column]<div class=\"clearboth\"><\/div><style>#thegem-divider-69f5b7a790228 {margin-top: 55px !important;}<\/style><div id=\"thegem-divider-69f5b7a790228\" class=\"gem-divider  \" style=\"\" ><\/div>[\/vc_column][\/vc_row][vc_row equal_height=&#8220;yes&#8220; css_animation=&#8220;none&#8220; css=&#8220;.vc_custom_1586442211656{margin-top: -50px !important;margin-bottom: 0px !important;}&#8220; custom_css_code=&#8220;LmdlbS10ZWFtLXN0eWxlLTIlMjAudGVhbS1wZXJzb24lN0IlMEElMjAlMjAlMjAlMjAlMjBwYWRkaW5nLXJpZ2h0JTNBJTIwNDBweCUzQiUwQSU3RCUwQS5nZW0tdGVhbS1zdHlsZS0yJTIwLnRlYW0tcGVyc29uLW5hbWUudGl0bGUtaDIlMjAlN0IlMEElMjAlMjAlMjAlMjBmb250LXNpemUlM0ElMjAyNHB4JTNCJTBBJTIwJTIwJTIwJTIwbGluZS1oZWlnaHQlM0ElMjAzNnB4JTNCJTBBJTdEJTBBLmdlbS10ZWFtLXN0eWxlLTIlMjAudGVhbS1wZXJzb24tcG9zaXRpb24lN0IlMEElMjAlMjAlMjAlMjBmb250LXNpemUlM0ElMjAxNnB4JTNCJTBBJTIwJTIwJTIwJTIwbGluZS1oZWlnaHQlM0ElMjAyNHB4JTNCJTBBJTdEJTBBLmdlbS10ZWFtLXN0eWxlLTIlMjAudGVhbS1wZXJzb24tcGhvbmUlMjAlN0IlMEElMjAlMjAlMjAlMjBmb250LXNpemUlM0ElMjAyNHB4JTNCJTBBJTIwJTIwJTIwJTIwbGluZS1oZWlnaHQlM0ElMjAzNnB4JTNCJTBBJTdEJTBBLmdlbS10ZWFtLXN0eWxlLTIlMjAudGVhbS1wZXJzb24tZW1haWwlN0IlMEElMjAlMjAlMjAlMjBmb250LXNpemUlM0ElMjAxNHB4JTNCJTBBJTIwJTIwJTIwJTIwbGluZS1oZWlnaHQlM0ElMjAyNHB4JTNCJTBBJTdEJTBBJTQwbWVkaWElMjAlMjhtaW4td2lkdGglM0ElMjA2MzlweCUyOSU3QiUwQSUyMCUyMCUyMCUyMC50ZWFtLXBlcnNvbi1pbWFnZSU3QiUwQSUyMCUyMCUyMCUyMCUyMCUyMCUyMCUyMG1hcmdpbi1ib3R0b20lM0ElMjAwJTNCJTBBJTIwJTIwJTIwJTIwJTdEJTBBJTdEJTBBLmdlbS1xdW90ZSUyMCU3QiUwQSUyMCUyMCUyMCUyMG1hcmdpbi1ib3R0b20lM0ElMjA0MnB4JTNCJTBBJTdE&#8220;][vc_column offset=&#8220;vc_col-md-6&#8243;]<div style=''  class=\"gem-quote gem-quote-style-1 custom-color-blockqute-mark-added \" ><blockquote  >Qualit\u00e4t ist es, die Erwartungen Ihrer Kunden mindestens auf dem gleichen zu erf\u00fcllen, wie die ihre.<\/blockquote><span style=color:#ff9900;  class=\"custom-color-blockqute-mark\">&#xe60c;<\/span><\/div>[\/vc_column][vc_column offset=&#8220;vc_col-md-6&#8243;]<div class=\"gem-team row inline-row gem-team-style-2\" data-hover-colors=\"{&quot;background_color&quot;:&quot;rgba(15,15,15,0.8)&quot;}\" >\n<div class=\"col-xs-12 inline-column\"> <div id=\"post-6042\" class=\"team-person bordered-box post-6042 thegem_team_person type-thegem_team_person status-publish has-post-thumbnail\" style=\" \"> <div class=\"team-person-box clearfix team-person-box-columns\"> <div class=\"team-person-box-left\"><div class=\"team-person-image\"><img loading=\"lazy\" width=\"240\" height=\"240\" src=\"https:\/\/www.cofundi.com\/wp-content\/uploads\/2020\/11\/BIKENDI-thegem-person-240.png\" class=\"img-responsive wp-post-image\" alt=\"Bikendi\" srcset=\"https:\/\/www.cofundi.com\/wp-content\/uploads\/2020\/11\/BIKENDI-thegem-person.png 2x\" sizes=\"100vw\" \/><\/div><\/div> <div class=\"team-person-box-right\"> <div class=\"team-person-info\"> <div class=\"team-person-name title-h2\" ><span class=\"light\">Bikendi Gonz\u00e1lez<\/span><\/div> <div class=\"team-person-position date-color styled-subtitle\" >Leiter Qualit\u00e4t<\/div> <div class=\"team-person-email\"><a href=\"#\" class=\"hidden-email\" data-name=\"info\" data-domain=\"cofundi.com\">Nachricht senden<\/a><\/div> <\/div> <\/div> <\/div> <\/div>\n<\/div>\n<\/div>[\/vc_column][vc_column]<div class=\"clearboth\"><\/div><style>#thegem-divider-69f5b7a791b49 {margin-top: 55px !important;}<\/style><div id=\"thegem-divider-69f5b7a791b49\" class=\"gem-divider  \" style=\"\" ><\/div>[\/vc_column][\/vc_row]<\/p>\n<\/div>","protected":false},"excerpt":{"rendered":"<p>[vc_row][vc_column][vc_column_text] UNSERE VISION [\/vc_column_text][\/vc_column][\/vc_row][vc_row][vc_column][\/vc_column][\/vc_row][vc_row][vc_column][vc_column_text]Unsere Herausforderung ist es, dass Sie Cofundi als Referenz auf dem Markt des Aluminium- Schwerkraftgusses\u00a0 in den&#8230;<\/p>\n","protected":false},"author":6,"featured_media":0,"parent":0,"menu_order":0,"comment_status":"closed","ping_status":"closed","template":"","meta":{"_acf_changed":false,"footnotes":""},"class_list":["post-5579","page","type-page","status-publish"],"acf":[],"_hostinger_reach_plugin_has_subscription_block":false,"_hostinger_reach_plugin_is_elementor":false,"_links":{"self":[{"href":"https:\/\/www.cofundi.com\/de\/wp-json\/wp\/v2\/pages\/5579","targetHints":{"allow":["GET"]}}],"collection":[{"href":"https:\/\/www.cofundi.com\/de\/wp-json\/wp\/v2\/pages"}],"about":[{"href":"https:\/\/www.cofundi.com\/de\/wp-json\/wp\/v2\/types\/page"}],"author":[{"embeddable":true,"href":"https:\/\/www.cofundi.com\/de\/wp-json\/wp\/v2\/users\/6"}],"replies":[{"embeddable":true,"href":"https:\/\/www.cofundi.com\/de\/wp-json\/wp\/v2\/comments?post=5579"}],"version-history":[{"count":0,"href":"https:\/\/www.cofundi.com\/de\/wp-json\/wp\/v2\/pages\/5579\/revisions"}],"wp:attachment":[{"href":"https:\/\/www.cofundi.com\/de\/wp-json\/wp\/v2\/media?parent=5579"}],"curies":[{"name":"wp","href":"https:\/\/api.w.org\/{rel}","templated":true}]}}