{"id":5458,"date":"2020-12-28T08:39:03","date_gmt":"2020-12-28T08:39:03","guid":{"rendered":"https:\/\/cofundi.com\/coquilla\/"},"modified":"2021-01-15T08:58:22","modified_gmt":"2021-01-15T08:58:22","slug":"kokillenguss","status":"publish","type":"page","link":"https:\/\/www.cofundi.com\/de\/kokillenguss\/","title":{"rendered":"Kokillenguss"},"content":{"rendered":"<div class=\"wpb-content-wrapper\"><p>[vc_row full_width=&#8220;stretch_row&#8220; css=&#8220;.vc_custom_1599999579760{margin-bottom: 0px !important;}&#8220; custom_css_code=&#8220;LnF1aWNrZmluZGVyLWl0ZW0uZXZlbiUyMC5jb25uZWN0b3ItdG9wJTJDJTBBLnF1aWNrZmluZGVyLWl0ZW0uZXZlbiUyMC5jb25uZWN0b3ItYm90JTdCJTBBJTIwJTIwJTIwJTIwbGVmdCUzQSUyMC05MnB4JTIwJTIxaW1wb3J0YW50JTNCJTBBJTdEJTBBLnF1aWNrZmluZGVyLWl0ZW0ub2RkJTIwLmNvbm5lY3Rvci10b3AlMkMlMEEucXVpY2tmaW5kZXItaXRlbS5vZGQlMjAuY29ubmVjdG9yLWJvdCU3QiUwQSUyMCUyMCUyMCUyMHJpZ2h0JTNBJTIwLTkycHglMjAlMjFpbXBvcnRhbnQlM0IlMEElN0QlMEEucXVpY2tmaW5kZXItc3R5bGUtdmVydGljYWwlMjAucXVpY2tmaW5kZXItaXRlbS10aXRsZSU3QiUwQSUyMCUyMCUyMCUyMHBhZGRpbmctdG9wJTNBJTIwNjBweCUzQiUwQSU3RCUwQS5xdWlja2ZpbmRlci1zdHlsZS12ZXJ0aWNhbCUyMC5xdWlja2ZpbmRlci1pdGVtLXRleHQlN0IlMEElMjAlMjAlMjAlMjBwYWRkaW5nLWJvdHRvbSUzQSUyMDgwcHglM0IlMEElN0QlMEEucXVpY2tmaW5kZXItc3R5bGUtdmVydGljYWwtMSUyMC5xdWlja2ZpbmRlci1pdGVtLWluZm8lN0IlMEElMjAlMjAlMjAlMjBiYWNrZ3JvdW5kLWNvbG9yJTNBJTIwdHJhbnNwYXJlbnQlM0IlMEElN0QlMEEucXVpY2tmaW5kZXItc3R5bGUtdmVydGljYWwtMSUyMC5xdWlja2ZpbmRlci1pdGVtLm9kZCUyMC5xdWlja2ZpbmRlci1pdGVtLWluZm8td3JhcHBlciU3QiUwQSUyMCUyMCUyMCUyMHBhZGRpbmctcmlnaHQlM0ElMjAwJTNCJTBBJTdEJTBBLnF1aWNrZmluZGVyLXN0eWxlLXZlcnRpY2FsLTElMjAucXVpY2tmaW5kZXItaXRlbS5ldmVuJTIwLnF1aWNrZmluZGVyLWl0ZW0taW5mby13cmFwcGVyJTdCJTBBJTIwJTIwJTIwJTIwcGFkZGluZy1sZWZ0JTNBJTIwMCUzQiUwQSU3RCUwQS5xZi1zdmctYXJyb3ctbGVmdCUyQyUwQS5xZi1zdmctYXJyb3ctcmlnaHQlN0IlMEElMjAlMjAlMjAlMjBmaWxsJTNBJTIwdHJhbnNwYXJlbnQlMEElN0QlMEEucXVpY2tmaW5kZXItc3R5bGUtdmVydGljYWwlMjAuZ2VtLWljb24uZ2VtLWljb24tc2hhcGUtaGV4YWdvbiU3QiUwQSUyMCUyMCUyMCUyMGJveC1zaGFkb3clM0ElMjBub25lJTIwJTIxaW1wb3J0YW50JTNCJTBBJTdEJTBBLmdlbS1pY29uLXNpemUtbGFyZ2UlN0IlMEElMjAlMjAlMjAlMjBmb250LXNpemUlM0ElMjA2NHB4JTNCJTBBJTdE&#8220;][vc_column css=&#8220;.vc_custom_1528795460075{padding-top: 0px !important;}&#8220;][vc_column_text css_animation=&#8220;bottom-to-top&#8220;]<\/p>\n<div class=\"title-h1\" style=\"text-align: center;\"><span style=\"color: #0f0f0f;\">Aluminium-Kokillengie\u00dfverfahren<\/span><\/div>\n<p>[\/vc_column_text][\/vc_column][\/vc_row][vc_row content_placement=&#8220;middle&#8220; custom_css_code=&#8220;LndwYl9jb2x1bW4lMjAudmNfY29sdW1uLWlubmVyJTIwJTdCJTBBJTIwJTIwJTIwJTIwYm9yZGVyLXJhZGl1cyUzQSUyMDIwcHglM0IlMEElN0Q=&#8220;][vc_column]<div class=\"clearboth\"><\/div><style>#thegem-divider-6a04b707caf48 {margin-top: 40px !important;}<\/style><div id=\"thegem-divider-6a04b707caf48\" class=\"gem-divider  \" style=\"\" ><\/div>[\/vc_column][vc_column offset=&#8220;vc_col-lg-6&#8243; css=&#8220;.vc_custom_1600292189343{padding-top: 0px !important;padding-right: 40px !important;}&#8220;][vc_column_text]Haben Sie ein langes Serienteil, mit minimalen Dicken oder ben\u00f6tigen Ihre Teile ein glatteres Finish?<\/p>\n<p>Dann empfehlen wir Ihnen, Aluminium- Kokillenguss. Die Kokillenform ist eine dauerhafte Metallform mit l\u00e4ngerer Lebensdauer.<\/p>\n<p>Vor dem Gie\u00dfen montieren wir die Formen auf hydraulische Maschinen und erhitzen sie. Damit wollen wir Porosit\u00e4ten und eine Explosion w\u00e4hrend des Gusses zu vermeiden.<\/p>\n<p>Ein Vorteil von Cofundi ist, dass wir in drei Schichten arbeiten, was ein kontinuierliches Gie\u00dfen erm\u00f6glicht. Das spart uns Zeit und erlaubt uns eine gr\u00f6\u00dfere Gie\u00dfkapazit\u00e4t.<\/p>\n<p>Wir gie\u00dfen ca. 300-15.000 St\u00fcck pro Monat, mit einem Gewicht zwischen 0,05 und 35 kg.<\/p>\n<p>Unsere f\u00fcnf Elektro\u00f6fen mit Entgasern sind ein weiteres Qualit\u00e4tsmerkmal von Cofundi.<\/p>\n<p>Diese \u00d6fen k\u00f6nnen zwischen 250 und 500 kg Aluminium aufnehmen und gew\u00e4hrleisten eine kontinuierliche Temperatur.\u00a0sodass die Schmelze nicht mit festen St\u00fccken verunreinigt wird.[\/vc_column_text][\/vc_column][vc_column css=&#8220;.vc_custom_1608557308960{margin-right: 21px !important;margin-left: 21px !important;padding-top: 0px !important;background-image: url(https:\/\/cofundi.com\/wp-content\/uploads\/2020\/11\/FotoJet-8-scaled.jpg?id=4523) !important;background-position: center !important;background-repeat: no-repeat !important;background-size: cover !important;}&#8220; offset=&#8220;vc_col-lg-6&#8243;]<div class=\"clearboth\"><\/div><style>#thegem-divider-6a04b707cafa2 {margin-bottom: 230px !important;}<\/style><div id=\"thegem-divider-6a04b707cafa2\" class=\"gem-divider  \" style=\"\" ><\/div>[vc_single_image image=&#8220;575&#8243; img_size=&#8220;full&#8220; alignment=&#8220;center&#8220; onclick=&#8220;custom_link&#8220; css_animation=&#8220;bottom-to-top&#8220; link=&#8220;javascript:;&#8220; el_class=&#8220;fancy&#8220;][vc_raw_js]JTNDc2NyaXB0JTNFJTBBJTBBdmFyJTIwcmVhZHklMjAlM0QlMjAlMjhjYWxsYmFjayUyOSUyMCUzRCUzRSUyMCU3QiUwQSUwOWlmJTIwJTI4ZG9jdW1lbnQucmVhZHlTdGF0ZSUyMCUyMSUzRCUyMCUyMmxvYWRpbmclMjIlMjklMjBjYWxsYmFjayUyOCUyOSUzQiUwQSUwOWVsc2UlMjBkb2N1bWVudC5hZGRFdmVudExpc3RlbmVyJTI4JTIyRE9NQ29udGVudExvYWRlZCUyMiUyQyUyMGNhbGxiYWNrJTI5JTNCJTBBJTdEJTNCJTBBJTBBcmVhZHklMjglMjglMjklMjAlM0QlM0UlMjAlN0IlMEElMDlpZiUyMCUyOGRvY3VtZW50LnF1ZXJ5U2VsZWN0b3IlMjglMjIlMjN2Y19pbmxpbmUtZnJhbWUlMjIlMjklMjklMjByZXR1cm4lM0IlMEElMEElMDl2YXIlMjBlbGVtJTIwJTNEJTIwZG9jdW1lbnQucXVlcnlTZWxlY3RvciUyOCUyMi5mYW5jeSUyMGElMjIlMjklM0IlMEElMDllbGVtLnNldEF0dHJpYnV0ZSUyOCUyN2RhdGEtZmFuY3lib3glMjclMkMlMjAlMjclMjclMjklM0IlMEElMDklMEElMDllbGVtLnNldEF0dHJpYnV0ZSUyOCUyN2RhdGEtc3JjJTI3JTJDJTIwJTI3aHR0cHMlM0ElMkYlMkZ3d3cueW91dHViZS5jb20lMkZ3YXRjaCUzRnYlM0Q5bzRJYkF1MFRZOCUyNyUyOSUzQiUwQSU3RCUyOSUzQiUwQSUwQSUzQyUyRnNjcmlwdCUzRQ==[\/vc_raw_js]<div class=\"clearboth\"><\/div><style>#thegem-divider-6a04b707cafda {margin-top: 230px !important;}<\/style><div id=\"thegem-divider-6a04b707cafda\" class=\"gem-divider  \" style=\"\" ><\/div>[\/vc_column][\/vc_row][vc_row content_placement=&#8220;top&#8220;][vc_column width=&#8220;1\/2&#8243;][vc_column_text]<span style=\"font-weight: 400;\">Unsere Anlagen umfassen:<\/span><\/p>\n<ul>\n<li><span style=\"font-weight: 400;\">3 Gas\u00f6fen mit einer Kapazit\u00e4t von 1.200 kg.<\/span><\/li>\n<li><span style=\"font-weight: 400;\">8 horizontale Schmelz\u00f6fen.<\/span><\/li>\n<li><span style=\"font-weight: 400;\">5 vertikale Schmelz\u00f6fen.<\/span><\/li>\n<li><span style=\"font-weight: 400;\">3 \u00d6fen mit 3 oder mehr Sch\u00e4chten.<\/span><\/li>\n<\/ul>\n<p>[\/vc_column_text][\/vc_column][vc_column width=&#8220;1\/2&#8243;][vc_column_text]<span style=\"font-weight: 400;\">In unserem Video erkl\u00e4ren wir noch einmal genau, wie der Gie\u00dfprozess in Kokillenform abl\u00e4uft. Schauen Sie doch mal vorbei.<\/span>[\/vc_column_text][\/vc_column][\/vc_row][vc_row full_width=&#8220;stretch_row&#8220; css=&#8220;.vc_custom_1586773707314{margin-bottom: 0px !important;background-color: #f0f4f6 !important;}&#8220;][vc_column]<div class=\"clearboth\"><\/div><style>#thegem-divider-6a04b707cb011 {margin-top: 40px !important;}<\/style><div id=\"thegem-divider-6a04b707cb011\" class=\"gem-divider  divider-hidden\" style=\"\" ><\/div>[vc_column_text css_animation=&#8220;fadeIn&#8220;]<\/p>\n<h2 style=\"text-align: center;\">UNSERE PROZESSE<\/h2>\n<p>[\/vc_column_text][vc_column_text css_animation=&#8220;bottom-to-top&#8220;]<\/p>\n<h4 style=\"text-align: center;\">Kokillen- und Sandformen<\/h4>\n<p>[\/vc_column_text]<div class=\"clearboth\"><\/div><style>#thegem-divider-6a04b707cb03e {margin-top: 80px !important;}<\/style><div id=\"thegem-divider-6a04b707cb03e\" class=\"gem-divider  divider-hidden\" style=\"\" ><\/div>[vc_row_inner equal_height=&#8220;yes&#8220; css=&#8220;.vc_custom_1586773716241{margin-bottom: 0px !important;background-color: #ffffff !important;}&#8220;][vc_column_inner width=&#8220;1\/3&#8243; css=&#8220;.vc_custom_1608556085048{margin-top: 0px !important;margin-bottom: 0px !important;padding-top: 0px !important;padding-bottom: 0px !important;background-image: url(https:\/\/cofundi.com\/wp-content\/uploads\/2020\/11\/FOTO2.jpg?id=4172) !important;background-position: center !important;background-repeat: no-repeat !important;background-size: cover !important;}&#8220;]<div class=\"clearboth\"><\/div><style>#thegem-divider-6a04b707cb06a {margin-top: 314px !important;}<\/style><div id=\"thegem-divider-6a04b707cb06a\" class=\"gem-divider  \" style=\"\" ><\/div>[\/vc_column_inner][vc_column_inner width=&#8220;1\/3&#8243; css=&#8220;.vc_custom_1501671397901{margin-bottom: 0px !important;padding-bottom: 0px !important;background-color: #ffffff !important;}&#8220;]<div class=\"clearboth\"><\/div><style>#thegem-divider-6a04b707cb096 {margin-top: 30px !important;}<\/style><div id=\"thegem-divider-6a04b707cb096\" class=\"gem-divider  \" style=\"\" ><\/div><div class=\"lazy-loading\" data-ll-item-delay=\"0\"><div class=\"gem-textbox  lazy-loading-item centered-box\"  data-ll-effect=\"move-up\" ><div class=\"gem-textbox-inner\" style=\"\"><div class=\"gem-textbox-content\" style=\"background-position: center top;padding-top: 20px;padding-bottom: 30px;\">[vc_column_text]<\/p>\n<h5 style=\"text-align: center;\">Manueller Sandguss<\/h5>\n<p>[\/vc_column_text][vc_separator color=&#8220;custom&#8220; border_width=&#8220;3&#8243; el_width=&#8220;30&#8243; accent_color=&#8220;#ff9900&#8243;]<div class=\"clearboth\"><\/div><style>#thegem-divider-6a04b707cb12b {margin-top: 30px !important;}<\/style><div id=\"thegem-divider-6a04b707cb12b\" class=\"gem-divider  \" style=\"\" ><\/div>[vc_column_text]<\/p>\n<p style=\"text-align: center;\"><span style=\"font-weight: 400;\">Der chemische Sandguss basiert auf dem Prinzip der &#8222;verlorenen Form&#8220; mit einem Dauermodell und wird haupts\u00e4chlich f\u00fcr Kleinserien oder Einzelteile eingesetzt. Das chemische Sandgussverfahren wird manuell durchgef\u00fchrt<\/span><\/p>\n<p>[\/vc_column_text]<div class=\"clearboth\"><\/div><style>#thegem-divider-6a04b707cb150 {margin-top: 30px !important;}<\/style><div id=\"thegem-divider-6a04b707cb150\" class=\"gem-divider  \" style=\"\" ><\/div><style type=\"text\/css\">.thegem-button-6a04b707cb1ec2639 .gem-button svg {fill: #0f0f0f;}.thegem-button-6a04b707cb1ec2639 .gem-button:hover svg {fill: #ffffff;}<\/style><div class=\"gem-button-container gem-button-position-center thegem-button-6a04b707cb1ec2639    \"  ><a title=\"Arena Qu\u00edmica\" class=\"gem-button gem-button-size-small gem-button-style-outline gem-button-text-weight-normal gem-button-border-2\" data-ll-effect=\"drop-right-without-wrap\" style=\"border-radius: 0px;border-color: #0f0f0f;color: #0f0f0f;\" onmouseleave=\"this.style.borderColor=&#039;#0f0f0f&#039;;this.style.backgroundColor=&#039;transparent&#039;;this.style.color=&#039;#0f0f0f&#039;;\" onmouseenter=\"this.style.borderColor=&#039;#0f0f0f&#039;;this.style.backgroundColor=&#039;#0f0f0f&#039;;this.style.color=&#039;#ffffff&#039;;\" href=\"https:\/\/cofundi.com\/de\/manueller-sandguss\/\" target=\"_self\" rel=\"nofollow noopener\">WEITER<\/a><\/div> <\/div><\/div><\/div><\/div>[\/vc_column_inner][vc_column_inner width=&#8220;1\/3&#8243; css=&#8220;.vc_custom_1608556111138{margin-top: 0px !important;margin-bottom: 0px !important;padding-top: 0px !important;padding-bottom: 0px !important;background-image: url(https:\/\/cofundi.com\/wp-content\/uploads\/2020\/11\/FOTO-4.jpg?id=4164) !important;background-position: center !important;background-repeat: no-repeat !important;background-size: cover !important;}&#8220;]<div class=\"clearboth\"><\/div><style>#thegem-divider-6a04b707cb251 {margin-top: 314px !important;}<\/style><div id=\"thegem-divider-6a04b707cb251\" class=\"gem-divider  \" style=\"\" ><\/div>[\/vc_column_inner][\/vc_row_inner][vc_row_inner equal_height=&#8220;yes&#8220; css=&#8220;.vc_custom_1586773721104{margin-bottom: 0px !important;background-color: #ffffff !important;}&#8220;][vc_column_inner width=&#8220;1\/3&#8243; css=&#8220;.vc_custom_1501158866510{margin-bottom: 0px !important;padding-bottom: 0px !important;background-color: #ffffff !important;background-position: center !important;background-repeat: no-repeat !important;background-size: cover !important;}&#8220;]<div class=\"clearboth\"><\/div><style>#thegem-divider-6a04b707cb27d {margin-top: 30px !important;}<\/style><div id=\"thegem-divider-6a04b707cb27d\" class=\"gem-divider  \" style=\"\" ><\/div><div class=\"lazy-loading\" data-ll-item-delay=\"0\"><div class=\"gem-textbox  lazy-loading-item centered-box\"  data-ll-effect=\"move-up\" ><div class=\"gem-textbox-inner\" style=\"\"><div class=\"gem-textbox-content\" style=\"background-position: center top;padding-top: 20px;padding-bottom: 30px;\">[vc_column_text]<\/p>\n<h5 style=\"text-align: center;\">Kokillenguss<\/h5>\n<p>[\/vc_column_text][vc_separator color=&#8220;custom&#8220; border_width=&#8220;3&#8243; el_width=&#8220;30&#8243; accent_color=&#8220;#ff9900&#8243;]<div class=\"clearboth\"><\/div><style>#thegem-divider-6a04b707cb2ee {margin-top: 30px !important;}<\/style><div id=\"thegem-divider-6a04b707cb2ee\" class=\"gem-divider  \" style=\"\" ><\/div>[vc_column_text]<\/p>\n<p style=\"text-align: center;\"><span style=\"font-weight: 400;\">Der Kokillenguss zeichnet sich durch seine dauerhafte Metallform aus. Diese Dauerform erm\u00f6glicht einen schnellen, wirtschaftlichen und qualitativ hochwertigen Guss.<\/span><\/p>\n<p>[\/vc_column_text]<div class=\"clearboth\"><\/div><style>#thegem-divider-6a04b707cb30f {margin-top: 30px !important;}<\/style><div id=\"thegem-divider-6a04b707cb30f\" class=\"gem-divider  \" style=\"\" ><\/div><style type=\"text\/css\">.thegem-button-6a04b707cb3727491 .gem-button svg {fill: #0f0f0f;}.thegem-button-6a04b707cb3727491 .gem-button:hover svg {fill: #ffffff;}<\/style><div class=\"gem-button-container gem-button-position-center thegem-button-6a04b707cb3727491    \"  ><a title=\"Coquilla\" class=\"gem-button gem-button-size-small gem-button-style-outline gem-button-text-weight-normal gem-button-border-2\" data-ll-effect=\"drop-right-without-wrap\" style=\"border-radius: 0px;border-color: #0f0f0f;color: #0f0f0f;\" onmouseleave=\"this.style.borderColor=&#039;#0f0f0f&#039;;this.style.backgroundColor=&#039;transparent&#039;;this.style.color=&#039;#0f0f0f&#039;;\" onmouseenter=\"this.style.borderColor=&#039;#0f0f0f&#039;;this.style.backgroundColor=&#039;#0f0f0f&#039;;this.style.color=&#039;#ffffff&#039;;\" href=\"https:\/\/cofundi.com\/de\/kokillenguss\/\" target=\"_self\" rel=\"nofollow noopener\">WEITER<\/a><\/div> <\/div><\/div><\/div><\/div>[\/vc_column_inner][vc_column_inner width=&#8220;1\/3&#8243; css=&#8220;.vc_custom_1608556134587{margin-top: 0px !important;margin-bottom: 0px !important;padding-top: 0px !important;padding-bottom: 0px !important;background-image: url(https:\/\/cofundi.com\/wp-content\/uploads\/2020\/11\/FOTO-3.jpg?id=4160) !important;background-position: center !important;background-repeat: no-repeat !important;background-size: cover !important;}&#8220;]<div class=\"clearboth\"><\/div><style>#thegem-divider-6a04b707cb3ae {margin-top: 314px !important;}<\/style><div id=\"thegem-divider-6a04b707cb3ae\" class=\"gem-divider  \" style=\"\" ><\/div>[\/vc_column_inner][vc_column_inner width=&#8220;1\/3&#8243; css=&#8220;.vc_custom_1501158887719{margin-bottom: 0px !important;padding-bottom: 0px !important;background-color: #ffffff !important;background-position: center !important;background-repeat: no-repeat !important;background-size: cover !important;}&#8220;]<div class=\"clearboth\"><\/div><style>#thegem-divider-6a04b707cb3d1 {margin-top: 30px !important;}<\/style><div id=\"thegem-divider-6a04b707cb3d1\" class=\"gem-divider  \" style=\"\" ><\/div><div class=\"lazy-loading\" data-ll-item-delay=\"0\"><div class=\"gem-textbox  lazy-loading-item centered-box\"  data-ll-effect=\"move-up\" ><div class=\"gem-textbox-inner\" style=\"\"><div class=\"gem-textbox-content\" style=\"background-position: center top;padding-top: 20px;padding-bottom: 30px;\">[vc_column_text]<\/p>\n<h5 style=\"text-align: center;\">Gr\u00fcnsandguss<\/h5>\n<p>[\/vc_column_text][vc_separator color=&#8220;custom&#8220; border_width=&#8220;3&#8243; el_width=&#8220;30&#8243; accent_color=&#8220;#ff9900&#8243;]<div class=\"clearboth\"><\/div><style>#thegem-divider-6a04b707cb434 {margin-top: 30px !important;}<\/style><div id=\"thegem-divider-6a04b707cb434\" class=\"gem-divider  \" style=\"\" ><\/div>[vc_column_text]<\/p>\n<p style=\"text-align: center;\"><span style=\"font-weight: 400;\">Der Gr\u00fcnsandguss erfolgt mit Hilfe eines Karussells und einem Gussroboter und geh\u00f6rt ebenfalls zur Gruppe der &#8222;verlorenen Formen&#8220;. Dieses Verfahren wird bei mittleren bis langen Serien und mittelgro\u00dfen Teilen angewandt<\/span><\/p>\n<p>[\/vc_column_text]<div class=\"clearboth\"><\/div><style>#thegem-divider-6a04b707cb455 {margin-top: 30px !important;}<\/style><div id=\"thegem-divider-6a04b707cb455\" class=\"gem-divider  \" style=\"\" ><\/div><style type=\"text\/css\">.thegem-button-6a04b707cb4aa7316 .gem-button svg {fill: #0f0f0f;}.thegem-button-6a04b707cb4aa7316 .gem-button:hover svg {fill: #ffffff;}<\/style><div class=\"gem-button-container gem-button-position-center thegem-button-6a04b707cb4aa7316    \"  ><a title=\"Arena verde\" class=\"gem-button gem-button-size-small gem-button-style-outline gem-button-text-weight-normal gem-button-border-2\" data-ll-effect=\"drop-right-without-wrap\" style=\"border-radius: 0px;border-color: #0f0f0f;color: #0f0f0f;\" onmouseleave=\"this.style.borderColor=&#039;#0f0f0f&#039;;this.style.backgroundColor=&#039;transparent&#039;;this.style.color=&#039;#0f0f0f&#039;;\" onmouseenter=\"this.style.borderColor=&#039;#0f0f0f&#039;;this.style.backgroundColor=&#039;#0f0f0f&#039;;this.style.color=&#039;#ffffff&#039;;\" href=\"https:\/\/cofundi.com\/de\/gruensand\/\" target=\"_self\" rel=\"nofollow noopener\">WEITER<\/a><\/div> <\/div><\/div><\/div><\/div>[\/vc_column_inner][\/vc_row_inner]<div class=\"clearboth\"><\/div><style>#thegem-divider-6a04b707cb4e0 {margin-top: 80px !important;}<\/style><div id=\"thegem-divider-6a04b707cb4e0\" class=\"gem-divider  divider-hidden\" style=\"\" ><\/div>[\/vc_column][\/vc_row]<\/p>\n<\/div>","protected":false},"excerpt":{"rendered":"<p>[vc_row full_width=&#8220;stretch_row&#8220; css=&#8220;.vc_custom_1599999579760{margin-bottom: 0px !important;}&#8220; custom_css_code=&#8220;LnF1aWNrZmluZGVyLWl0ZW0uZXZlbiUyMC5jb25uZWN0b3ItdG9wJTJDJTBBLnF1aWNrZmluZGVyLWl0ZW0uZXZlbiUyMC5jb25uZWN0b3ItYm90JTdCJTBBJTIwJTIwJTIwJTIwbGVmdCUzQSUyMC05MnB4JTIwJTIxaW1wb3J0YW50JTNCJTBBJTdEJTBBLnF1aWNrZmluZGVyLWl0ZW0ub2RkJTIwLmNvbm5lY3Rvci10b3AlMkMlMEEucXVpY2tmaW5kZXItaXRlbS5vZGQlMjAuY29ubmVjdG9yLWJvdCU3QiUwQSUyMCUyMCUyMCUyMHJpZ2h0JTNBJTIwLTkycHglMjAlMjFpbXBvcnRhbnQlM0IlMEElN0QlMEEucXVpY2tmaW5kZXItc3R5bGUtdmVydGljYWwlMjAucXVpY2tmaW5kZXItaXRlbS10aXRsZSU3QiUwQSUyMCUyMCUyMCUyMHBhZGRpbmctdG9wJTNBJTIwNjBweCUzQiUwQSU3RCUwQS5xdWlja2ZpbmRlci1zdHlsZS12ZXJ0aWNhbCUyMC5xdWlja2ZpbmRlci1pdGVtLXRleHQlN0IlMEElMjAlMjAlMjAlMjBwYWRkaW5nLWJvdHRvbSUzQSUyMDgwcHglM0IlMEElN0QlMEEucXVpY2tmaW5kZXItc3R5bGUtdmVydGljYWwtMSUyMC5xdWlja2ZpbmRlci1pdGVtLWluZm8lN0IlMEElMjAlMjAlMjAlMjBiYWNrZ3JvdW5kLWNvbG9yJTNBJTIwdHJhbnNwYXJlbnQlM0IlMEElN0QlMEEucXVpY2tmaW5kZXItc3R5bGUtdmVydGljYWwtMSUyMC5xdWlja2ZpbmRlci1pdGVtLm9kZCUyMC5xdWlja2ZpbmRlci1pdGVtLWluZm8td3JhcHBlciU3QiUwQSUyMCUyMCUyMCUyMHBhZGRpbmctcmlnaHQlM0ElMjAwJTNCJTBBJTdEJTBBLnF1aWNrZmluZGVyLXN0eWxlLXZlcnRpY2FsLTElMjAucXVpY2tmaW5kZXItaXRlbS5ldmVuJTIwLnF1aWNrZmluZGVyLWl0ZW0taW5mby13cmFwcGVyJTdCJTBBJTIwJTIwJTIwJTIwcGFkZGluZy1sZWZ0JTNBJTIwMCUzQiUwQSU3RCUwQS5xZi1zdmctYXJyb3ctbGVmdCUyQyUwQS5xZi1zdmctYXJyb3ctcmlnaHQlN0IlMEElMjAlMjAlMjAlMjBmaWxsJTNBJTIwdHJhbnNwYXJlbnQlMEElN0QlMEEucXVpY2tmaW5kZXItc3R5bGUtdmVydGljYWwlMjAuZ2VtLWljb24uZ2VtLWljb24tc2hhcGUtaGV4YWdvbiU3QiUwQSUyMCUyMCUyMCUyMGJveC1zaGFkb3clM0ElMjBub25lJTIwJTIxaW1wb3J0YW50JTNCJTBBJTdEJTBBLmdlbS1pY29uLXNpemUtbGFyZ2UlN0IlMEElMjAlMjAlMjAlMjBmb250LXNpemUlM0ElMjA2NHB4JTNCJTBBJTdE&#8220;][vc_column css=&#8220;.vc_custom_1528795460075{padding-top: 0px !important;}&#8220;][vc_column_text css_animation=&#8220;bottom-to-top&#8220;] Aluminium-Kokillengie\u00dfverfahren [\/vc_column_text][\/vc_column][\/vc_row][vc_row content_placement=&#8220;middle&#8220; custom_css_code=&#8220;LndwYl9jb2x1bW4lMjAudmNfY29sdW1uLWlubmVyJTIwJTdCJTBBJTIwJTIwJTIwJTIwYm9yZGVyLXJhZGl1cyUzQSUyMDIwcHglM0IlMEElN0Q=&#8220;][vc_column][\/vc_column][vc_column offset=&#8220;vc_col-lg-6&#8243; css=&#8220;.vc_custom_1600292189343{padding-top: 0px !important;padding-right: 40px !important;}&#8220;][vc_column_text]Haben&#8230;<\/p>\n","protected":false},"author":6,"featured_media":0,"parent":0,"menu_order":0,"comment_status":"closed","ping_status":"closed","template":"","meta":{"_acf_changed":false,"footnotes":""},"class_list":["post-5458","page","type-page","status-publish"],"acf":[],"_hostinger_reach_plugin_has_subscription_block":false,"_hostinger_reach_plugin_is_elementor":false,"_links":{"self":[{"href":"https:\/\/www.cofundi.com\/de\/wp-json\/wp\/v2\/pages\/5458","targetHints":{"allow":["GET"]}}],"collection":[{"href":"https:\/\/www.cofundi.com\/de\/wp-json\/wp\/v2\/pages"}],"about":[{"href":"https:\/\/www.cofundi.com\/de\/wp-json\/wp\/v2\/types\/page"}],"author":[{"embeddable":true,"href":"https:\/\/www.cofundi.com\/de\/wp-json\/wp\/v2\/users\/6"}],"replies":[{"embeddable":true,"href":"https:\/\/www.cofundi.com\/de\/wp-json\/wp\/v2\/comments?post=5458"}],"version-history":[{"count":0,"href":"https:\/\/www.cofundi.com\/de\/wp-json\/wp\/v2\/pages\/5458\/revisions"}],"wp:attachment":[{"href":"https:\/\/www.cofundi.com\/de\/wp-json\/wp\/v2\/media?parent=5458"}],"curies":[{"name":"wp","href":"https:\/\/api.w.org\/{rel}","templated":true}]}}