{"id":5379,"date":"2020-12-28T08:33:28","date_gmt":"2020-12-28T08:33:28","guid":{"rendered":"https:\/\/cofundi.com\/gruener-sand\/"},"modified":"2021-01-15T09:17:24","modified_gmt":"2021-01-15T09:17:24","slug":"gruensand","status":"publish","type":"page","link":"https:\/\/www.cofundi.com\/de\/gruensand\/","title":{"rendered":"Gr\u00fcnsandguss"},"content":{"rendered":"<div class=\"wpb-content-wrapper\"><p>[vc_row full_width=&#8220;stretch_row&#8220; css=&#8220;.vc_custom_1599999579760{margin-bottom: 0px !important;}&#8220; custom_css_code=&#8220;LnF1aWNrZmluZGVyLWl0ZW0uZXZlbiUyMC5jb25uZWN0b3ItdG9wJTJDJTBBLnF1aWNrZmluZGVyLWl0ZW0uZXZlbiUyMC5jb25uZWN0b3ItYm90JTdCJTBBJTIwJTIwJTIwJTIwbGVmdCUzQSUyMC05MnB4JTIwJTIxaW1wb3J0YW50JTNCJTBBJTdEJTBBLnF1aWNrZmluZGVyLWl0ZW0ub2RkJTIwLmNvbm5lY3Rvci10b3AlMkMlMEEucXVpY2tmaW5kZXItaXRlbS5vZGQlMjAuY29ubmVjdG9yLWJvdCU3QiUwQSUyMCUyMCUyMCUyMHJpZ2h0JTNBJTIwLTkycHglMjAlMjFpbXBvcnRhbnQlM0IlMEElN0QlMEEucXVpY2tmaW5kZXItc3R5bGUtdmVydGljYWwlMjAucXVpY2tmaW5kZXItaXRlbS10aXRsZSU3QiUwQSUyMCUyMCUyMCUyMHBhZGRpbmctdG9wJTNBJTIwNjBweCUzQiUwQSU3RCUwQS5xdWlja2ZpbmRlci1zdHlsZS12ZXJ0aWNhbCUyMC5xdWlja2ZpbmRlci1pdGVtLXRleHQlN0IlMEElMjAlMjAlMjAlMjBwYWRkaW5nLWJvdHRvbSUzQSUyMDgwcHglM0IlMEElN0QlMEEucXVpY2tmaW5kZXItc3R5bGUtdmVydGljYWwtMSUyMC5xdWlja2ZpbmRlci1pdGVtLWluZm8lN0IlMEElMjAlMjAlMjAlMjBiYWNrZ3JvdW5kLWNvbG9yJTNBJTIwdHJhbnNwYXJlbnQlM0IlMEElN0QlMEEucXVpY2tmaW5kZXItc3R5bGUtdmVydGljYWwtMSUyMC5xdWlja2ZpbmRlci1pdGVtLm9kZCUyMC5xdWlja2ZpbmRlci1pdGVtLWluZm8td3JhcHBlciU3QiUwQSUyMCUyMCUyMCUyMHBhZGRpbmctcmlnaHQlM0ElMjAwJTNCJTBBJTdEJTBBLnF1aWNrZmluZGVyLXN0eWxlLXZlcnRpY2FsLTElMjAucXVpY2tmaW5kZXItaXRlbS5ldmVuJTIwLnF1aWNrZmluZGVyLWl0ZW0taW5mby13cmFwcGVyJTdCJTBBJTIwJTIwJTIwJTIwcGFkZGluZy1sZWZ0JTNBJTIwMCUzQiUwQSU3RCUwQS5xZi1zdmctYXJyb3ctbGVmdCUyQyUwQS5xZi1zdmctYXJyb3ctcmlnaHQlN0IlMEElMjAlMjAlMjAlMjBmaWxsJTNBJTIwdHJhbnNwYXJlbnQlMEElN0QlMEEucXVpY2tmaW5kZXItc3R5bGUtdmVydGljYWwlMjAuZ2VtLWljb24uZ2VtLWljb24tc2hhcGUtaGV4YWdvbiU3QiUwQSUyMCUyMCUyMCUyMGJveC1zaGFkb3clM0ElMjBub25lJTIwJTIxaW1wb3J0YW50JTNCJTBBJTdEJTBBLmdlbS1pY29uLXNpemUtbGFyZ2UlN0IlMEElMjAlMjAlMjAlMjBmb250LXNpemUlM0ElMjA2NHB4JTNCJTBBJTdE&#8220;][vc_column css=&#8220;.vc_custom_1528795460075{padding-top: 0px !important;}&#8220;][vc_column_text css_animation=&#8220;bottom-to-top&#8220;]<\/p>\n<div class=\"title-h1\" style=\"text-align: center;\"><span style=\"color: #0f0f0f;\">Gr\u00fcnSANDGUSS<br \/>\n<\/span><\/div>\n<p>[\/vc_column_text][\/vc_column][\/vc_row][vc_row content_placement=&#8220;top&#8220; custom_css_code=&#8220;LndwYl9jb2x1bW4lMjAudmNfY29sdW1uLWlubmVyJTIwJTdCJTBBJTIwJTIwJTIwJTIwYm9yZGVyLXJhZGl1cyUzQSUyMDIwcHglM0IlMEElN0Q=&#8220;][vc_column]<div class=\"clearboth\"><\/div><style>#thegem-divider-6a04b79d40c87 {margin-top: 40px !important;}<\/style><div id=\"thegem-divider-6a04b79d40c87\" class=\"gem-divider  \" style=\"\" ><\/div>[\/vc_column][vc_column offset=&#8220;vc_col-lg-6&#8243; css=&#8220;.vc_custom_1600292189343{padding-top: 0px !important;padding-right: 40px !important;}&#8220;][vc_column_text]<\/p>\n<div class=\"title-h1 title-h5 styled-subtitle small-body title-h6\">GR\u00dcNSANDGUSS-VERFAHREN<\/div>\n<p>Beim Gr\u00fcnsandguss wird eine Mischung aus Sand mit nat\u00fcrlichen Bestandteilen, wie z. B. Bentonit, gepresst, um ihm Konsistenz und H\u00e4rte zu verleihen.<\/p>\n<p>Da wir qualitativ hochwertige Teile herstellen, kontrollieren wir die H\u00e4rte und Feuchtigkeit des Sandes vor dem Gie\u00dfen.<\/p>\n<p>Das Gie\u00dfen erfolgt auf einem Linienkarussell, wo Formen auf das Schwenkband gelegt werden, w\u00e4hrend das Gie\u00dfen von Hand oder mit einem Roboter erfolgt.<\/p>\n<p><span style=\"font-weight: 400;\">Das Gie\u00dfen erfolgt auf einem automatisierten Linien-Karussell, bei dem die Formen auf ein rotierendes Band gelegt werden, w\u00e4hrend das Gie\u00dfen per Roboter oder manuell erfolgt.<\/span><\/p>\n<p><span style=\"font-weight: 400;\">Die Tatsache, dass die Produktion halbautomatisch ist, und wir die Teile schneller aus der Sandform holen k\u00f6nnen, werden mit diesem Verfahren meistens mittlere oder lange Serien gegossen.<\/span><\/p>\n<p><span style=\"font-weight: 400;\">Wenn Sie mehr \u00fcber diesen Prozess erfahren m\u00f6chten, empfehlen wir Ihnen, sich unsere Videos anzusehen oder einen unser Vertriebsteam zu kontaktieren.<\/span>[\/vc_column_text]<div class=\"clearboth\"><\/div><div id=\"thegem-divider-6a04b79d40cc6\" class=\"gem-divider  \" style=\"\" ><\/div>[\/vc_column][vc_column css=&#8220;.vc_custom_1608730053435{margin-right: 21px !important;margin-left: 21px !important;padding-top: 0px !important;background-image: url(https:\/\/cofundi.com\/wp-content\/uploads\/2020\/09\/PRODUCTION.png?id=3542) !important;background-position: center !important;background-repeat: no-repeat !important;background-size: cover !important;}&#8220; offset=&#8220;vc_col-lg-6&#8243;]<div class=\"clearboth\"><\/div><style>#thegem-divider-6a04b79d40cf0 {margin-top: 230px !important;}<\/style><div id=\"thegem-divider-6a04b79d40cf0\" class=\"gem-divider  \" style=\"\" ><\/div>[vc_single_image image=&#8220;575&#8243; img_size=&#8220;full&#8220; alignment=&#8220;center&#8220; onclick=&#8220;custom_link&#8220; css_animation=&#8220;bottom-to-top&#8220; link=&#8220;javascript:;&#8220; el_class=&#8220;fancy&#8220;][vc_raw_js]JTNDc2NyaXB0JTNFJTBBJTBBdmFyJTIwcmVhZHklMjAlM0QlMjAlMjhjYWxsYmFjayUyOSUyMCUzRCUzRSUyMCU3QiUwQSUwOWlmJTIwJTI4ZG9jdW1lbnQucmVhZHlTdGF0ZSUyMCUyMSUzRCUyMCUyMmxvYWRpbmclMjIlMjklMjBjYWxsYmFjayUyOCUyOSUzQiUwQSUwOWVsc2UlMjBkb2N1bWVudC5hZGRFdmVudExpc3RlbmVyJTI4JTIyRE9NQ29udGVudExvYWRlZCUyMiUyQyUyMGNhbGxiYWNrJTI5JTNCJTBBJTdEJTNCJTBBJTBBcmVhZHklMjglMjglMjklMjAlM0QlM0UlMjAlN0IlMEElMDlpZiUyMCUyOGRvY3VtZW50LnF1ZXJ5U2VsZWN0b3IlMjglMjIlMjN2Y19pbmxpbmUtZnJhbWUlMjIlMjklMjklMjByZXR1cm4lM0IlMEElMEElMDl2YXIlMjBlbGVtJTIwJTNEJTIwZG9jdW1lbnQucXVlcnlTZWxlY3RvciUyOCUyMi5mYW5jeSUyMGElMjIlMjklM0IlMEElMDllbGVtLnNldEF0dHJpYnV0ZSUyOCUyN2RhdGEtZmFuY3lib3glMjclMkMlMjAlMjclMjclMjklM0IlMEElMDklMEElMDllbGVtLnNldEF0dHJpYnV0ZSUyOCUyN2RhdGEtc3JjJTI3JTJDJTIwJTI3aHR0cHMlM0ElMkYlMkZ3d3cueW91dHViZS5jb20lMkZ3YXRjaCUzRnYlM0REWHZnOU5naTdpTSUyNyUyOSUzQiUwQSU3RCUyOSUzQiUwQSUwQSUzQyUyRnNjcmlwdCUzRQ==[\/vc_raw_js]<div class=\"clearboth\"><\/div><style>#thegem-divider-6a04b79d40d11 {margin-top: 230px !important;}<\/style><div id=\"thegem-divider-6a04b79d40d11\" class=\"gem-divider  \" style=\"\" ><\/div>[\/vc_column][\/vc_row][vc_row][vc_column width=&#8220;1\/2&#8243;][vc_column_text]<span style=\"font-weight: 400;\">Zu<\/span> <b> den Einrichtungen <span style=\"font-weight: 400;\">im gr\u00fcnen Sandgussverfahren<\/span> <b> <span style=\"font-weight: 400;\">geh\u00f6ren:<\/span><\/b><\/b><\/p>\n<ul>\n<li><span style=\"font-weight: 400;\">1 modernes Gusskarussell mit einer Produktionskapazit\u00e4t von 750 St\u00fcck pro Tag<\/span><\/li>\n<li><span style=\"font-weight: 400;\">2 verschiedene Boxgr\u00f6\u00dfen von 450 x 500 und 600 x 950<\/span><\/li>\n<li><span style=\"font-weight: 400;\">1 Schmelz- und Warmhalteofen<\/span><\/li>\n<li><span style=\"font-weight: 400;\">1 integrierter Roboterarm (ABB)<\/span><\/li>\n<\/ul>\n<p>[\/vc_column_text][\/vc_column][vc_column width=&#8220;1\/2&#8243;][vc_column_text]<span style=\"font-weight: 400;\">Zu<\/span> <b> den Einrichtungen <span style=\"font-weight: 400;\">im Sandformbereich<\/span> <b> <span style=\"font-weight: 400;\">geh\u00f6ren:<\/span><\/b><\/b><\/p>\n<ul>\n<li><span style=\"font-weight: 400;\">4 Gas\u00f6fen (1 800 kg, 2 600 kg und ein 300 kg)<\/span><\/li>\n<li><span style=\"font-weight: 400;\">1 elektrischer Kippofen (300 kg)<\/span><\/li>\n<li><span style=\"font-weight: 400;\">1 Sandkernschie\u00dfmaschine<\/span><\/li>\n<li><span style=\"font-weight: 400;\">1 Kaltsandstrahlanlage f\u00fcr gro\u00dfe Teile<\/span><\/li>\n<li><span style=\"font-weight: 400;\">1 Prim\u00e4r- und Sekund\u00e4r-Attritionsr\u00fcckgewinnungsmaschine mit 5 t\/Stunde<\/span><\/li>\n<\/ul>\n<p>[\/vc_column_text][\/vc_column][\/vc_row][vc_row full_width=&#8220;stretch_row&#8220; css=&#8220;.vc_custom_1586773707314{margin-bottom: 0px !important;background-color: #f0f4f6 !important;}&#8220;][vc_column]<div class=\"clearboth\"><\/div><style>#thegem-divider-6a04b79d40d32 {margin-top: 40px !important;}<\/style><div id=\"thegem-divider-6a04b79d40d32\" class=\"gem-divider  divider-hidden\" style=\"\" ><\/div>[vc_column_text css_animation=&#8220;fadeIn&#8220;]<\/p>\n<h2 style=\"text-align: center;\">UNSERE Verfahren<\/h2>\n<p>[\/vc_column_text][vc_column_text css_animation=&#8220;bottom-to-top&#8220;]<\/p>\n<h4 style=\"text-align: center;\">Kokillen- &amp; Sandformen<\/h4>\n<p>[\/vc_column_text]<div class=\"clearboth\"><\/div><style>#thegem-divider-6a04b79d40d4f {margin-top: 80px !important;}<\/style><div id=\"thegem-divider-6a04b79d40d4f\" class=\"gem-divider  divider-hidden\" style=\"\" ><\/div>[vc_row_inner equal_height=&#8220;yes&#8220; css=&#8220;.vc_custom_1586773716241{margin-bottom: 0px !important;background-color: #ffffff !important;}&#8220;][vc_column_inner width=&#8220;1\/3&#8243; css=&#8220;.vc_custom_1608560847244{margin-top: 0px !important;margin-bottom: 0px !important;padding-top: 0px !important;padding-bottom: 0px !important;background-image: url(https:\/\/cofundi.com\/wp-content\/uploads\/2020\/11\/FOTO2.jpg?id=4172) !important;background-position: center !important;background-repeat: no-repeat !important;background-size: cover !important;}&#8220;]<div class=\"clearboth\"><\/div><style>#thegem-divider-6a04b79d40d6a {margin-top: 314px !important;}<\/style><div id=\"thegem-divider-6a04b79d40d6a\" class=\"gem-divider  \" style=\"\" ><\/div>[\/vc_column_inner][vc_column_inner width=&#8220;1\/3&#8243; css=&#8220;.vc_custom_1501671397901{margin-bottom: 0px !important;padding-bottom: 0px !important;background-color: #ffffff !important;}&#8220;]<div class=\"clearboth\"><\/div><style>#thegem-divider-6a04b79d40d83 {margin-top: 30px !important;}<\/style><div id=\"thegem-divider-6a04b79d40d83\" class=\"gem-divider  \" style=\"\" ><\/div><div class=\"lazy-loading\" data-ll-item-delay=\"0\"><div class=\"gem-textbox  lazy-loading-item centered-box\"  data-ll-effect=\"move-up\" ><div class=\"gem-textbox-inner\" style=\"\"><div class=\"gem-textbox-content\" style=\"background-position: center top;padding-top: 20px;padding-bottom: 30px;\">[vc_column_text]<\/p>\n<h5 style=\"text-align: center;\">Manueller Sandguss<\/h5>\n<p>[\/vc_column_text][vc_separator color=&#8220;custom&#8220; border_width=&#8220;3&#8243; el_width=&#8220;30&#8243; accent_color=&#8220;#ff9900&#8243;]<div class=\"clearboth\"><\/div><style>#thegem-divider-6a04b79d40df0 {margin-top: 30px !important;}<\/style><div id=\"thegem-divider-6a04b79d40df0\" class=\"gem-divider  \" style=\"\" ><\/div>[vc_column_text]<\/p>\n<p style=\"text-align: center;\"><span style=\"font-weight: 400;\">Der chemische Sandguss basiert auf dem Prinzip der &#8222;verlorenen Form&#8220; mit einem Dauermodell und wird haupts\u00e4chlich f\u00fcr Kleinserien oder Einzelteile eingesetzt. Das chemische Sandgussverfahren wird manuell durchgef\u00fchrt<\/span><\/p>\n<p>[\/vc_column_text]<div class=\"clearboth\"><\/div><style>#thegem-divider-6a04b79d40e09 {margin-top: 30px !important;}<\/style><div id=\"thegem-divider-6a04b79d40e09\" class=\"gem-divider  \" style=\"\" ><\/div><style type=\"text\/css\">.thegem-button-6a04b79d40e768623 .gem-button svg {fill: #0f0f0f;}.thegem-button-6a04b79d40e768623 .gem-button:hover svg {fill: #ffffff;}<\/style><div class=\"gem-button-container gem-button-position-center thegem-button-6a04b79d40e768623    \"  ><a title=\"Arena Qu\u00edmica\" class=\"gem-button gem-button-size-small gem-button-style-outline gem-button-text-weight-normal gem-button-border-2\" data-ll-effect=\"drop-right-without-wrap\" style=\"border-radius: 0px;border-color: #0f0f0f;color: #0f0f0f;\" onmouseleave=\"this.style.borderColor=&#039;#0f0f0f&#039;;this.style.backgroundColor=&#039;transparent&#039;;this.style.color=&#039;#0f0f0f&#039;;\" onmouseenter=\"this.style.borderColor=&#039;#0f0f0f&#039;;this.style.backgroundColor=&#039;#0f0f0f&#039;;this.style.color=&#039;#ffffff&#039;;\" href=\"https:\/\/cofundi.com\/de\/manueller-sandguss\/\" target=\"_self\" rel=\"nofollow noopener\">WEITER<\/a><\/div> <\/div><\/div><\/div><\/div>[\/vc_column_inner][vc_column_inner width=&#8220;1\/3&#8243; css=&#8220;.vc_custom_1608560937083{margin-top: 0px !important;margin-bottom: 0px !important;padding-top: 0px !important;padding-bottom: 0px !important;background-image: url(https:\/\/cofundi.com\/wp-content\/uploads\/2020\/11\/FOTO-4.jpg?id=4164) !important;background-position: center !important;background-repeat: no-repeat !important;background-size: cover !important;}&#8220;]<div class=\"clearboth\"><\/div><style>#thegem-divider-6a04b79d40ed6 {margin-top: 314px !important;}<\/style><div id=\"thegem-divider-6a04b79d40ed6\" class=\"gem-divider  \" style=\"\" ><\/div>[\/vc_column_inner][\/vc_row_inner][vc_row_inner equal_height=&#8220;yes&#8220; css=&#8220;.vc_custom_1586773721104{margin-bottom: 0px !important;background-color: #ffffff !important;}&#8220;][vc_column_inner width=&#8220;1\/3&#8243; css=&#8220;.vc_custom_1501158866510{margin-bottom: 0px !important;padding-bottom: 0px !important;background-color: #ffffff !important;background-position: center !important;background-repeat: no-repeat !important;background-size: cover !important;}&#8220;]<div class=\"clearboth\"><\/div><style>#thegem-divider-6a04b79d40efb {margin-top: 30px !important;}<\/style><div id=\"thegem-divider-6a04b79d40efb\" class=\"gem-divider  \" style=\"\" ><\/div><div class=\"lazy-loading\" data-ll-item-delay=\"0\"><div class=\"gem-textbox  lazy-loading-item centered-box\"  data-ll-effect=\"move-up\" ><div class=\"gem-textbox-inner\" style=\"\"><div class=\"gem-textbox-content\" style=\"background-position: center top;padding-top: 20px;padding-bottom: 30px;\">[vc_column_text]<\/p>\n<h5 style=\"text-align: center;\">Kokillenguss<\/h5>\n<p>[\/vc_column_text][vc_separator color=&#8220;custom&#8220; border_width=&#8220;3&#8243; el_width=&#8220;30&#8243; accent_color=&#8220;#ff9900&#8243;]<div class=\"clearboth\"><\/div><style>#thegem-divider-6a04b79d40f4c {margin-top: 30px !important;}<\/style><div id=\"thegem-divider-6a04b79d40f4c\" class=\"gem-divider  \" style=\"\" ><\/div>[vc_column_text]<\/p>\n<p style=\"text-align: center;\"><span style=\"font-weight: 400;\">Der Kokillenguss zeichnet sich durch seine dauerhafte Metallform aus. Diese Dauerform erm\u00f6glicht einen schnellen, wirtschaftlichen und qualitativ hochwertigen Guss.<\/span><\/p>\n<p>[\/vc_column_text]<div class=\"clearboth\"><\/div><style>#thegem-divider-6a04b79d40f6f {margin-top: 30px !important;}<\/style><div id=\"thegem-divider-6a04b79d40f6f\" class=\"gem-divider  \" style=\"\" ><\/div><style type=\"text\/css\">.thegem-button-6a04b79d40fcf259 .gem-button svg {fill: #0f0f0f;}.thegem-button-6a04b79d40fcf259 .gem-button:hover svg {fill: #ffffff;}<\/style><div class=\"gem-button-container gem-button-position-center thegem-button-6a04b79d40fcf259    \"  ><a title=\"Coquilla\" class=\"gem-button gem-button-size-small gem-button-style-outline gem-button-text-weight-normal gem-button-border-2\" data-ll-effect=\"drop-right-without-wrap\" style=\"border-radius: 0px;border-color: #0f0f0f;color: #0f0f0f;\" onmouseleave=\"this.style.borderColor=&#039;#0f0f0f&#039;;this.style.backgroundColor=&#039;transparent&#039;;this.style.color=&#039;#0f0f0f&#039;;\" onmouseenter=\"this.style.borderColor=&#039;#0f0f0f&#039;;this.style.backgroundColor=&#039;#0f0f0f&#039;;this.style.color=&#039;#ffffff&#039;;\" href=\"https:\/\/cofundi.com\/de\/kokillenguss\/\" target=\"_self\" rel=\"nofollow noopener\">WEITER<\/a><\/div> <\/div><\/div><\/div><\/div>[\/vc_column_inner][vc_column_inner width=&#8220;1\/3&#8243; css=&#8220;.vc_custom_1608560912156{margin-top: 0px !important;margin-bottom: 0px !important;padding-top: 0px !important;padding-bottom: 0px !important;background-image: url(https:\/\/cofundi.com\/wp-content\/uploads\/2020\/10\/FOTO-3.jpg?id=4101) !important;background-position: center !important;background-repeat: no-repeat !important;background-size: cover !important;}&#8220;]<div class=\"clearboth\"><\/div><style>#thegem-divider-6a04b79d41009 {margin-top: 314px !important;}<\/style><div id=\"thegem-divider-6a04b79d41009\" class=\"gem-divider  \" style=\"\" ><\/div>[\/vc_column_inner][vc_column_inner width=&#8220;1\/3&#8243; css=&#8220;.vc_custom_1501158887719{margin-bottom: 0px !important;padding-bottom: 0px !important;background-color: #ffffff !important;background-position: center !important;background-repeat: no-repeat !important;background-size: cover !important;}&#8220;]<div class=\"clearboth\"><\/div><style>#thegem-divider-6a04b79d41023 {margin-top: 30px !important;}<\/style><div id=\"thegem-divider-6a04b79d41023\" class=\"gem-divider  \" style=\"\" ><\/div><div class=\"lazy-loading\" data-ll-item-delay=\"0\"><div class=\"gem-textbox  lazy-loading-item centered-box\"  data-ll-effect=\"move-up\" ><div class=\"gem-textbox-inner\" style=\"\"><div class=\"gem-textbox-content\" style=\"background-position: center top;padding-top: 20px;padding-bottom: 30px;\">[vc_column_text]<\/p>\n<h5 style=\"text-align: center;\">Gr\u00fcnsandguss<\/h5>\n<p>[\/vc_column_text][vc_separator color=&#8220;custom&#8220; border_width=&#8220;3&#8243; el_width=&#8220;30&#8243; accent_color=&#8220;#ff9900&#8243;]<div class=\"clearboth\"><\/div><style>#thegem-divider-6a04b79d41070 {margin-top: 30px !important;}<\/style><div id=\"thegem-divider-6a04b79d41070\" class=\"gem-divider  \" style=\"\" ><\/div>[vc_column_text]<\/p>\n<p style=\"text-align: center;\"><span style=\"font-weight: 400;\">Der Gr\u00fcnsandguss erfolgt mit Hilfe eines Karussells und einem Gussroboter und geh\u00f6rt ebenfalls zur Gruppe der &#8222;verlorenen Formen&#8220;. Dieses Verfahren wird bei mittleren bis langen Serien und mittelgro\u00dfen Teilen angewandt<\/span><\/p>\n<p>[\/vc_column_text]<div class=\"clearboth\"><\/div><style>#thegem-divider-6a04b79d41086 {margin-top: 30px !important;}<\/style><div id=\"thegem-divider-6a04b79d41086\" class=\"gem-divider  \" style=\"\" ><\/div><style type=\"text\/css\">.thegem-button-6a04b79d410ce2610 .gem-button svg {fill: #0f0f0f;}.thegem-button-6a04b79d410ce2610 .gem-button:hover svg {fill: #ffffff;}<\/style><div class=\"gem-button-container gem-button-position-center thegem-button-6a04b79d410ce2610    \"  ><a title=\"Arena verde\" class=\"gem-button gem-button-size-small gem-button-style-outline gem-button-text-weight-normal gem-button-border-2\" data-ll-effect=\"drop-right-without-wrap\" style=\"border-radius: 0px;border-color: #0f0f0f;color: #0f0f0f;\" onmouseleave=\"this.style.borderColor=&#039;#0f0f0f&#039;;this.style.backgroundColor=&#039;transparent&#039;;this.style.color=&#039;#0f0f0f&#039;;\" onmouseenter=\"this.style.borderColor=&#039;#0f0f0f&#039;;this.style.backgroundColor=&#039;#0f0f0f&#039;;this.style.color=&#039;#ffffff&#039;;\" href=\"https:\/\/cofundi.com\/de\/gruensand\/\" target=\"_self\" rel=\"nofollow noopener\">WEITER<\/a><\/div> <\/div><\/div><\/div><\/div>[\/vc_column_inner][\/vc_row_inner]<div class=\"clearboth\"><\/div><style>#thegem-divider-6a04b79d410fb {margin-top: 80px !important;}<\/style><div id=\"thegem-divider-6a04b79d410fb\" class=\"gem-divider  divider-hidden\" style=\"\" ><\/div>[\/vc_column][\/vc_row]<\/p>\n<\/div>","protected":false},"excerpt":{"rendered":"<p>[vc_row full_width=&#8220;stretch_row&#8220; css=&#8220;.vc_custom_1599999579760{margin-bottom: 0px !important;}&#8220; custom_css_code=&#8220;LnF1aWNrZmluZGVyLWl0ZW0uZXZlbiUyMC5jb25uZWN0b3ItdG9wJTJDJTBBLnF1aWNrZmluZGVyLWl0ZW0uZXZlbiUyMC5jb25uZWN0b3ItYm90JTdCJTBBJTIwJTIwJTIwJTIwbGVmdCUzQSUyMC05MnB4JTIwJTIxaW1wb3J0YW50JTNCJTBBJTdEJTBBLnF1aWNrZmluZGVyLWl0ZW0ub2RkJTIwLmNvbm5lY3Rvci10b3AlMkMlMEEucXVpY2tmaW5kZXItaXRlbS5vZGQlMjAuY29ubmVjdG9yLWJvdCU3QiUwQSUyMCUyMCUyMCUyMHJpZ2h0JTNBJTIwLTkycHglMjAlMjFpbXBvcnRhbnQlM0IlMEElN0QlMEEucXVpY2tmaW5kZXItc3R5bGUtdmVydGljYWwlMjAucXVpY2tmaW5kZXItaXRlbS10aXRsZSU3QiUwQSUyMCUyMCUyMCUyMHBhZGRpbmctdG9wJTNBJTIwNjBweCUzQiUwQSU3RCUwQS5xdWlja2ZpbmRlci1zdHlsZS12ZXJ0aWNhbCUyMC5xdWlja2ZpbmRlci1pdGVtLXRleHQlN0IlMEElMjAlMjAlMjAlMjBwYWRkaW5nLWJvdHRvbSUzQSUyMDgwcHglM0IlMEElN0QlMEEucXVpY2tmaW5kZXItc3R5bGUtdmVydGljYWwtMSUyMC5xdWlja2ZpbmRlci1pdGVtLWluZm8lN0IlMEElMjAlMjAlMjAlMjBiYWNrZ3JvdW5kLWNvbG9yJTNBJTIwdHJhbnNwYXJlbnQlM0IlMEElN0QlMEEucXVpY2tmaW5kZXItc3R5bGUtdmVydGljYWwtMSUyMC5xdWlja2ZpbmRlci1pdGVtLm9kZCUyMC5xdWlja2ZpbmRlci1pdGVtLWluZm8td3JhcHBlciU3QiUwQSUyMCUyMCUyMCUyMHBhZGRpbmctcmlnaHQlM0ElMjAwJTNCJTBBJTdEJTBBLnF1aWNrZmluZGVyLXN0eWxlLXZlcnRpY2FsLTElMjAucXVpY2tmaW5kZXItaXRlbS5ldmVuJTIwLnF1aWNrZmluZGVyLWl0ZW0taW5mby13cmFwcGVyJTdCJTBBJTIwJTIwJTIwJTIwcGFkZGluZy1sZWZ0JTNBJTIwMCUzQiUwQSU3RCUwQS5xZi1zdmctYXJyb3ctbGVmdCUyQyUwQS5xZi1zdmctYXJyb3ctcmlnaHQlN0IlMEElMjAlMjAlMjAlMjBmaWxsJTNBJTIwdHJhbnNwYXJlbnQlMEElN0QlMEEucXVpY2tmaW5kZXItc3R5bGUtdmVydGljYWwlMjAuZ2VtLWljb24uZ2VtLWljb24tc2hhcGUtaGV4YWdvbiU3QiUwQSUyMCUyMCUyMCUyMGJveC1zaGFkb3clM0ElMjBub25lJTIwJTIxaW1wb3J0YW50JTNCJTBBJTdEJTBBLmdlbS1pY29uLXNpemUtbGFyZ2UlN0IlMEElMjAlMjAlMjAlMjBmb250LXNpemUlM0ElMjA2NHB4JTNCJTBBJTdE&#8220;][vc_column css=&#8220;.vc_custom_1528795460075{padding-top: 0px !important;}&#8220;][vc_column_text css_animation=&#8220;bottom-to-top&#8220;] Gr\u00fcnSANDGUSS [\/vc_column_text][\/vc_column][\/vc_row][vc_row content_placement=&#8220;top&#8220; custom_css_code=&#8220;LndwYl9jb2x1bW4lMjAudmNfY29sdW1uLWlubmVyJTIwJTdCJTBBJTIwJTIwJTIwJTIwYm9yZGVyLXJhZGl1cyUzQSUyMDIwcHglM0IlMEElN0Q=&#8220;][vc_column][\/vc_column][vc_column offset=&#8220;vc_col-lg-6&#8243; css=&#8220;.vc_custom_1600292189343{padding-top: 0px !important;padding-right: 40px !important;}&#8220;][vc_column_text]&#8230;<\/p>\n","protected":false},"author":6,"featured_media":0,"parent":0,"menu_order":0,"comment_status":"closed","ping_status":"closed","template":"","meta":{"_acf_changed":false,"footnotes":""},"class_list":["post-5379","page","type-page","status-publish"],"acf":[],"_hostinger_reach_plugin_has_subscription_block":false,"_hostinger_reach_plugin_is_elementor":false,"_links":{"self":[{"href":"https:\/\/www.cofundi.com\/de\/wp-json\/wp\/v2\/pages\/5379","targetHints":{"allow":["GET"]}}],"collection":[{"href":"https:\/\/www.cofundi.com\/de\/wp-json\/wp\/v2\/pages"}],"about":[{"href":"https:\/\/www.cofundi.com\/de\/wp-json\/wp\/v2\/types\/page"}],"author":[{"embeddable":true,"href":"https:\/\/www.cofundi.com\/de\/wp-json\/wp\/v2\/users\/6"}],"replies":[{"embeddable":true,"href":"https:\/\/www.cofundi.com\/de\/wp-json\/wp\/v2\/comments?post=5379"}],"version-history":[{"count":0,"href":"https:\/\/www.cofundi.com\/de\/wp-json\/wp\/v2\/pages\/5379\/revisions"}],"wp:attachment":[{"href":"https:\/\/www.cofundi.com\/de\/wp-json\/wp\/v2\/media?parent=5379"}],"curies":[{"name":"wp","href":"https:\/\/api.w.org\/{rel}","templated":true}]}}